{"id":290620,"date":"2025-07-31T12:00:25","date_gmt":"2025-07-31T10:00:25","guid":{"rendered":"https:\/\/www.huntersfriend.eu\/product\/sitka-ambient-200-jacke\/"},"modified":"2025-09-23T12:36:15","modified_gmt":"2025-09-23T10:36:15","slug":"sitka-ambient-200-jacke","status":"publish","type":"product","link":"https:\/\/www.huntersfriend.eu\/de\/produkt\/sitka-ambient-200-jacke\/","title":{"rendered":"SITKA Ambient 200 Jacke"},"content":{"rendered":"<p>Die Ambient 200 Jacke ist die w\u00e4rmste Option in unserer Ambient-Linie aktiver Isolierung. 200 g PrimaLoft\u00ae Evolve Isolierung stoppen die K\u00e4lte und bieten gleichzeitig eine unvergleichliche Atmungsaktivit\u00e4t, w\u00e4hrend Sie in Bewegung sind. Eine dauerhaft wasserabweisende Beschichtung h\u00e4lt m\u00e4\u00dfigem Regen und Schnee stand, und ein 20D Ripstop-Obermaterial meistert m\u00fchelos dichte Vegetation. Durchgehender Rei\u00dfverschluss f\u00fcr einfaches Layering und Rei\u00dfverschluss-Hand- und Brusttaschen, um Wertsachen sicher zu verstauen.   <\/p>\n<p>200 g PrimaLoft Evolve Aktivisolierung ist weich, warm und atmungsaktiv<\/p>\n<p>Strapazierf\u00e4higes 20D Ripstop-Nylon-Obermaterial<\/p>\n<p>Dauerhaft wasserabweisende Beschichtung weist leichten Niederschlag ab<\/p>\n<p>Mechanischer Stretch verbessert die Bewegungsfreiheit<\/p>\n<p>Durchgehender Frontrei\u00dfverschluss<\/p>\n<p>Rei\u00dfverschluss-Hand- und Brusttaschen<\/p>\n","protected":false},"excerpt":{"rendered":"<p>Die Ambient 200 Jacke ist die w\u00e4rmste Option in unserer Ambient-Linie aktiver Isolierung. 200 g PrimaLoft\u00ae Evolve Isolierung stoppen die K\u00e4lte und bieten gleichzeitig eine unvergleichliche Atmungsaktivit\u00e4t, w\u00e4hrend Sie in Bewegung sind. Eine dauerhaft wasserabweisende Beschichtung h\u00e4lt m\u00e4\u00dfigem Regen und Schnee stand, und ein 20D Ripstop-Obermaterial meistert m\u00fchelos dichte Vegetation. Durchgehender Rei\u00dfverschluss f\u00fcr einfaches Layering [&#8230;]\n","protected":false},"featured_media":290173,"comment_status":"open","ping_status":"closed","template":"","meta":[],"product_brand":[],"product_cat":[16],"product_tag":[],"class_list":{"0":"post-290620","1":"product","2":"type-product","3":"status-publish","4":"has-post-thumbnail","6":"product_cat-uncategorized","8":"first","9":"instock","10":"taxable","11":"shipping-taxable","12":"purchasable","13":"product-type-variable"},"composite_virtual":false,"composite_layout":"","composite_add_to_cart_form_location":"","composite_editable_in_cart":false,"composite_sold_individually_context":"","composite_shop_price_calc":"","composite_components":[],"composite_scenarios":[],"group_of_quantity":0,"min_quantity":0,"max_quantity":"","exclude_order_quantity_value_rules":"no","exclude_category_quantity_rules":"no","combine_variations":"no","exclude_global_add_ons":[],"addons":[],"_links":{"self":[{"href":"https:\/\/www.huntersfriend.eu\/de\/wp-json\/wp\/v2\/product\/290620","targetHints":{"allow":["GET"]}}],"collection":[{"href":"https:\/\/www.huntersfriend.eu\/de\/wp-json\/wp\/v2\/product"}],"about":[{"href":"https:\/\/www.huntersfriend.eu\/de\/wp-json\/wp\/v2\/types\/product"}],"replies":[{"embeddable":true,"href":"https:\/\/www.huntersfriend.eu\/de\/wp-json\/wp\/v2\/comments?post=290620"}],"wp:featuredmedia":[{"embeddable":true,"href":"https:\/\/www.huntersfriend.eu\/de\/wp-json\/wp\/v2\/media\/290173"}],"wp:attachment":[{"href":"https:\/\/www.huntersfriend.eu\/de\/wp-json\/wp\/v2\/media?parent=290620"}],"wp:term":[{"taxonomy":"product_brand","embeddable":true,"href":"https:\/\/www.huntersfriend.eu\/de\/wp-json\/wp\/v2\/product_brand?post=290620"},{"taxonomy":"product_cat","embeddable":true,"href":"https:\/\/www.huntersfriend.eu\/de\/wp-json\/wp\/v2\/product_cat?post=290620"},{"taxonomy":"product_tag","embeddable":true,"href":"https:\/\/www.huntersfriend.eu\/de\/wp-json\/wp\/v2\/product_tag?post=290620"}],"curies":[{"name":"wp","href":"https:\/\/api.w.org\/{rel}","templated":true}]}}