{"id":290613,"date":"2025-07-31T12:00:25","date_gmt":"2025-07-31T10:00:25","guid":{"rendered":"https:\/\/www.huntersfriend.eu\/product\/sitka-ambient-200-jacka\/"},"modified":"2026-01-29T12:13:34","modified_gmt":"2026-01-29T10:13:34","slug":"sitka-ambient-200-jacka","status":"publish","type":"product","link":"https:\/\/www.huntersfriend.eu\/de\/produkt\/sitka-ambient-200-jacka\/","title":{"rendered":"SITKA ambient 200 jacka"},"content":{"rendered":"<p>Ambient 200-jackan \u00e4r det varmaste alternativet i v\u00e5r Ambient-serie av aktiv isolering. 200g PrimaLoft\u00ae Evolve-isolering stoppar kylan helt, samtidigt som den beh\u00e5ller enast\u00e5ende andningsf\u00f6rm\u00e5ga n\u00e4r du \u00e4r i r\u00f6relse. En h\u00e5llbar vattenavvisande finish avv\u00e4rjer m\u00e5ttlig regn och sn\u00f6 och ett 20D ripstop-yttyg klarar tung terr\u00e4ng med l\u00e4tthet. Helzip f\u00f6r enkel skiktning och fickor med dragkedja vid h\u00e4nder och br\u00f6st f\u00f6r att h\u00e5lla v\u00e4rdesaker p\u00e5 r\u00e4tt plats.   <\/p>\n<p>200g Primaloft Evolve aktiv isolering \u00e4r mjuk, varm och andningsbar<\/p>\n<p>Slitstarkt 20D Ripstop nylon-yttermaterial<\/p>\n<p>Slitstark vattenavvisande finish som st\u00f6ter bort l\u00e4tt nederb\u00f6rd<\/p>\n<p>Mekanisk stretch f\u00f6rb\u00e4ttrar r\u00f6relsefrihet<\/p>\n<p>Helzip fram<\/p>\n<p>Fickor med dragkedja vid h\u00e4nder och br\u00f6st<\/p>\n","protected":false},"excerpt":{"rendered":"<p>Ambient 200-jackan \u00e4r det varmaste alternativet i v\u00e5r Ambient-serie av aktiv isolering. 200g PrimaLoft\u00ae Evolve-isolering stoppar kylan helt, samtidigt som den beh\u00e5ller enast\u00e5ende andningsf\u00f6rm\u00e5ga n\u00e4r du \u00e4r i r\u00f6relse. En h\u00e5llbar vattenavvisande finish avv\u00e4rjer m\u00e5ttlig regn och sn\u00f6 och ett 20D ripstop-yttyg klarar tung terr\u00e4ng med l\u00e4tthet. Helzip f\u00f6r enkel skiktning och fickor med dragkedja [&#8230;]\n","protected":false},"featured_media":290174,"comment_status":"open","ping_status":"closed","template":"","meta":[],"product_brand":[],"product_cat":[16],"product_tag":[],"class_list":{"0":"post-290613","1":"product","2":"type-product","3":"status-publish","4":"has-post-thumbnail","6":"product_cat-uncategorized","8":"first","9":"instock","10":"taxable","11":"shipping-taxable","12":"purchasable","13":"product-type-variable"},"composite_virtual":false,"composite_layout":"","composite_add_to_cart_form_location":"","composite_editable_in_cart":false,"composite_sold_individually_context":"","composite_shop_price_calc":"","composite_components":[],"composite_scenarios":[],"group_of_quantity":0,"min_quantity":0,"max_quantity":"","exclude_order_quantity_value_rules":"no","exclude_category_quantity_rules":"no","combine_variations":"no","exclude_global_add_ons":[],"addons":[],"_links":{"self":[{"href":"https:\/\/www.huntersfriend.eu\/de\/wp-json\/wp\/v2\/product\/290613","targetHints":{"allow":["GET"]}}],"collection":[{"href":"https:\/\/www.huntersfriend.eu\/de\/wp-json\/wp\/v2\/product"}],"about":[{"href":"https:\/\/www.huntersfriend.eu\/de\/wp-json\/wp\/v2\/types\/product"}],"replies":[{"embeddable":true,"href":"https:\/\/www.huntersfriend.eu\/de\/wp-json\/wp\/v2\/comments?post=290613"}],"wp:featuredmedia":[{"embeddable":true,"href":"https:\/\/www.huntersfriend.eu\/de\/wp-json\/wp\/v2\/media\/290174"}],"wp:attachment":[{"href":"https:\/\/www.huntersfriend.eu\/de\/wp-json\/wp\/v2\/media?parent=290613"}],"wp:term":[{"taxonomy":"product_brand","embeddable":true,"href":"https:\/\/www.huntersfriend.eu\/de\/wp-json\/wp\/v2\/product_brand?post=290613"},{"taxonomy":"product_cat","embeddable":true,"href":"https:\/\/www.huntersfriend.eu\/de\/wp-json\/wp\/v2\/product_cat?post=290613"},{"taxonomy":"product_tag","embeddable":true,"href":"https:\/\/www.huntersfriend.eu\/de\/wp-json\/wp\/v2\/product_tag?post=290613"}],"curies":[{"name":"wp","href":"https:\/\/api.w.org\/{rel}","templated":true}]}}