{"id":290237,"date":"2025-09-23T08:42:11","date_gmt":"2025-09-23T06:42:11","guid":{"rendered":"https:\/\/www.huntersfriend.eu\/product\/huntworth-grayling-hoodie-tarnen\/"},"modified":"2025-09-23T09:24:56","modified_gmt":"2025-09-23T07:24:56","slug":"huntworth-grayling-hoodie-tarnen","status":"publish","type":"product","link":"https:\/\/www.huntersfriend.eu\/de\/produkt\/huntworth-grayling-hoodie-tarnen\/","title":{"rendered":"Huntworth Grayling Hoodie \u2013 Tarnen"},"content":{"rendered":"<p><strong>Der Grayling \u2013 Der w\u00e4rmste Hoodie, den Sie je tragen werden.<\/strong><\/p>\n<p>Perfekt als Einzelst\u00fcck oder zum Unterziehen bietet der schwere Herren-Jagd-Hoodie mit halbem Rei\u00dfverschluss \u201eGrayling\u201c im Tarnen-Tarnmuster leichte, \u00fcberragende W\u00e4rme. Das Innenfutter mit Heat Boost Graphen-Technologie bietet ein hohes W\u00e4rme-Gewichts-Verh\u00e4ltnis. Das in das Fleece-Innenfutter eingearbeitete Graphen-Garn besitzt die unglaubliche W\u00e4rmeleitf\u00e4higkeit, Feuchtigkeitsableitung und Geruchskontrolle, die Graphen eigen sind. Das Graphen nutzt die Energie Ihres K\u00f6rpers, absorbiert die W\u00e4rme und gibt sie an Ihren K\u00f6rper zur\u00fcck. Dies umh\u00fcllt Ihren Rumpf, R\u00fccken und Ihre Arme buchst\u00e4blich mit einer anhaltenden, strahlenden W\u00e4rme.    <\/p>\n<p>Die Merkmale einer passgenauen Kapuze, einer Gurtzugangs\u00f6ffnung und innenliegender Daumenschlaufen am \u00c4rmelb\u00fcndchen bedeuten, dass der Grayling je nach Temperatur entweder als Au\u00dfenschicht oder als isolierendes Kleidungsst\u00fcck verwendet werden kann. Empfohlener Temperaturbereich von 40 \u00b0F bis 60 \u00b0F allein, oder als Teil Ihres Schichtsystems. <\/p>\n<div class=\"header\">Merkmale<\/div>\n<div class=\"even\"><strong>Obermaterial: <\/strong>Doppellagiges Gewebe aus Stretch-Polyester, das mit einem Heat Boost\u2122 Graphen-Fleece verbunden ist, f\u00fcr ein kombiniertes Stoffgewicht von ca. 325 g. 100 % Polyester. <\/div>\n<div class=\"odd\"><strong>Heat Boost\u2122 Graphen-Technologie: <\/strong>Eine Reihe verbesserter Stoffe, die mit den W\u00e4rmeleitf\u00e4higkeits-, Feuchtigkeitsableitungs- und Geruchskontrolleigenschaften von Graphen angereichert sind.<\/div>\n<div class=\"even\"><strong>DWR: <\/strong>Dauerhaft wasserabweisende (DWR) Beschichtung auf der Stoffoberfl\u00e4che weist Feuchtigkeit und leichten Schnee ab.<\/div>\n<div class=\"odd\"><strong>Aufbewahrungstaschen:<\/strong> K\u00e4nguru-Fronttasche und eine Rei\u00dfverschluss-Brusttasche oben.<\/div>\n<div class=\"even\"><strong>Verl\u00e4ngerter R\u00fccken: <\/strong>Hinten l\u00e4nger f\u00fcr mehr Abdeckung.<\/div>\n<div class=\"odd\"><strong>Rei\u00dfverschluss:<\/strong> Halber Rei\u00dfverschluss mit Kinnschutz.<\/div>\n<div class=\"even\"><strong>Gesichtsmaske:<\/strong> Integrierte Gesichtsmaske.<\/div>\n<div class=\"odd\"><strong>Kapuze:<\/strong> Geformte Kapuze f\u00fcr uneingeschr\u00e4nkte periphere Sicht.<\/div>\n<div class=\"even\"><strong>\u00c4rmelb\u00fcndchen:<\/strong> Daumenschlaufen an der Innenseite des \u00c4rmelb\u00fcndchens.<\/div>\n<div class=\"odd\"><strong>Besonderheit:<\/strong> Gurtzugangs\u00f6ffnung.<\/div>\n<div class=\"even\"><strong>Gewicht des Kleidungsst\u00fccks:<\/strong> 1,4 lbs f\u00fcr Gr\u00f6\u00dfe XL.<\/div>\n<div class=\"odd\"><strong>Empfohlener Temperaturbereich:<\/strong> 10 \u00b0F &#8211; 45 \u00b0F mit Schichtung nach Bedarf.<\/div>\n","protected":false},"excerpt":{"rendered":"<p>Der Grayling \u2013 Der w\u00e4rmste Hoodie, den Sie je tragen werden. Perfekt als Einzelst\u00fcck oder zum Unterziehen bietet der schwere Herren-Jagd-Hoodie mit halbem Rei\u00dfverschluss \u201eGrayling\u201c im Tarnen-Tarnmuster leichte, \u00fcberragende W\u00e4rme. Das Innenfutter mit Heat Boost Graphen-Technologie bietet ein hohes W\u00e4rme-Gewichts-Verh\u00e4ltnis. Das in das Fleece-Innenfutter eingearbeitete Graphen-Garn besitzt die unglaubliche W\u00e4rmeleitf\u00e4higkeit, Feuchtigkeitsableitung und Geruchskontrolle, die Graphen [&#8230;]\n","protected":false},"featured_media":290141,"comment_status":"open","ping_status":"closed","template":"","meta":[],"product_brand":[],"product_cat":[2184],"product_tag":[],"class_list":{"0":"post-290237","1":"product","2":"type-product","3":"status-publish","4":"has-post-thumbnail","6":"product_cat-hemden-kapuzenpullover","8":"first","9":"instock","10":"taxable","11":"shipping-taxable","12":"purchasable","13":"product-type-variable"},"composite_virtual":false,"composite_layout":"","composite_add_to_cart_form_location":"","composite_editable_in_cart":false,"composite_sold_individually_context":"","composite_shop_price_calc":"","composite_components":[],"composite_scenarios":[],"group_of_quantity":0,"min_quantity":0,"max_quantity":"","exclude_order_quantity_value_rules":"no","exclude_category_quantity_rules":"no","combine_variations":"no","exclude_global_add_ons":[],"addons":[],"_links":{"self":[{"href":"https:\/\/www.huntersfriend.eu\/de\/wp-json\/wp\/v2\/product\/290237","targetHints":{"allow":["GET"]}}],"collection":[{"href":"https:\/\/www.huntersfriend.eu\/de\/wp-json\/wp\/v2\/product"}],"about":[{"href":"https:\/\/www.huntersfriend.eu\/de\/wp-json\/wp\/v2\/types\/product"}],"replies":[{"embeddable":true,"href":"https:\/\/www.huntersfriend.eu\/de\/wp-json\/wp\/v2\/comments?post=290237"}],"wp:featuredmedia":[{"embeddable":true,"href":"https:\/\/www.huntersfriend.eu\/de\/wp-json\/wp\/v2\/media\/290141"}],"wp:attachment":[{"href":"https:\/\/www.huntersfriend.eu\/de\/wp-json\/wp\/v2\/media?parent=290237"}],"wp:term":[{"taxonomy":"product_brand","embeddable":true,"href":"https:\/\/www.huntersfriend.eu\/de\/wp-json\/wp\/v2\/product_brand?post=290237"},{"taxonomy":"product_cat","embeddable":true,"href":"https:\/\/www.huntersfriend.eu\/de\/wp-json\/wp\/v2\/product_cat?post=290237"},{"taxonomy":"product_tag","embeddable":true,"href":"https:\/\/www.huntersfriend.eu\/de\/wp-json\/wp\/v2\/product_tag?post=290237"}],"curies":[{"name":"wp","href":"https:\/\/api.w.org\/{rel}","templated":true}]}}