{"id":290229,"date":"2025-09-17T10:49:22","date_gmt":"2025-09-17T08:49:22","guid":{"rendered":"https:\/\/www.huntersfriend.eu\/product\/sitka-damen-jetstream-jacke\/"},"modified":"2026-01-29T12:13:36","modified_gmt":"2026-01-29T10:13:36","slug":"sitka-damen-jetstream-jacke","status":"publish","type":"product","link":"https:\/\/www.huntersfriend.eu\/de\/produkt\/sitka-damen-jetstream-jacke\/","title":{"rendered":"SITKA Damen Jetstream-Jacke"},"content":{"rendered":"<p>Nichts verursacht so viel Unbehagen und Ablenkung wie ein kalter, unerbittlicher Wind. Unsere winddichte Jetstream-Jacke, die die WINDSTOPPER\u00ae by GORE-TEX LABS Produkttechnologie nutzt, ist Jahr f\u00fcr Jahr eines unserer beliebtesten Produkte. Ihre pr\u00e4zise entwickelte Passform optimiert Komfort und Bewegungsfreiheit. Diese robuste Softshell-Jacke mit komfortabler Micro-Grid-Fleece-Innenseite wurde entwickelt, um W\u00e4rme zu speichern und gleichzeitig atmungsaktiv zu sein, wenn Sie es brauchen, und bietet h\u00f6chste Vielseitigkeit.   <\/p>\n<ul class=\"jsx-1027194987 space-y-4 list-disc\">\n<li class=\"jsx-1027194987 remove-marker mt-[24px] md:mt-[60px]\">\n<div class=\"feature_item\">Recyceltes Polyestergewebe mit Micro-Grid-Fleece-Innenseite aus Polyester<\/div>\n<div class=\"feature_item\">Die GORE\u00ae WINDSTOPPER\u00ae Produkttechnologie macht die Jacke 100 % winddicht<\/div>\n<div class=\"feature_item\">Dauerhaft wasserabweisende Beschichtung weist leichten Niederschlag ab und verhindert, dass der Stoff durchn\u00e4sst wird<\/div>\n<div class=\"feature_item\">Verklebte und geschliffene N\u00e4hte f\u00fcr zus\u00e4tzlichen Wetterschutz ohne zus\u00e4tzliches Volumen<\/div>\n<div class=\"feature_item\">Rei\u00dfverschluss-Hand- und Brusttaschen bieten sicheren Stauraum<\/div>\n<div class=\"feature_item\">Unterarmrei\u00dfverschl\u00fcsse erm\u00f6glichen es Ihnen, W\u00e4rme abzuleiten, wenn Sie in Bewegung sind<\/div>\n<div class=\"feature_item\">Aktualisierte Passform f\u00fcr ein entspanntes, komfortables Tragegef\u00fchl mit viel Bewegungsfreiheit<\/div>\n<div class=\"feature_item\">Gesamtgewicht: 22 oz.<\/div>\n<\/li>\n<\/ul>\n<p class=\" text-[30px] font-bold tracking-wide pb-[16px] md:pb-[20px] text-center\">Warum wir dies entwickelt haben&#8230;<\/p>\n<p class=\"text-[13px] text-center lg:px-[18px]\">Wir wollten neu definieren, wie eine Softshell-Jacke bei aktiven Outdoor-Aktivit\u00e4ten funktioniert. Unsere L\u00f6sung war es, eine Jacke zu entwickeln, die gut atmet, Wind abh\u00e4lt, leichten Regen und Schnee abweist und die Bewegungsfreiheit nicht einschr\u00e4nkt. Dies erreichten wir durch den Einsatz von WINDSTOPPER\u00ae by GORE-TEX LABS f\u00fcr unschlagbaren Windschutz, einer DWR-Beschichtung, um ein Durchn\u00e4ssen des Obermaterials zu verhindern, und einer artikulierten Schnittf\u00fchrung f\u00fcr volle Bewegungsfreiheit.  <\/p>\n","protected":false},"excerpt":{"rendered":"<p>Nichts verursacht so viel Unbehagen und Ablenkung wie ein kalter, unerbittlicher Wind. Unsere winddichte Jetstream-Jacke, die die WINDSTOPPER\u00ae by GORE-TEX LABS Produkttechnologie nutzt, ist Jahr f\u00fcr Jahr eines unserer beliebtesten Produkte. Ihre pr\u00e4zise entwickelte Passform optimiert Komfort und Bewegungsfreiheit. Diese robuste Softshell-Jacke mit komfortabler Micro-Grid-Fleece-Innenseite wurde entwickelt, um W\u00e4rme zu speichern und gleichzeitig atmungsaktiv zu [&#8230;]\n","protected":false},"featured_media":290020,"comment_status":"open","ping_status":"closed","template":"","meta":[],"product_brand":[],"product_cat":[2117],"product_tag":[],"class_list":{"0":"post-290229","1":"product","2":"type-product","3":"status-publish","4":"has-post-thumbnail","6":"product_cat-jagdbekleidung-fur-damen","8":"first","9":"instock","10":"taxable","11":"shipping-taxable","12":"purchasable","13":"product-type-variable"},"composite_virtual":false,"composite_layout":"","composite_add_to_cart_form_location":"","composite_editable_in_cart":false,"composite_sold_individually_context":"","composite_shop_price_calc":"","composite_components":[],"composite_scenarios":[],"group_of_quantity":0,"min_quantity":0,"max_quantity":"","exclude_order_quantity_value_rules":"no","exclude_category_quantity_rules":"no","combine_variations":"no","exclude_global_add_ons":[],"addons":[],"_links":{"self":[{"href":"https:\/\/www.huntersfriend.eu\/de\/wp-json\/wp\/v2\/product\/290229","targetHints":{"allow":["GET"]}}],"collection":[{"href":"https:\/\/www.huntersfriend.eu\/de\/wp-json\/wp\/v2\/product"}],"about":[{"href":"https:\/\/www.huntersfriend.eu\/de\/wp-json\/wp\/v2\/types\/product"}],"replies":[{"embeddable":true,"href":"https:\/\/www.huntersfriend.eu\/de\/wp-json\/wp\/v2\/comments?post=290229"}],"wp:featuredmedia":[{"embeddable":true,"href":"https:\/\/www.huntersfriend.eu\/de\/wp-json\/wp\/v2\/media\/290020"}],"wp:attachment":[{"href":"https:\/\/www.huntersfriend.eu\/de\/wp-json\/wp\/v2\/media?parent=290229"}],"wp:term":[{"taxonomy":"product_brand","embeddable":true,"href":"https:\/\/www.huntersfriend.eu\/de\/wp-json\/wp\/v2\/product_brand?post=290229"},{"taxonomy":"product_cat","embeddable":true,"href":"https:\/\/www.huntersfriend.eu\/de\/wp-json\/wp\/v2\/product_cat?post=290229"},{"taxonomy":"product_tag","embeddable":true,"href":"https:\/\/www.huntersfriend.eu\/de\/wp-json\/wp\/v2\/product_tag?post=290229"}],"curies":[{"name":"wp","href":"https:\/\/api.w.org\/{rel}","templated":true}]}}