{"id":290219,"date":"2025-09-17T08:17:48","date_gmt":"2025-09-17T06:17:48","guid":{"rendered":"https:\/\/www.huntersfriend.eu\/product\/sordin-smartear-impuls-ohrstoepsel\/"},"modified":"2026-02-25T10:38:14","modified_gmt":"2026-02-25T08:38:14","slug":"sordin-smartear-impuls-ohrstoepsel","status":"publish","type":"product","link":"https:\/\/www.huntersfriend.eu\/de\/produkt\/sordin-smartear-impuls-ohrstoepsel\/","title":{"rendered":"Sordin SmartEar Impuls-Ohrst\u00f6psel"},"content":{"rendered":"<h3 data-start=\"107\" data-end=\"201\"><strong data-start=\"111\" data-end=\"201\">Sordin SmartEar Impuls-Ohrst\u00f6psel \u2013 passiver Geh\u00f6rschutz f\u00fcr Jagd und Schie\u00dfsport<\/strong><\/h3>\n<p data-start=\"203\" data-end=\"738\">Die <strong data-start=\"207\" data-end=\"243\">Sordin SmartEar Impuls-Ohrst\u00f6psel<\/strong> repr\u00e4sentieren den neuesten Stand der passiven Geh\u00f6rschutztechnologie und bieten erstklassigen Schutz f\u00fcr J\u00e4ger, Sch\u00fctzen und alle, die pl\u00f6tzlichen, lauten Schallspitzen ausgesetzt sind. Urspr\u00fcnglich f\u00fcr den milit\u00e4rischen Einsatz entwickelt und von NATO-Soldaten gesch\u00e4tzt, sch\u00fctzen diese Ohrst\u00f6psel zuverl\u00e4ssig vor Schussger\u00e4uschen, w\u00e4hrend sie den nat\u00fcrlichen Klang Ihrer Umgebung und die Sprachverst\u00e4ndlichkeit erhalten. Dies macht sie besonders sicher und komfortabel in Situationen, in denen sowohl Schutz als auch Situationsbewusstsein unerl\u00e4sslich sind.  <\/p>\n<hr data-start=\"740\" data-end=\"743\">\n<h3 data-start=\"745\" data-end=\"777\"><strong data-start=\"749\" data-end=\"777\">Technische Daten<\/strong><\/h3>\n<ul data-start=\"778\" data-end=\"1451\">\n<li data-start=\"778\" data-end=\"843\">\n<p data-start=\"780\" data-end=\"843\"><strong data-start=\"780\" data-end=\"807\">Patentierter Impulsfilter<\/strong> d\u00e4mpft Schussger\u00e4usche effektiv.<\/p>\n<\/li>\n<li data-start=\"844\" data-end=\"921\">\n<p data-start=\"846\" data-end=\"921\"><strong data-start=\"846\" data-end=\"879\">Spitzen-Impulsreduktion (PIR):<\/strong> 33 dB (ANSI IPIL-zertifiziert bis 166 dB).<\/p>\n<\/li>\n<li data-start=\"922\" data-end=\"998\">\n<p data-start=\"924\" data-end=\"998\"><strong data-start=\"924\" data-end=\"937\">SNR 19 dB<\/strong>, <strong data-start=\"939\" data-end=\"952\">NRR 12 dB<\/strong>, <strong data-start=\"954\" data-end=\"967\">H = 22 dB<\/strong>, <strong data-start=\"969\" data-end=\"982\">M = 16 dB<\/strong>, <strong data-start=\"984\" data-end=\"997\">L = 13 dB<\/strong>.<\/p>\n<\/li>\n<li data-start=\"999\" data-end=\"1058\">\n<p data-start=\"1001\" data-end=\"1058\">Nat\u00fcrliche Schall\u00fcbertragung mit minimalem Okklusionseffekt.<\/p>\n<\/li>\n<li data-start=\"1059\" data-end=\"1130\">\n<p data-start=\"1061\" data-end=\"1130\"><strong data-start=\"1061\" data-end=\"1081\">Hygienisches Design:<\/strong> Luftkanal reduziert Irritationen im Geh\u00f6rgang.<\/p>\n<\/li>\n<li data-start=\"1131\" data-end=\"1204\">\n<p data-start=\"1133\" data-end=\"1204\">Hergestellt aus <strong data-start=\"1143\" data-end=\"1174\">hypoallergenem TPE-Material<\/strong>, geeignet f\u00fcr langfristiges Tragen.<\/p>\n<\/li>\n<li data-start=\"1205\" data-end=\"1256\">\n<p data-start=\"1207\" data-end=\"1256\"><strong data-start=\"1207\" data-end=\"1219\">Wiederverwendbar<\/strong>, keine Batterien oder Elektronik erforderlich.<\/p>\n<\/li>\n<li data-start=\"1257\" data-end=\"1310\">\n<p data-start=\"1259\" data-end=\"1310\"><strong data-start=\"1259\" data-end=\"1288\">Einfaches Einsetzen und Entfernen<\/strong> dank Grifflaschen.<\/p>\n<\/li>\n<li data-start=\"1311\" data-end=\"1365\">\n<p data-start=\"1313\" data-end=\"1365\"><strong data-start=\"1313\" data-end=\"1329\">Perfekte Passform:<\/strong> inklusive mittlerer und gro\u00dfer Ohrpassst\u00fccke.<\/p>\n<\/li>\n<li data-start=\"1366\" data-end=\"1407\">\n<p data-start=\"1368\" data-end=\"1407\"><strong data-start=\"1368\" data-end=\"1387\">Zertifizierungen:<\/strong> EN 352-2, CE, UKCA.<\/p>\n<\/li>\n<li data-start=\"1408\" data-end=\"1451\">\n<p data-start=\"1410\" data-end=\"1451\"><strong data-start=\"1410\" data-end=\"1451\">Jedes Produkt wird akustisch getestet.<\/strong><\/p>\n<\/li>\n<\/ul>\n<hr data-start=\"1453\" data-end=\"1456\">\n<h3 data-start=\"1458\" data-end=\"1482\"><strong data-start=\"1462\" data-end=\"1482\">Lieferumfang<\/strong><\/h3>\n<ul data-start=\"1483\" data-end=\"1632\">\n<li data-start=\"1483\" data-end=\"1537\">\n<p data-start=\"1485\" data-end=\"1537\">1 Paar <strong data-start=\"1495\" data-end=\"1513\">gro\u00dfe Ohrst\u00f6psel<\/strong> (Filter vorinstalliert)<\/p>\n<\/li>\n<li data-start=\"1538\" data-end=\"1569\">\n<p data-start=\"1540\" data-end=\"1569\">1 Paar <strong data-start=\"1550\" data-end=\"1569\">mittlere Ohrst\u00f6psel<\/strong><\/p>\n<\/li>\n<li data-start=\"1570\" data-end=\"1614\">\n<p data-start=\"1572\" data-end=\"1614\"><strong data-start=\"1572\" data-end=\"1600\">Aufbewahrungs-\/Transportbox aus Metall<\/strong> mit Schl\u00fcsselanh\u00e4nger<\/p>\n<\/li>\n<li data-start=\"1615\" data-end=\"1632\">\n<p data-start=\"1617\" data-end=\"1632\"><strong data-start=\"1617\" data-end=\"1632\">Bedienungsanleitung<\/strong><\/p>\n<\/li>\n<\/ul>\n<hr data-start=\"1634\" data-end=\"1637\">\n<h3 data-start=\"1639\" data-end=\"1654\"><strong data-start=\"1643\" data-end=\"1654\">Zusammenfassung<\/strong><\/h3>\n<p data-start=\"1655\" data-end=\"2061\" data-is-last-node=\"\" data-is-only-node=\"\">Die <strong data-start=\"1659\" data-end=\"1686\">Sordin SmartEar Impulse<\/strong> Ohrst\u00f6psel bieten die perfekte Balance zwischen effektivem Geh\u00f6rschutz und nat\u00fcrlichem H\u00f6ren. Ideal f\u00fcr J\u00e4ger, Sch\u00fctzen und den professionellen Einsatz, machen ihre kompakte Gr\u00f6\u00dfe und die robuste Transportbox sie jederzeit leicht transportierbar. Wenn Sie Ihr Geh\u00f6r sch\u00fctzen m\u00f6chten, ohne das Bewusstsein f\u00fcr Ihre Umgebung zu verlieren, sind diese Ohrst\u00f6psel eine zuverl\u00e4ssige und langlebige Wahl.  <\/p>\n","protected":false},"excerpt":{"rendered":"<p>Sordin SmartEar Impuls-Ohrst\u00f6psel \u2013 passiver Geh\u00f6rschutz f\u00fcr Jagd und Schie\u00dfsport Die Sordin SmartEar Impuls-Ohrst\u00f6psel repr\u00e4sentieren den neuesten Stand der passiven Geh\u00f6rschutztechnologie und bieten erstklassigen Schutz f\u00fcr J\u00e4ger, Sch\u00fctzen und alle, die pl\u00f6tzlichen, lauten Schallspitzen ausgesetzt sind. Urspr\u00fcnglich f\u00fcr den milit\u00e4rischen Einsatz entwickelt und von NATO-Soldaten gesch\u00e4tzt, sch\u00fctzen diese Ohrst\u00f6psel zuverl\u00e4ssig vor Schussger\u00e4uschen, w\u00e4hrend sie den [&#8230;]\n","protected":false},"featured_media":289966,"comment_status":"open","ping_status":"closed","template":"","meta":[],"product_brand":[],"product_cat":[2692,1342],"product_tag":[],"class_list":{"0":"post-290219","1":"product","2":"type-product","3":"status-publish","4":"has-post-thumbnail","6":"product_cat-ogon-och-horselskydd","7":"product_cat-eye-ear-protection","9":"first","10":"instock","11":"taxable","12":"shipping-taxable","13":"purchasable","14":"product-type-simple"},"composite_virtual":false,"composite_layout":"","composite_add_to_cart_form_location":"","composite_editable_in_cart":false,"composite_sold_individually_context":"","composite_shop_price_calc":"","composite_components":[],"composite_scenarios":[],"group_of_quantity":0,"min_quantity":0,"max_quantity":"","exclude_order_quantity_value_rules":"no","exclude_category_quantity_rules":"no","combine_variations":"no","exclude_global_add_ons":[],"addons":[],"_links":{"self":[{"href":"https:\/\/www.huntersfriend.eu\/de\/wp-json\/wp\/v2\/product\/290219","targetHints":{"allow":["GET"]}}],"collection":[{"href":"https:\/\/www.huntersfriend.eu\/de\/wp-json\/wp\/v2\/product"}],"about":[{"href":"https:\/\/www.huntersfriend.eu\/de\/wp-json\/wp\/v2\/types\/product"}],"replies":[{"embeddable":true,"href":"https:\/\/www.huntersfriend.eu\/de\/wp-json\/wp\/v2\/comments?post=290219"}],"wp:featuredmedia":[{"embeddable":true,"href":"https:\/\/www.huntersfriend.eu\/de\/wp-json\/wp\/v2\/media\/289966"}],"wp:attachment":[{"href":"https:\/\/www.huntersfriend.eu\/de\/wp-json\/wp\/v2\/media?parent=290219"}],"wp:term":[{"taxonomy":"product_brand","embeddable":true,"href":"https:\/\/www.huntersfriend.eu\/de\/wp-json\/wp\/v2\/product_brand?post=290219"},{"taxonomy":"product_cat","embeddable":true,"href":"https:\/\/www.huntersfriend.eu\/de\/wp-json\/wp\/v2\/product_cat?post=290219"},{"taxonomy":"product_tag","embeddable":true,"href":"https:\/\/www.huntersfriend.eu\/de\/wp-json\/wp\/v2\/product_tag?post=290219"}],"curies":[{"name":"wp","href":"https:\/\/api.w.org\/{rel}","templated":true}]}}