{"id":290210,"date":"2025-08-08T00:24:35","date_gmt":"2025-08-07T22:24:35","guid":{"rendered":"https:\/\/www.huntersfriend.eu\/product\/sitka-stormfront-hose\/"},"modified":"2025-09-23T09:24:50","modified_gmt":"2025-09-23T07:24:50","slug":"sitka-stormfront-hose","status":"publish","type":"product","link":"https:\/\/www.huntersfriend.eu\/de\/produkt\/sitka-stormfront-hose\/","title":{"rendered":"SITKA Stormfront Hose"},"content":{"rendered":"<p>Die Stormfront Hose ist der perfekte Begleiter zur Stormfront Jacke und verwendet unser strapazierf\u00e4higstes und abriebfestestes GORE-TEX 3-Lagen Pro Shell Laminat. Um die Strapazierf\u00e4higkeit weiter zu erh\u00f6hen, haben wir abriebfeste Overlays an den Knien angebracht. Diese voll ausgestattete Hose bietet zuverl\u00e4ssigen Spitzenschutz bei einw\u00f6chigen Exkursionen in unbest\u00e4ndige alpine Klimazonen.  <\/p>\n<p>Gewicht: 683,22 g \/\/ Gr\u00f6\u00dfe L<\/p>\n<p>Material: Wasserdichtes 3-Lagen GORE-TEX PRO, Polyester-Au\u00dfenseite.<\/p>\n<p>Cargo-Taschen mit Druckkn\u00f6pfen: Mit integrierten Sicherheitstaschen mit Rei\u00dfverschluss.<\/p>\n<p>Wasserdichtes 3-Lagen GORE-TEX\u00ae Laminat: Spitzenschutz f\u00fcr unbest\u00e4ndige alpine Klimazonen.<\/p>\n<p>Durchgehende YKK\u00ae Aqua-Guard\u2122 Taschen: Abriebfest und extrem strapazierf\u00e4hig.<\/p>\n<p>Abnehmbare SITKA\u00ae Hosentr\u00e4ger: Zus\u00e4tzliche Funktionalit\u00e4t f\u00fcr den perfekten Begleiter der Stormfront Jacke.<\/p>\n<p>GORE-TEX\u00ae Technologie: Kleidungsst\u00fccke aus GORE-TEX\u00ae Stoffen sind dauerhaft wasserdicht, leicht und extrem atmungsaktiv.<\/p>\n","protected":false},"excerpt":{"rendered":"<p>Die Stormfront Hose ist der perfekte Begleiter zur Stormfront Jacke und verwendet unser strapazierf\u00e4higstes und abriebfestestes GORE-TEX 3-Lagen Pro Shell Laminat. Um die Strapazierf\u00e4higkeit weiter zu erh\u00f6hen, haben wir abriebfeste Overlays an den Knien angebracht. Diese voll ausgestattete Hose bietet zuverl\u00e4ssigen Spitzenschutz bei einw\u00f6chigen Exkursionen in unbest\u00e4ndige alpine Klimazonen. Gewicht: 683,22 g \/\/ Gr\u00f6\u00dfe L [&#8230;]\n","protected":false},"featured_media":289983,"comment_status":"open","ping_status":"closed","template":"","meta":[],"product_brand":[],"product_cat":[1128],"product_tag":[],"class_list":{"0":"post-290210","1":"product","2":"type-product","3":"status-publish","4":"has-post-thumbnail","6":"product_cat-hosen","8":"first","9":"outofstock","10":"taxable","11":"shipping-taxable","12":"purchasable","13":"product-type-variable"},"composite_virtual":false,"composite_layout":"","composite_add_to_cart_form_location":"","composite_editable_in_cart":false,"composite_sold_individually_context":"","composite_shop_price_calc":"","composite_components":[],"composite_scenarios":[],"group_of_quantity":0,"min_quantity":0,"max_quantity":"","exclude_order_quantity_value_rules":"no","exclude_category_quantity_rules":"no","combine_variations":"no","exclude_global_add_ons":[],"addons":[],"_links":{"self":[{"href":"https:\/\/www.huntersfriend.eu\/de\/wp-json\/wp\/v2\/product\/290210","targetHints":{"allow":["GET"]}}],"collection":[{"href":"https:\/\/www.huntersfriend.eu\/de\/wp-json\/wp\/v2\/product"}],"about":[{"href":"https:\/\/www.huntersfriend.eu\/de\/wp-json\/wp\/v2\/types\/product"}],"replies":[{"embeddable":true,"href":"https:\/\/www.huntersfriend.eu\/de\/wp-json\/wp\/v2\/comments?post=290210"}],"wp:featuredmedia":[{"embeddable":true,"href":"https:\/\/www.huntersfriend.eu\/de\/wp-json\/wp\/v2\/media\/289983"}],"wp:attachment":[{"href":"https:\/\/www.huntersfriend.eu\/de\/wp-json\/wp\/v2\/media?parent=290210"}],"wp:term":[{"taxonomy":"product_brand","embeddable":true,"href":"https:\/\/www.huntersfriend.eu\/de\/wp-json\/wp\/v2\/product_brand?post=290210"},{"taxonomy":"product_cat","embeddable":true,"href":"https:\/\/www.huntersfriend.eu\/de\/wp-json\/wp\/v2\/product_cat?post=290210"},{"taxonomy":"product_tag","embeddable":true,"href":"https:\/\/www.huntersfriend.eu\/de\/wp-json\/wp\/v2\/product_tag?post=290210"}],"curies":[{"name":"wp","href":"https:\/\/api.w.org\/{rel}","templated":true}]}}