{"id":290197,"date":"2025-09-17T10:24:07","date_gmt":"2025-09-17T08:24:07","guid":{"rendered":"https:\/\/www.huntersfriend.eu\/product\/sitka-damen-ascent-hose\/"},"modified":"2026-01-29T12:13:36","modified_gmt":"2026-01-29T10:13:36","slug":"sitka-damen-ascent-hose","status":"publish","type":"product","link":"https:\/\/www.huntersfriend.eu\/de\/produkt\/sitka-damen-ascent-hose\/","title":{"rendered":"SITKA Damen Ascent Hose"},"content":{"rendered":"<p>Leicht und atmungsaktiv ist die Damen Ascent Hose eine radikale Weiterentwicklung in puncto Leistung bei warmem Wetter, speziell f\u00fcr die weibliche Figur entwickelt. Die leichte Cordura\u00ae-Nylonkonstruktion erm\u00f6glicht leichte Bewegung und h\u00e4lt Sie gleichzeitig k\u00fchl und trocken. Mit einem integrierten G\u00fcrtel, konturierten Kn\u00f6cheln und einem flachen Bund bietet die Ascent Hose wirklich un\u00fcbertroffenen Komfort.  <\/p>\n<p>Luftige und doch robuste Cordura-Nylonkonstruktion<\/p>\n<p>Flacher Bund mit integriertem G\u00fcrtel<\/p>\n<p>Rei\u00dfverschlusslose Front f\u00fcr verbesserte Passform und Komfort<\/p>\n<p>Mesh-Knieschutztaschen<\/p>\n<p>Flache Cargotaschen mit Rei\u00dfverschluss<\/p>\n<p>&nbsp;<\/p>\n","protected":false},"excerpt":{"rendered":"<p>Leicht und atmungsaktiv ist die Damen Ascent Hose eine radikale Weiterentwicklung in puncto Leistung bei warmem Wetter, speziell f\u00fcr die weibliche Figur entwickelt. Die leichte Cordura\u00ae-Nylonkonstruktion erm\u00f6glicht leichte Bewegung und h\u00e4lt Sie gleichzeitig k\u00fchl und trocken. Mit einem integrierten G\u00fcrtel, konturierten Kn\u00f6cheln und einem flachen Bund bietet die Ascent Hose wirklich un\u00fcbertroffenen Komfort. Luftige und [&#8230;]\n","protected":false},"featured_media":290002,"comment_status":"open","ping_status":"closed","template":"","meta":[],"product_brand":[],"product_cat":[1128],"product_tag":[],"class_list":{"0":"post-290197","1":"product","2":"type-product","3":"status-publish","4":"has-post-thumbnail","6":"product_cat-hosen","8":"first","9":"instock","10":"taxable","11":"shipping-taxable","12":"purchasable","13":"product-type-variable"},"composite_virtual":false,"composite_layout":"","composite_add_to_cart_form_location":"","composite_editable_in_cart":false,"composite_sold_individually_context":"","composite_shop_price_calc":"","composite_components":[],"composite_scenarios":[],"group_of_quantity":0,"min_quantity":0,"max_quantity":"","exclude_order_quantity_value_rules":"no","exclude_category_quantity_rules":"no","combine_variations":"no","exclude_global_add_ons":[],"addons":[],"_links":{"self":[{"href":"https:\/\/www.huntersfriend.eu\/de\/wp-json\/wp\/v2\/product\/290197","targetHints":{"allow":["GET"]}}],"collection":[{"href":"https:\/\/www.huntersfriend.eu\/de\/wp-json\/wp\/v2\/product"}],"about":[{"href":"https:\/\/www.huntersfriend.eu\/de\/wp-json\/wp\/v2\/types\/product"}],"replies":[{"embeddable":true,"href":"https:\/\/www.huntersfriend.eu\/de\/wp-json\/wp\/v2\/comments?post=290197"}],"wp:featuredmedia":[{"embeddable":true,"href":"https:\/\/www.huntersfriend.eu\/de\/wp-json\/wp\/v2\/media\/290002"}],"wp:attachment":[{"href":"https:\/\/www.huntersfriend.eu\/de\/wp-json\/wp\/v2\/media?parent=290197"}],"wp:term":[{"taxonomy":"product_brand","embeddable":true,"href":"https:\/\/www.huntersfriend.eu\/de\/wp-json\/wp\/v2\/product_brand?post=290197"},{"taxonomy":"product_cat","embeddable":true,"href":"https:\/\/www.huntersfriend.eu\/de\/wp-json\/wp\/v2\/product_cat?post=290197"},{"taxonomy":"product_tag","embeddable":true,"href":"https:\/\/www.huntersfriend.eu\/de\/wp-json\/wp\/v2\/product_tag?post=290197"}],"curies":[{"name":"wp","href":"https:\/\/api.w.org\/{rel}","templated":true}]}}