{"id":289829,"date":"2025-07-30T12:52:20","date_gmt":"2025-07-30T10:52:20","guid":{"rendered":"https:\/\/www.huntersfriend.eu\/product\/rogers-elite-hunter-360-komfortsitz\/"},"modified":"2025-09-03T10:08:57","modified_gmt":"2025-09-03T08:08:57","slug":"rogers-elite-hunter-360-komfortsitz","status":"publish","type":"product","link":"https:\/\/www.huntersfriend.eu\/de\/produkt\/rogers-elite-hunter-360-komfortsitz\/","title":{"rendered":"Rogers Elite Hunter 360\u00b0 Komfortsitz"},"content":{"rendered":"<h1>Elite Hunter 360\u00b0 Komfort-Drehsitz<\/h1>\n<p>Den ganzen Tag jagen, den ganzen Tag sitzen! Der Rogers Elite Hunter Stuhl ist der bequemste Stuhl, den Rogers herstellt! Mit einer extrabreiten Liegesitzfl\u00e4che, einer bequemen R\u00fcckenlehne und verstellbaren, mit EVA-Schaumstoff gepolsterten Armlehnen passt dieser Stuhl perfekt zu Ihnen. Das starke und robuste, verstellbare 4-Bein-Gestell passt sich jedem Gel\u00e4nde an und funktioniert sogar im Schlamm! Sie werden diesen Stuhl perfekt f\u00fcr Bodenverdecke, Fiberglasverdecke und Grubenverdecke finden.    <\/p>\n<h2>Merkmale<\/h2>\n<ul>\n<li>NEUES gebogenes Liegestuhlrahmen-Design<\/li>\n<li>Stahlrahmen<\/li>\n<li>Verstellbare Armlehnen mit EVA-Schaumstoffpolsterung<\/li>\n<li>Neopren-Sitzpolsterung<\/li>\n<li>360\u00b0 Drehbarkeit<\/li>\n<li>4 verstellbare und arretierbare Beine<\/li>\n<li>Schwenkbare \u00fcbergro\u00dfe Entenf\u00fc\u00dfe<\/li>\n<li>Reflektierender Nadelstreifen auf Sitz und R\u00fcckenlehne<\/li>\n<li>Sitzh\u00f6he: 19-23 Zoll<\/li>\n<li>Sitzbreite: 23 Zoll<\/li>\n<li>Sitztiefe: 18 Zoll<\/li>\n<li>Belastbarkeit: 350 lbs.<\/li>\n<li>Gewicht: 21,34 lbs.<\/li>\n<\/ul>\n","protected":false},"excerpt":{"rendered":"<p>Elite Hunter 360\u00b0 Komfort-Drehsitz Den ganzen Tag jagen, den ganzen Tag sitzen! Der Rogers Elite Hunter Stuhl ist der bequemste Stuhl, den Rogers herstellt! Mit einer extrabreiten Liegesitzfl\u00e4che, einer bequemen R\u00fcckenlehne und verstellbaren, mit EVA-Schaumstoff gepolsterten Armlehnen passt dieser Stuhl perfekt zu Ihnen. Das starke und robuste, verstellbare 4-Bein-Gestell passt sich jedem Gel\u00e4nde an und [&#8230;]\n","protected":false},"featured_media":289531,"comment_status":"open","ping_status":"closed","template":"","meta":[],"product_brand":[],"product_cat":[1364,1171],"product_tag":[],"class_list":{"0":"post-289829","1":"product","2":"type-product","3":"status-publish","4":"has-post-thumbnail","6":"product_cat-blind-sitz","7":"product_cat-sitz-und-schirm-zubehoer","8":"product_shipping_class-medium-de","10":"first","11":"outofstock","12":"taxable","13":"shipping-taxable","14":"purchasable","15":"product-type-simple"},"composite_virtual":false,"composite_layout":"","composite_add_to_cart_form_location":"","composite_editable_in_cart":false,"composite_sold_individually_context":"","composite_shop_price_calc":"","composite_components":[],"composite_scenarios":[],"group_of_quantity":0,"min_quantity":0,"max_quantity":"","exclude_order_quantity_value_rules":"no","exclude_category_quantity_rules":"no","combine_variations":"no","exclude_global_add_ons":[],"addons":[],"_links":{"self":[{"href":"https:\/\/www.huntersfriend.eu\/de\/wp-json\/wp\/v2\/product\/289829","targetHints":{"allow":["GET"]}}],"collection":[{"href":"https:\/\/www.huntersfriend.eu\/de\/wp-json\/wp\/v2\/product"}],"about":[{"href":"https:\/\/www.huntersfriend.eu\/de\/wp-json\/wp\/v2\/types\/product"}],"replies":[{"embeddable":true,"href":"https:\/\/www.huntersfriend.eu\/de\/wp-json\/wp\/v2\/comments?post=289829"}],"wp:featuredmedia":[{"embeddable":true,"href":"https:\/\/www.huntersfriend.eu\/de\/wp-json\/wp\/v2\/media\/289531"}],"wp:attachment":[{"href":"https:\/\/www.huntersfriend.eu\/de\/wp-json\/wp\/v2\/media?parent=289829"}],"wp:term":[{"taxonomy":"product_brand","embeddable":true,"href":"https:\/\/www.huntersfriend.eu\/de\/wp-json\/wp\/v2\/product_brand?post=289829"},{"taxonomy":"product_cat","embeddable":true,"href":"https:\/\/www.huntersfriend.eu\/de\/wp-json\/wp\/v2\/product_cat?post=289829"},{"taxonomy":"product_tag","embeddable":true,"href":"https:\/\/www.huntersfriend.eu\/de\/wp-json\/wp\/v2\/product_tag?post=289829"}],"curies":[{"name":"wp","href":"https:\/\/api.w.org\/{rel}","templated":true}]}}