{"id":289828,"date":"2025-07-30T12:52:20","date_gmt":"2025-07-30T10:52:20","guid":{"rendered":"https:\/\/www.huntersfriend.eu\/product\/final-approach-lebensechter-ringelgans-windsack-mit-3d-kopf\/"},"modified":"2025-09-03T10:08:56","modified_gmt":"2025-09-03T08:08:56","slug":"final-approach-lebensechter-ringelgans-windsack-mit-3d-kopf","status":"publish","type":"product","link":"https:\/\/www.huntersfriend.eu\/de\/produkt\/final-approach-lebensechter-ringelgans-windsack-mit-3d-kopf\/","title":{"rendered":"Final Approach lebensechter Ringelgans-Windsack mit 3D-Kopf"},"content":{"rendered":"<h1>Lebensechte Ringelgans-Socken mit 3D-K\u00f6pfen<\/h1>\n<p>Die Final Approach lebensechten Ringelgans-Socken mit 3D-K\u00f6pfen kombinieren lebensechtes Aussehen mit robuster Haltbarkeit. Dieses Set enth\u00e4lt 8 Fressk\u00f6pfe und 4 aufrechte K\u00f6pfe f\u00fcr eine realistische Herdenvielfalt. Jeder verf\u00fcgt \u00fcber einen NEUEN handgeschnitzten 3D-Kopf und ultrarealistisches bedrucktes K\u00f6rpergewebe, um V\u00f6gel bei jeder Beleuchtung oder Entfernung zu t\u00e4uschen. Hergestellt aus DWR-beschichtetem, schmutzabweisendem Gewebe, widerstehen diese Socken Feuchtigkeit und Schmutz. Der faltbare R\u00fccken und die vormontierte Bauweise bedeuten, dass sie sofort einsatzbereit sind. Mit einem Zwei-Finger-Zuggriff, einem 27 Zoll, 7 mm gesch\u00e4rften Erdspie\u00df und Drainagel\u00f6chern ist der Aufbau schnell und stabil. Der 18 Zoll x 12 Zoll gro\u00dfe K\u00f6rper bewegt sich nat\u00fcrlich im Wind und bringt Bewegung in Ihr Lockbild.      <\/p>\n<h2>Merkmale<\/h2>\n<ul>\n<li>Paket enth\u00e4lt 8 Fressk\u00f6pfe &amp; 4 aufrechte K\u00f6pfe f\u00fcr realistische Vielfalt<\/li>\n<li>NEUE handgeschnitzte 3D-K\u00f6pfe f\u00fcr lebensechte Details<\/li>\n<li>Ultrarealistisches bedrucktes K\u00f6rpergewebe f\u00fcr maximale visuelle Attraktivit\u00e4t<\/li>\n<li>DWR-beschichtetes, schmutzabweisendes Gewebe f\u00fcr langlebige Leistung<\/li>\n<li>Faltbares R\u00fcckgrat f\u00fcr kompakte Lagerung und Transport<\/li>\n<li>Vormontiert f\u00fcr schnellen, unkomplizierten Aufbau<\/li>\n<li>Zwei-Finger-Ziehgriff f\u00fcr einfaches Platzieren und Entfernen<\/li>\n<li>Gesch\u00e4rfte Erdspitze f\u00fcr schnelles Eindringen in den Boden<\/li>\n<li>Ablaufl\u00f6cher zur Vermeidung von Wasseransammlungen<\/li>\n<li>27 Zoll, 7 mm Erdspie\u00df f\u00fcr sicheren Stand<\/li>\n<li>18 Zoll x 12 Zoll Windsack f\u00fcr nat\u00fcrliche Bewegung<\/li>\n<\/ul>\n<p><em>Final Approach lebensechte Kanadagans-Socken mit 3D-K\u00f6pfen<\/em><\/p>\n","protected":false},"excerpt":{"rendered":"<p>Lebensechte Ringelgans-Socken mit 3D-K\u00f6pfen Die Final Approach lebensechten Ringelgans-Socken mit 3D-K\u00f6pfen kombinieren lebensechtes Aussehen mit robuster Haltbarkeit. Dieses Set enth\u00e4lt 8 Fressk\u00f6pfe und 4 aufrechte K\u00f6pfe f\u00fcr eine realistische Herdenvielfalt. Jeder verf\u00fcgt \u00fcber einen NEUEN handgeschnitzten 3D-Kopf und ultrarealistisches bedrucktes K\u00f6rpergewebe, um V\u00f6gel bei jeder Beleuchtung oder Entfernung zu t\u00e4uschen. Hergestellt aus DWR-beschichtetem, schmutzabweisendem Gewebe, [&#8230;]\n","protected":false},"featured_media":289545,"comment_status":"open","ping_status":"closed","template":"","meta":[],"product_brand":[],"product_cat":[1394],"product_tag":[],"class_list":{"0":"post-289828","1":"product","2":"type-product","3":"status-publish","4":"has-post-thumbnail","6":"product_cat-ganse-lockvogel","8":"first","9":"instock","10":"sale","11":"taxable","12":"shipping-taxable","13":"purchasable","14":"product-type-simple"},"composite_virtual":false,"composite_layout":"","composite_add_to_cart_form_location":"","composite_editable_in_cart":false,"composite_sold_individually_context":"","composite_shop_price_calc":"","composite_components":[],"composite_scenarios":[],"group_of_quantity":0,"min_quantity":0,"max_quantity":"","exclude_order_quantity_value_rules":"no","exclude_category_quantity_rules":"no","combine_variations":"no","exclude_global_add_ons":[],"addons":[],"_links":{"self":[{"href":"https:\/\/www.huntersfriend.eu\/de\/wp-json\/wp\/v2\/product\/289828","targetHints":{"allow":["GET"]}}],"collection":[{"href":"https:\/\/www.huntersfriend.eu\/de\/wp-json\/wp\/v2\/product"}],"about":[{"href":"https:\/\/www.huntersfriend.eu\/de\/wp-json\/wp\/v2\/types\/product"}],"replies":[{"embeddable":true,"href":"https:\/\/www.huntersfriend.eu\/de\/wp-json\/wp\/v2\/comments?post=289828"}],"wp:featuredmedia":[{"embeddable":true,"href":"https:\/\/www.huntersfriend.eu\/de\/wp-json\/wp\/v2\/media\/289545"}],"wp:attachment":[{"href":"https:\/\/www.huntersfriend.eu\/de\/wp-json\/wp\/v2\/media?parent=289828"}],"wp:term":[{"taxonomy":"product_brand","embeddable":true,"href":"https:\/\/www.huntersfriend.eu\/de\/wp-json\/wp\/v2\/product_brand?post=289828"},{"taxonomy":"product_cat","embeddable":true,"href":"https:\/\/www.huntersfriend.eu\/de\/wp-json\/wp\/v2\/product_cat?post=289828"},{"taxonomy":"product_tag","embeddable":true,"href":"https:\/\/www.huntersfriend.eu\/de\/wp-json\/wp\/v2\/product_tag?post=289828"}],"curies":[{"name":"wp","href":"https:\/\/api.w.org\/{rel}","templated":true}]}}