{"id":289827,"date":"2025-07-30T12:52:21","date_gmt":"2025-07-30T10:52:21","guid":{"rendered":"https:\/\/www.huntersfriend.eu\/product\/rogers-tough-hunter-360-drehstuhl\/"},"modified":"2025-10-04T19:05:00","modified_gmt":"2025-10-04T17:05:00","slug":"rogers-tough-hunter-360-drehstuhl","status":"publish","type":"product","link":"https:\/\/www.huntersfriend.eu\/de\/produkt\/rogers-tough-hunter-360-drehstuhl\/","title":{"rendered":"Rogers Tough Hunter 360\u00b0-Drehstuhl"},"content":{"rendered":"<h1>Tough Hunter 360\u00b0 klappbarer Drehstuhl<\/h1>\n<p>Der Tough Hunter 360\u00b0 Klappstuhl bietet einen vollwertigen Sitz und ist dennoch schnell und kompakt zu transportieren! Alle vier Beine lassen sich zusammen mit der R\u00fcckenlehne sehr schnell einklappen. Einmal zusammengeklappt l\u00e4sst sich dieser kompakte Stuhl leicht \u00fcber einer Schulter tragen, was ihn zu einem hervorragenden Transportstuhl macht. Der Stahlrahmen und das strapazierf\u00e4hige, verrottungsbest\u00e4ndige Netz machen diesen Stuhl bequem und zuverl\u00e4ssig.   <\/p>\n<h2>Merkmale<\/h2>\n<ul>\n<li>Robustes, verrottungsbest\u00e4ndiges Netzsitzmaterial<\/li>\n<li>Robuster Stahlrahmen<\/li>\n<li>360\u00b0 Drehbarkeit<\/li>\n<li>Leicht \u00fcberdimensionierte F\u00fc\u00dfe.<\/li>\n<li>Alle 4 F\u00fc\u00dfe bis zu 5 Zoll verstellbar (nur zum Nivellieren)<\/li>\n<li>Sitzh\u00f6he: 17,5 Zoll<\/li>\n<li>Belastbarkeit: 300 Pfund<\/li>\n<li>Produktgewicht: 17,6 Pfund<\/li>\n<\/ul>\n<p><em>Rogers Tough Hunter 360\u00b0-Drehsitz<\/em><\/p>\n","protected":false},"excerpt":{"rendered":"<p>Tough Hunter 360\u00b0 klappbarer Drehstuhl Der Tough Hunter 360\u00b0 Klappstuhl bietet einen vollwertigen Sitz und ist dennoch schnell und kompakt zu transportieren! Alle vier Beine lassen sich zusammen mit der R\u00fcckenlehne sehr schnell einklappen. Einmal zusammengeklappt l\u00e4sst sich dieser kompakte Stuhl leicht \u00fcber einer Schulter tragen, was ihn zu einem hervorragenden Transportstuhl macht. Der Stahlrahmen [&#8230;]\n","protected":false},"featured_media":289489,"comment_status":"open","ping_status":"closed","template":"","meta":[],"product_brand":[],"product_cat":[2050,1364],"product_tag":[],"class_list":{"0":"post-289827","1":"product","2":"type-product","3":"status-publish","4":"has-post-thumbnail","6":"product_cat-campingzubehor","7":"product_cat-blind-sitz","8":"product_shipping_class-medium-de","10":"first","11":"outofstock","12":"taxable","13":"shipping-taxable","14":"purchasable","15":"product-type-simple"},"composite_virtual":false,"composite_layout":"","composite_add_to_cart_form_location":"","composite_editable_in_cart":false,"composite_sold_individually_context":"","composite_shop_price_calc":"","composite_components":[],"composite_scenarios":[],"group_of_quantity":0,"min_quantity":0,"max_quantity":"","exclude_order_quantity_value_rules":"no","exclude_category_quantity_rules":"no","combine_variations":"no","exclude_global_add_ons":[],"addons":[],"_links":{"self":[{"href":"https:\/\/www.huntersfriend.eu\/de\/wp-json\/wp\/v2\/product\/289827","targetHints":{"allow":["GET"]}}],"collection":[{"href":"https:\/\/www.huntersfriend.eu\/de\/wp-json\/wp\/v2\/product"}],"about":[{"href":"https:\/\/www.huntersfriend.eu\/de\/wp-json\/wp\/v2\/types\/product"}],"replies":[{"embeddable":true,"href":"https:\/\/www.huntersfriend.eu\/de\/wp-json\/wp\/v2\/comments?post=289827"}],"wp:featuredmedia":[{"embeddable":true,"href":"https:\/\/www.huntersfriend.eu\/de\/wp-json\/wp\/v2\/media\/289489"}],"wp:attachment":[{"href":"https:\/\/www.huntersfriend.eu\/de\/wp-json\/wp\/v2\/media?parent=289827"}],"wp:term":[{"taxonomy":"product_brand","embeddable":true,"href":"https:\/\/www.huntersfriend.eu\/de\/wp-json\/wp\/v2\/product_brand?post=289827"},{"taxonomy":"product_cat","embeddable":true,"href":"https:\/\/www.huntersfriend.eu\/de\/wp-json\/wp\/v2\/product_cat?post=289827"},{"taxonomy":"product_tag","embeddable":true,"href":"https:\/\/www.huntersfriend.eu\/de\/wp-json\/wp\/v2\/product_tag?post=289827"}],"curies":[{"name":"wp","href":"https:\/\/api.w.org\/{rel}","templated":true}]}}