{"id":289826,"date":"2025-07-30T12:52:21","date_gmt":"2025-07-30T10:52:21","guid":{"rendered":"https:\/\/www.huntersfriend.eu\/product\/rogers-tough-hunter-360-klappbarer-drehsitz\/"},"modified":"2025-09-28T18:51:10","modified_gmt":"2025-09-28T16:51:10","slug":"rogers-tough-hunter-360-klappbarer-drehsitz","status":"publish","type":"product","link":"https:\/\/www.huntersfriend.eu\/de\/produkt\/rogers-tough-hunter-360-klappbarer-drehsitz\/","title":{"rendered":"Rogers Tough Hunter 360\u00b0 klappbarer Drehsitz"},"content":{"rendered":"<h1>Tough Hunter 360\u00b0 klappbarer Drehstuhl<\/h1>\n<p>Der Tough Hunter 360\u00b0 Klappstuhl bietet einen vollwertigen Sitz und ist gleichzeitig schnell und kompakt zu transportieren! Alle vier Beine lassen sich zusammen mit der R\u00fcckenlehne sehr schnell einklappen. Zusammengeklappt l\u00e4sst sich dieser kompakte Stuhl leicht \u00fcber einer Schulter tragen, was ihn zu einem gro\u00dfartigen Stuhl f\u00fcr den Transport macht. Der Stahlrahmen und das strapazierf\u00e4hige, verrottungsbest\u00e4ndige Netzgewebe machen diesen Stuhl bequem und zuverl\u00e4ssig.   <\/p>\n<h2>Merkmale<\/h2>\n<ul>\n<li>Strapazierf\u00e4higes, verrottungsbest\u00e4ndiges Netz-Sitzmaterial<\/li>\n<li>Robuster Stahlrahmen<\/li>\n<li>360\u00b0 Drehbarkeit<\/li>\n<li>Leicht \u00fcbergro\u00dfe F\u00fc\u00dfe.<\/li>\n<li>Sitzh\u00f6he: 45,72 cm<\/li>\n<li>Sitzbreite: 45,72 cm<\/li>\n<li>Sitztiefe: 38,1 cm<\/li>\n<li>Belastbarkeit: 136,08 kg<\/li>\n<li>Produktgewicht: 7,98 kg<\/li>\n<\/ul>\n","protected":false},"excerpt":{"rendered":"<p>Tough Hunter 360\u00b0 klappbarer Drehstuhl Der Tough Hunter 360\u00b0 Klappstuhl bietet einen vollwertigen Sitz und ist gleichzeitig schnell und kompakt zu transportieren! Alle vier Beine lassen sich zusammen mit der R\u00fcckenlehne sehr schnell einklappen. Zusammengeklappt l\u00e4sst sich dieser kompakte Stuhl leicht \u00fcber einer Schulter tragen, was ihn zu einem gro\u00dfartigen Stuhl f\u00fcr den Transport macht. [&#8230;]\n","protected":false},"featured_media":289518,"comment_status":"open","ping_status":"closed","template":"","meta":[],"product_brand":[],"product_cat":[1364,1171],"product_tag":[],"class_list":{"0":"post-289826","1":"product","2":"type-product","3":"status-publish","4":"has-post-thumbnail","6":"product_cat-blind-sitz","7":"product_cat-sitz-und-schirm-zubehoer","8":"product_shipping_class-medium-de","10":"first","11":"outofstock","12":"taxable","13":"shipping-taxable","14":"purchasable","15":"product-type-simple"},"composite_virtual":false,"composite_layout":"","composite_add_to_cart_form_location":"","composite_editable_in_cart":false,"composite_sold_individually_context":"","composite_shop_price_calc":"","composite_components":[],"composite_scenarios":[],"group_of_quantity":0,"min_quantity":0,"max_quantity":"","exclude_order_quantity_value_rules":"no","exclude_category_quantity_rules":"no","combine_variations":"no","exclude_global_add_ons":[],"addons":[],"_links":{"self":[{"href":"https:\/\/www.huntersfriend.eu\/de\/wp-json\/wp\/v2\/product\/289826","targetHints":{"allow":["GET"]}}],"collection":[{"href":"https:\/\/www.huntersfriend.eu\/de\/wp-json\/wp\/v2\/product"}],"about":[{"href":"https:\/\/www.huntersfriend.eu\/de\/wp-json\/wp\/v2\/types\/product"}],"replies":[{"embeddable":true,"href":"https:\/\/www.huntersfriend.eu\/de\/wp-json\/wp\/v2\/comments?post=289826"}],"wp:featuredmedia":[{"embeddable":true,"href":"https:\/\/www.huntersfriend.eu\/de\/wp-json\/wp\/v2\/media\/289518"}],"wp:attachment":[{"href":"https:\/\/www.huntersfriend.eu\/de\/wp-json\/wp\/v2\/media?parent=289826"}],"wp:term":[{"taxonomy":"product_brand","embeddable":true,"href":"https:\/\/www.huntersfriend.eu\/de\/wp-json\/wp\/v2\/product_brand?post=289826"},{"taxonomy":"product_cat","embeddable":true,"href":"https:\/\/www.huntersfriend.eu\/de\/wp-json\/wp\/v2\/product_cat?post=289826"},{"taxonomy":"product_tag","embeddable":true,"href":"https:\/\/www.huntersfriend.eu\/de\/wp-json\/wp\/v2\/product_tag?post=289826"}],"curies":[{"name":"wp","href":"https:\/\/api.w.org\/{rel}","templated":true}]}}