{"id":289825,"date":"2025-07-30T12:52:22","date_gmt":"2025-07-30T10:52:22","guid":{"rendered":"https:\/\/www.huntersfriend.eu\/product\/rogers-workin-man-360-drehstuhl\/"},"modified":"2025-11-07T08:20:05","modified_gmt":"2025-11-07T06:20:05","slug":"rogers-workin-man-360-drehstuhl","status":"publish","type":"product","link":"https:\/\/www.huntersfriend.eu\/de\/produkt\/rogers-workin-man-360-drehstuhl\/","title":{"rendered":"Rogers Workin\u2019 Man 360\u00b0 Drehstuhl"},"content":{"rendered":"<h1>Working&#8216; Man 360\u00b0 Drehstuhl<\/h1>\n<p>Der Rogers Workin&#8216; Man 360 Drehstuhl verf\u00fcgt \u00fcber ein klappbares, platzsparendes Design sowie 360 Grad Drehbarkeit. Die gepolsterte Sitzfl\u00e4che und R\u00fcckenlehne sorgen f\u00fcr langanhaltenden Komfort. Das klappbare Design und der angebrachte Tragegurt erm\u00f6glichen es Ihnen, ihn \u00fcberallhin mitzunehmen.  <strong> <\/strong><\/p>\n<h2>Merkmale<\/h2>\n<ul>\n<li>Dicke Schaumstoffpolsterung f\u00fcr Komfort<\/li>\n<li>360\u00b0 Drehbarkeit<\/li>\n<li>Robuster Stahlrahmen<\/li>\n<li>Tragegurt<\/li>\n<\/ul>\n<h2>Technische Daten<\/h2>\n<ul>\n<li>Sitzh\u00f6he: 17,75 Zoll<\/li>\n<li>Belastbarkeit: 300 lbs<\/li>\n<li>Produktgewicht: 13,7 lbs.<\/li>\n<\/ul>\n<p><em><br \/>\nRogers Workin&#8216; Man 360\u00b0 Drehstuhl in Mossy Oak Bottomland<\/em><\/p>\n","protected":false},"excerpt":{"rendered":"<p>Working&#8216; Man 360\u00b0 Drehstuhl Der Rogers Workin&#8216; Man 360 Drehstuhl verf\u00fcgt \u00fcber ein klappbares, platzsparendes Design sowie 360 Grad Drehbarkeit. Die gepolsterte Sitzfl\u00e4che und R\u00fcckenlehne sorgen f\u00fcr langanhaltenden Komfort. Das klappbare Design und der angebrachte Tragegurt erm\u00f6glichen es Ihnen, ihn \u00fcberallhin mitzunehmen. Merkmale Dicke Schaumstoffpolsterung f\u00fcr Komfort 360\u00b0 Drehbarkeit Robuster Stahlrahmen Tragegurt Technische Daten Sitzh\u00f6he: [&#8230;]\n","protected":false},"featured_media":289476,"comment_status":"open","ping_status":"closed","template":"","meta":[],"product_brand":[],"product_cat":[2050,1364,1171],"product_tag":[],"class_list":{"0":"post-289825","1":"product","2":"type-product","3":"status-publish","4":"has-post-thumbnail","6":"product_cat-campingzubehor","7":"product_cat-blind-sitz","8":"product_cat-sitz-und-schirm-zubehoer","9":"product_shipping_class-medium-de","11":"first","12":"outofstock","13":"taxable","14":"shipping-taxable","15":"purchasable","16":"product-type-simple"},"composite_virtual":false,"composite_layout":"","composite_add_to_cart_form_location":"","composite_editable_in_cart":false,"composite_sold_individually_context":"","composite_shop_price_calc":"","composite_components":[],"composite_scenarios":[],"group_of_quantity":0,"min_quantity":0,"max_quantity":"","exclude_order_quantity_value_rules":"no","exclude_category_quantity_rules":"no","combine_variations":"no","exclude_global_add_ons":[],"addons":[],"_links":{"self":[{"href":"https:\/\/www.huntersfriend.eu\/de\/wp-json\/wp\/v2\/product\/289825","targetHints":{"allow":["GET"]}}],"collection":[{"href":"https:\/\/www.huntersfriend.eu\/de\/wp-json\/wp\/v2\/product"}],"about":[{"href":"https:\/\/www.huntersfriend.eu\/de\/wp-json\/wp\/v2\/types\/product"}],"replies":[{"embeddable":true,"href":"https:\/\/www.huntersfriend.eu\/de\/wp-json\/wp\/v2\/comments?post=289825"}],"wp:featuredmedia":[{"embeddable":true,"href":"https:\/\/www.huntersfriend.eu\/de\/wp-json\/wp\/v2\/media\/289476"}],"wp:attachment":[{"href":"https:\/\/www.huntersfriend.eu\/de\/wp-json\/wp\/v2\/media?parent=289825"}],"wp:term":[{"taxonomy":"product_brand","embeddable":true,"href":"https:\/\/www.huntersfriend.eu\/de\/wp-json\/wp\/v2\/product_brand?post=289825"},{"taxonomy":"product_cat","embeddable":true,"href":"https:\/\/www.huntersfriend.eu\/de\/wp-json\/wp\/v2\/product_cat?post=289825"},{"taxonomy":"product_tag","embeddable":true,"href":"https:\/\/www.huntersfriend.eu\/de\/wp-json\/wp\/v2\/product_tag?post=289825"}],"curies":[{"name":"wp","href":"https:\/\/api.w.org\/{rel}","templated":true}]}}