{"id":289817,"date":"2025-07-30T11:23:57","date_gmt":"2025-07-30T09:23:57","guid":{"rendered":"https:\/\/www.huntersfriend.eu\/product\/final-approach-last-pass-schwarzer-kraehen-silhouetten-lockvogel\/"},"modified":"2026-01-02T12:34:07","modified_gmt":"2026-01-02T10:34:07","slug":"final-approach-last-pass-schwarzer-kraehen-silhouetten-lockvogel","status":"publish","type":"product","link":"https:\/\/www.huntersfriend.eu\/de\/produkt\/final-approach-last-pass-schwarzer-kraehen-silhouetten-lockvogel\/","title":{"rendered":"Final Approach Last Pass schwarzer Kr\u00e4hen-Silhouetten-Lockvogel"},"content":{"rendered":"<h3 data-start=\"141\" data-end=\"234\"><strong data-start=\"145\" data-end=\"234\">Final Approach Last Pass schwarze Kr\u00e4hen-Silhouetten-Lockv\u00f6gel, 12 St\u00fcck \u2013 vielseitig und kompakt<\/strong><\/h3>\n<p data-start=\"236\" data-end=\"832\">Final Approach Last Pass schwarze Kr\u00e4hen-Silhouetten-Lockv\u00f6gel bieten klare Sichtbarkeit in tiefem Schwarz und einfache Handhabung. Mit diesen Lockv\u00f6geln k\u00f6nnen Sie eine realistische Lockvogelschar erstellen, die leicht zu tragen, einfach aufzustellen und zu bewegen ist \u2013 und das alles zu einem erschwinglichen Preis. Die Lockv\u00f6gel sind aus strapazierf\u00e4higem Coroplast-Wellkunststoff gefertigt und verf\u00fcgen \u00fcber lebensechte Haltungen und eine nicht reflektierende Oberfl\u00e4che, die unerw\u00fcnschte Blendung reduziert. Der ergonomische Ez-Grab-Griff und die Federstahlstangen machen den Aufbau und die Neupositionierung schnell und m\u00fchelos. Dieses 12-teilige Set enth\u00e4lt drei verschiedene Haltungen, die eine nat\u00fcrlich aussehende Lockvogelschar bilden.    <\/p>\n<hr data-start=\"834\" data-end=\"837\">\n<h3 data-start=\"839\" data-end=\"858\"><strong data-start=\"843\" data-end=\"858\">Eignung<\/strong><\/h3>\n<p data-start=\"860\" data-end=\"1304\">Diese Lockv\u00f6gel eignen sich besonders f\u00fcr J\u00e4ger, die Raben, Kr\u00e4hen und Dohlen anlocken m\u00f6chten. Die tiefschwarze Farbgebung hebt sich deutlich von der nat\u00fcrlichen Umgebung ab und zieht die Aufmerksamkeit der Zielv\u00f6gel effektiv auf sich. Strapazierf\u00e4hige Materialien und eine nicht reflektierende Oberfl\u00e4che gew\u00e4hrleisten wiederholten Einsatz und Witterungsbest\u00e4ndigkeit. Das leichte Design und die ergonomischen Griffe machen den Auf- und Abbau der Schar schnell und einfach, ideal sowohl f\u00fcr Einzelj\u00e4ger als auch f\u00fcr gr\u00f6\u00dfere Gruppen.   <\/p>\n<hr data-start=\"1306\" data-end=\"1309\">\n<h3 data-start=\"1311\" data-end=\"1343\"><strong data-start=\"1315\" data-end=\"1343\">Technische Daten<\/strong><\/h3>\n<ul data-start=\"1345\" data-end=\"1580\">\n<li data-start=\"1345\" data-end=\"1395\">\n<p data-start=\"1347\" data-end=\"1395\">Material: Strapazierf\u00e4higer Coroplast-Wellkunststoff<\/p>\n<\/li>\n<li data-start=\"1396\" data-end=\"1418\">\n<p data-start=\"1398\" data-end=\"1418\">Druck: Tiefschwarz<\/p>\n<\/li>\n<li data-start=\"1419\" data-end=\"1446\">\n<p data-start=\"1421\" data-end=\"1446\">Oberfl\u00e4che: Nicht reflektierend<\/p>\n<\/li>\n<li data-start=\"1447\" data-end=\"1476\">\n<p data-start=\"1449\" data-end=\"1476\">Griff: Ergonomischer Ez-Grab<\/p>\n<\/li>\n<li data-start=\"1477\" data-end=\"1503\">\n<p data-start=\"1479\" data-end=\"1503\">Befestigung: Stahlstangen<\/p>\n<\/li>\n<li data-start=\"1504\" data-end=\"1580\">\n<p data-start=\"1506\" data-end=\"1534\">Lieferumfang (12 St\u00fcck):<\/p>\n<ul data-start=\"1537\" data-end=\"1580\">\n<li data-start=\"1537\" data-end=\"1551\">\n<p data-start=\"1539\" data-end=\"1551\">4 wachsamer<\/p>\n<\/li>\n<li data-start=\"1554\" data-end=\"1567\">\n<p data-start=\"1556\" data-end=\"1567\">4 fressender<\/p>\n<\/li>\n<li data-start=\"1570\" data-end=\"1580\">\n<p data-start=\"1572\" data-end=\"1580\">4 rufender<\/p>\n<\/li>\n<\/ul>\n<\/li>\n<\/ul>\n<hr data-start=\"1582\" data-end=\"1585\">\n<h3 data-start=\"1587\" data-end=\"1630\"><strong data-start=\"1591\" data-end=\"1630\">Warum sollten Sie diese Silhouetten-Lockv\u00f6gel w\u00e4hlen?<\/strong><\/h3>\n<p data-start=\"1632\" data-end=\"2152\">Final Approach Last Pass schwarze Kr\u00e4hen-Silhouetten-Lockv\u00f6gel vereinen Langlebigkeit, realistisches Aussehen und einfache Handhabung. Drei verschiedene Haltungen und pr\u00e4ziser schwarzer Druck erzeugen eine \u00fcberzeugende Schar, die Kr\u00e4hen effektiv n\u00e4her lockt. Strapazierf\u00e4hige Materialien und ergonomische Details machen dieses Set zu einer praktischen und langlebigen L\u00f6sung. Diese Lockv\u00f6gel eignen sich perfekt, um Ihre Lockvogelschar zu erweitern oder als Alternative zu Vollk\u00f6rper-Lockv\u00f6geln bei der Jagd auf mehrere Rabenvogelarten. Das Set ist zudem leicht und \u00fcber weite Strecken einfach zu transportieren.    <\/p>\n","protected":false},"excerpt":{"rendered":"<p>Final Approach Last Pass schwarze Kr\u00e4hen-Silhouetten-Lockv\u00f6gel, 12 St\u00fcck \u2013 vielseitig und kompakt Final Approach Last Pass schwarze Kr\u00e4hen-Silhouetten-Lockv\u00f6gel bieten klare Sichtbarkeit in tiefem Schwarz und einfache Handhabung. Mit diesen Lockv\u00f6geln k\u00f6nnen Sie eine realistische Lockvogelschar erstellen, die leicht zu tragen, einfach aufzustellen und zu bewegen ist \u2013 und das alles zu einem erschwinglichen Preis. Die [&#8230;]\n","protected":false},"featured_media":289753,"comment_status":"open","ping_status":"closed","template":"","meta":[],"product_brand":[],"product_cat":[1367],"product_tag":[],"class_list":{"0":"post-289817","1":"product","2":"type-product","3":"status-publish","4":"has-post-thumbnail","6":"product_cat-andere-lockvogel","8":"first","9":"instock","10":"sale","11":"taxable","12":"shipping-taxable","13":"purchasable","14":"product-type-simple"},"composite_virtual":false,"composite_layout":"","composite_add_to_cart_form_location":"","composite_editable_in_cart":false,"composite_sold_individually_context":"","composite_shop_price_calc":"","composite_components":[],"composite_scenarios":[],"group_of_quantity":0,"min_quantity":0,"max_quantity":"","exclude_order_quantity_value_rules":"no","exclude_category_quantity_rules":"no","combine_variations":"no","exclude_global_add_ons":[],"addons":[],"_links":{"self":[{"href":"https:\/\/www.huntersfriend.eu\/de\/wp-json\/wp\/v2\/product\/289817","targetHints":{"allow":["GET"]}}],"collection":[{"href":"https:\/\/www.huntersfriend.eu\/de\/wp-json\/wp\/v2\/product"}],"about":[{"href":"https:\/\/www.huntersfriend.eu\/de\/wp-json\/wp\/v2\/types\/product"}],"replies":[{"embeddable":true,"href":"https:\/\/www.huntersfriend.eu\/de\/wp-json\/wp\/v2\/comments?post=289817"}],"wp:featuredmedia":[{"embeddable":true,"href":"https:\/\/www.huntersfriend.eu\/de\/wp-json\/wp\/v2\/media\/289753"}],"wp:attachment":[{"href":"https:\/\/www.huntersfriend.eu\/de\/wp-json\/wp\/v2\/media?parent=289817"}],"wp:term":[{"taxonomy":"product_brand","embeddable":true,"href":"https:\/\/www.huntersfriend.eu\/de\/wp-json\/wp\/v2\/product_brand?post=289817"},{"taxonomy":"product_cat","embeddable":true,"href":"https:\/\/www.huntersfriend.eu\/de\/wp-json\/wp\/v2\/product_cat?post=289817"},{"taxonomy":"product_tag","embeddable":true,"href":"https:\/\/www.huntersfriend.eu\/de\/wp-json\/wp\/v2\/product_tag?post=289817"}],"curies":[{"name":"wp","href":"https:\/\/api.w.org\/{rel}","templated":true}]}}