{"id":289816,"date":"2025-07-30T11:23:56","date_gmt":"2025-07-30T09:23:56","guid":{"rendered":"https:\/\/www.huntersfriend.eu\/product\/endanflug-hd-stockentenpaar-2-stk\/"},"modified":"2025-09-03T10:05:10","modified_gmt":"2025-09-03T08:05:10","slug":"endanflug-hd-stockentenpaar-2-stk","status":"publish","type":"product","link":"https:\/\/www.huntersfriend.eu\/de\/produkt\/endanflug-hd-stockentenpaar-2-stk\/","title":{"rendered":"Endanflug HD Stockentenpaar \u2013 2 Stk."},"content":{"rendered":"<p><strong>Achtung: Online-Bestellungen sind auf zwei Kartons pro Bestellung begrenzt. F\u00fcr gr\u00f6\u00dfere Mengen kontaktieren Sie bitte direkt unseren Kundenservice bez\u00fcglich der Lieferkosten. <\/strong><\/p>\n<h3 data-start=\"136\" data-end=\"245\"><strong data-start=\"140\" data-end=\"245\">Final Approach HD Stockenten \u2013 schwimmendes Lockvogelpaar (2er-Pack) \u2013 lebensechte und langlebige schwimmende Entenlockv\u00f6gel<\/strong><\/h3>\n<p data-start=\"247\" data-end=\"775\">Die <strong data-start=\"251\" data-end=\"275\">HD Floating Mallards<\/strong> sind mit beeindruckendem Detailreichtum und f\u00fcr Langlebigkeit konzipiert, um Ihnen zu helfen, Enten unter allen Bedingungen n\u00e4her heranzulocken. Entwickelt vom 17-fachen Weltmeister <strong data-start=\"424\" data-end=\"437\">Pat Godin<\/strong>, zeichnen sich diese Lockv\u00f6gel durch au\u00dfergew\u00f6hnliche Feder- und Farbdetails aus, die ihnen ein unglaublich lebensechtes Aussehen verleihen. Der verbesserte, widerstandsf\u00e4higere Kunststoff und die optimierte Lackierung sorgen daf\u00fcr, dass der Realismus Saison f\u00fcr Saison erhalten bleibt, selbst bei starker Beanspruchung. Das einteilige Design in voller Gr\u00f6\u00dfe macht sie stabil, einfach zu handhaben und leicht zu transportieren.   <\/p>\n<hr data-start=\"777\" data-end=\"780\">\n<h3 data-start=\"782\" data-end=\"799\"><strong data-start=\"786\" data-end=\"799\">Idealer Einsatz<\/strong><\/h3>\n<p data-start=\"801\" data-end=\"1345\">Diese schwimmenden Lockv\u00f6gel eignen sich perfekt f\u00fcr die Wasservogeljagd an Seen, Teichen, Fl\u00fcssen und K\u00fcstengebieten. Dieser 2er-Pack bietet eine hervorragende M\u00f6glichkeit, hochwertige Lockv\u00f6gel in kleinen Mengen zu erwerben \u2013 sei es f\u00fcr die Jagd, zur Gartenteichdekoration oder als realistische Erg\u00e4nzung zu Ihrem bestehenden Lockvogel-Set. Die verbesserte Lackierung h\u00e4lt Wasser, Wind und Sonneneinstrahlung gut stand und sorgt daf\u00fcr, dass die Lockv\u00f6gel \u00fcber die Zeit nat\u00fcrlich aussehen. Dieses Set ist sowohl f\u00fcr erfahrene J\u00e4ger, die ihr Lockvogel-Set erweitern m\u00f6chten, als auch f\u00fcr Anf\u00e4nger geeignet, die ein zuverl\u00e4ssiges, hochwertiges Lockvogel-Set w\u00fcnschen.   <\/p>\n<hr data-start=\"1347\" data-end=\"1350\">\n<h3 data-start=\"1352\" data-end=\"1384\"><strong data-start=\"1356\" data-end=\"1384\">Technische Daten<\/strong><\/h3>\n<ul data-start=\"1386\" data-end=\"1605\">\n<li data-start=\"1386\" data-end=\"1431\">\n<p data-start=\"1388\" data-end=\"1431\"><strong data-start=\"1388\" data-end=\"1401\">Material:<\/strong> Verst\u00e4rkter, langlebiger Kunststoff<\/p>\n<\/li>\n<li data-start=\"1432\" data-end=\"1475\">\n<p data-start=\"1434\" data-end=\"1475\"><strong data-start=\"1434\" data-end=\"1444\">Lackierung:<\/strong> Verbesserte, nat\u00fcrliche Farbgebung<\/p>\n<\/li>\n<li data-start=\"1476\" data-end=\"1525\">\n<p data-start=\"1478\" data-end=\"1525\"><strong data-start=\"1478\" data-end=\"1489\">Design:<\/strong> Volle Gr\u00f6\u00dfe, einteilige Konstruktion<\/p>\n<\/li>\n<li data-start=\"1526\" data-end=\"1605\">\n<p data-start=\"1528\" data-end=\"1605\"><strong data-start=\"1528\" data-end=\"1562\">Feder- und Oberfl\u00e4chendetails:<\/strong> Entworfen vom 17-fachen Weltmeister Pat Godin<\/p>\n<\/li>\n<\/ul>\n<p data-start=\"1607\" data-end=\"1635\"><strong data-start=\"1607\" data-end=\"1633\">Lieferumfang (2 Stk.):<\/strong><\/p>\n<ul data-start=\"1636\" data-end=\"1672\">\n<li data-start=\"1636\" data-end=\"1655\">\n<p data-start=\"1638\" data-end=\"1655\">1 aufrechter Erpel<\/p>\n<\/li>\n<li data-start=\"1656\" data-end=\"1672\">\n<p data-start=\"1658\" data-end=\"1672\">1 Ente mit gesenktem Kopf<\/p>\n<\/li>\n<\/ul>\n<hr data-start=\"1674\" data-end=\"1677\">\n<h3 data-start=\"1679\" data-end=\"1722\"><strong data-start=\"1683\" data-end=\"1722\">Warum diese schwimmenden Stockenten w\u00e4hlen?<\/strong><\/h3>\n<p data-start=\"1724\" data-end=\"2074\">Der <strong data-start=\"1728\" data-end=\"1759\">HD Floating Mallards 2er-Pack<\/strong> bietet eine lebensechte, langlebige L\u00f6sung zur Anlockung von Wasserv\u00f6geln. Mit ihren pr\u00e4zisen Details und ihrer robusten Konstruktion sind diese Lockv\u00f6gel eine zuverl\u00e4ssige Erg\u00e4nzung f\u00fcr die Ausr\u00fcstung jedes Wasservogelj\u00e4gers. Dieses Set hilft Ihnen, ein realistisches, nat\u00fcrlich aussehendes Lockbild zu erzeugen, das Ihre Erfolgschancen im Feld erheblich erh\u00f6ht.  <\/p>\n","protected":false},"excerpt":{"rendered":"<p>Achtung: Online-Bestellungen sind auf zwei Kartons pro Bestellung begrenzt. F\u00fcr gr\u00f6\u00dfere Mengen kontaktieren Sie bitte direkt unseren Kundenservice bez\u00fcglich der Lieferkosten. Final Approach HD Stockenten \u2013 schwimmendes Lockvogelpaar (2er-Pack) \u2013 lebensechte und langlebige schwimmende Entenlockv\u00f6gel Die HD Floating Mallards sind mit beeindruckendem Detailreichtum und f\u00fcr Langlebigkeit konzipiert, um Ihnen zu helfen, Enten unter allen Bedingungen [&#8230;]\n","protected":false},"featured_media":289776,"comment_status":"open","ping_status":"closed","template":"","meta":[],"product_brand":[],"product_cat":[1368],"product_tag":[],"class_list":{"0":"post-289816","1":"product","2":"type-product","3":"status-publish","4":"has-post-thumbnail","6":"product_cat-enten-lockvogel","7":"product_shipping_class-big-de","9":"first","10":"instock","11":"sale","12":"taxable","13":"shipping-taxable","14":"purchasable","15":"product-type-simple"},"composite_virtual":false,"composite_layout":"","composite_add_to_cart_form_location":"","composite_editable_in_cart":false,"composite_sold_individually_context":"","composite_shop_price_calc":"","composite_components":[],"composite_scenarios":[],"group_of_quantity":0,"min_quantity":0,"max_quantity":"","exclude_order_quantity_value_rules":"no","exclude_category_quantity_rules":"no","combine_variations":"no","exclude_global_add_ons":[],"addons":[],"_links":{"self":[{"href":"https:\/\/www.huntersfriend.eu\/de\/wp-json\/wp\/v2\/product\/289816","targetHints":{"allow":["GET"]}}],"collection":[{"href":"https:\/\/www.huntersfriend.eu\/de\/wp-json\/wp\/v2\/product"}],"about":[{"href":"https:\/\/www.huntersfriend.eu\/de\/wp-json\/wp\/v2\/types\/product"}],"replies":[{"embeddable":true,"href":"https:\/\/www.huntersfriend.eu\/de\/wp-json\/wp\/v2\/comments?post=289816"}],"wp:featuredmedia":[{"embeddable":true,"href":"https:\/\/www.huntersfriend.eu\/de\/wp-json\/wp\/v2\/media\/289776"}],"wp:attachment":[{"href":"https:\/\/www.huntersfriend.eu\/de\/wp-json\/wp\/v2\/media?parent=289816"}],"wp:term":[{"taxonomy":"product_brand","embeddable":true,"href":"https:\/\/www.huntersfriend.eu\/de\/wp-json\/wp\/v2\/product_brand?post=289816"},{"taxonomy":"product_cat","embeddable":true,"href":"https:\/\/www.huntersfriend.eu\/de\/wp-json\/wp\/v2\/product_cat?post=289816"},{"taxonomy":"product_tag","embeddable":true,"href":"https:\/\/www.huntersfriend.eu\/de\/wp-json\/wp\/v2\/product_tag?post=289816"}],"curies":[{"name":"wp","href":"https:\/\/api.w.org\/{rel}","templated":true}]}}