{"id":289815,"date":"2025-07-30T11:23:56","date_gmt":"2025-07-30T09:23:56","guid":{"rendered":"https:\/\/www.huntersfriend.eu\/product\/final-approach-hd-eurasische-pfeifente\/"},"modified":"2025-09-03T10:05:08","modified_gmt":"2025-09-03T08:05:08","slug":"final-approach-hd-eurasische-pfeifente","status":"publish","type":"product","link":"https:\/\/www.huntersfriend.eu\/de\/produkt\/final-approach-hd-eurasische-pfeifente\/","title":{"rendered":"Final Approach HD Eurasische Pfeifente"},"content":{"rendered":"<h3 data-start=\"123\" data-end=\"207\"><strong>Achtung: Online-Bestellungen sind auf eine Box pro Bestellung begrenzt. F\u00fcr gr\u00f6\u00dfere Mengen kontaktieren Sie bitte direkt den Kundenservice bez\u00fcglich der Lieferkosten <\/strong><\/h3>\n<h3 data-start=\"123\" data-end=\"207\"><strong data-start=\"127\" data-end=\"207\">Final Approach HD Eurasische Pfeifenten-Lockv\u00f6gel \u2013 realistische und langlebige Lockenten<\/strong><\/h3>\n<p data-start=\"209\" data-end=\"776\">Die <strong data-start=\"213\" data-end=\"235\">HD Eurasische Pfeifenten<\/strong>-Lockv\u00f6gel verleihen Ihren Jagdgew\u00e4ssern eine lebensechte und detailreiche Pr\u00e4senz und ermutigen V\u00f6gel, selbstbewusst zu landen. Diese vollplastischen, einteiligen Lockv\u00f6gel bestehen aus robustem HDPE-Kunststoff, der Jahr f\u00fcr Jahr starker Beanspruchung und wechselnden Wetterbedingungen standh\u00e4lt. Die fein detaillierte Federstruktur wurde vom sechsmaligen Weltmeister <strong data-start=\"576\" data-end=\"592\">Tom Christie<\/strong> entworfen, was diesen Lockv\u00f6geln ein einzigartig realistisches Aussehen verleiht. Jede 6er-Packung enth\u00e4lt eine ausgewogene Mischung aus Erpeln und Enten in verschiedenen Posen, wodurch eine nat\u00fcrlich wirkende und dynamische Auslage entsteht.   <\/p>\n<hr data-start=\"778\" data-end=\"781\">\n<h3 data-start=\"783\" data-end=\"800\"><strong data-start=\"787\" data-end=\"800\">Idealer Einsatz<\/strong><\/h3>\n<p data-start=\"802\" data-end=\"1265\">Dieses Set ist ideal f\u00fcr die Jagd auf Eurasische Pfeifenten an Seen, Fl\u00fcssen und K\u00fcstengebieten, dient aber auch als hervorragende Erg\u00e4nzung zu gemischten Lockvogel-Auslagen, wenn Sie Abwechslung und Realismus hinzuf\u00fcgen m\u00f6chten. Die nat\u00fcrliche Farbgebung und die Vielfalt der Posen machen den Schwarm \u00fcberzeugender und attraktiver, selbst f\u00fcr vorsichtige V\u00f6gel. Leichte und langlebige Materialien gew\u00e4hrleisten, dass diese Lockv\u00f6gel einfach zu transportieren und einzusetzen sind, wodurch sie sowohl f\u00fcr Einzelj\u00e4ger als auch f\u00fcr gr\u00f6\u00dfere Jagdgesellschaften geeignet sind.  <\/p>\n<hr data-start=\"1267\" data-end=\"1270\">\n<h3 data-start=\"1272\" data-end=\"1304\"><strong data-start=\"1276\" data-end=\"1304\">Technische Daten<\/strong><\/h3>\n<ul data-start=\"1306\" data-end=\"1513\">\n<li data-start=\"1306\" data-end=\"1344\">\n<p data-start=\"1308\" data-end=\"1344\"><strong data-start=\"1308\" data-end=\"1321\">Material:<\/strong> Robuster HDPE-Kunststoff<\/p>\n<\/li>\n<li data-start=\"1345\" data-end=\"1411\">\n<p data-start=\"1347\" data-end=\"1411\"><strong data-start=\"1347\" data-end=\"1366\">Federdetails:<\/strong> Entworfen vom 6-fachen Weltmeister Tom Christie<\/p>\n<\/li>\n<li data-start=\"1412\" data-end=\"1454\">\n<p data-start=\"1414\" data-end=\"1454\"><strong data-start=\"1414\" data-end=\"1423\">Gr\u00f6\u00dfe:<\/strong> Lebensgro\u00df, vollplastisch<\/p>\n<\/li>\n<li data-start=\"1455\" data-end=\"1513\">\n<p data-start=\"1457\" data-end=\"1513\"><strong data-start=\"1457\" data-end=\"1474\">Konstruktion:<\/strong> Einteilig, robust und einfach zu handhaben<\/p>\n<\/li>\n<\/ul>\n<p data-start=\"1515\" data-end=\"1543\"><strong data-start=\"1515\" data-end=\"1541\">Packung enth\u00e4lt (6 Stk.):<\/strong><\/p>\n<ul data-start=\"1544\" data-end=\"1612\">\n<li data-start=\"1544\" data-end=\"1566\">\n<p data-start=\"1546\" data-end=\"1566\">2 pfeifende Erpel<\/p>\n<\/li>\n<li data-start=\"1567\" data-end=\"1595\">\n<p data-start=\"1569\" data-end=\"1595\">2 gr\u00fcndelnde Erpel<\/p>\n<\/li>\n<li data-start=\"1596\" data-end=\"1612\">\n<p data-start=\"1598\" data-end=\"1612\">2 ruhende Enten<\/p>\n<\/li>\n<\/ul>\n<hr data-start=\"1614\" data-end=\"1617\">\n<h3 data-start=\"1619\" data-end=\"1658\"><strong data-start=\"1623\" data-end=\"1658\">Warum sollten Sie diese Pfeifenten-Lockv\u00f6gel w\u00e4hlen?<\/strong><\/h3>\n<p data-start=\"1660\" data-end=\"2003\">Die <strong data-start=\"1664\" data-end=\"1686\">HD Eurasische Pfeifenten<\/strong>-Lockv\u00f6gel bieten eine realistische und langlebige L\u00f6sung f\u00fcr die Wasservogeljagd. Ihre sorgf\u00e4ltig gefertigten Formen, lebensechten Federdetails und ihr praktisches Design machen sie zu einer zuverl\u00e4ssigen Wahl f\u00fcr jede Jagd. Dieses 6-teilige Set schafft eine \u00fcberzeugende und vielf\u00e4ltige Auslage, die Ihre Erfolgschancen im Feld erheblich erh\u00f6ht.  <\/p>\n","protected":false},"excerpt":{"rendered":"<p>Achtung: Online-Bestellungen sind auf eine Box pro Bestellung begrenzt. F\u00fcr gr\u00f6\u00dfere Mengen kontaktieren Sie bitte direkt den Kundenservice bez\u00fcglich der Lieferkosten Final Approach HD Eurasische Pfeifenten-Lockv\u00f6gel \u2013 realistische und langlebige Lockenten Die HD Eurasische Pfeifenten-Lockv\u00f6gel verleihen Ihren Jagdgew\u00e4ssern eine lebensechte und detailreiche Pr\u00e4senz und ermutigen V\u00f6gel, selbstbewusst zu landen. Diese vollplastischen, einteiligen Lockv\u00f6gel bestehen aus [&#8230;]\n","protected":false},"featured_media":289763,"comment_status":"open","ping_status":"closed","template":"","meta":[],"product_brand":[],"product_cat":[1368],"product_tag":[],"class_list":{"0":"post-289815","1":"product","2":"type-product","3":"status-publish","4":"has-post-thumbnail","6":"product_cat-enten-lockvogel","7":"product_shipping_class-big-de","9":"first","10":"outofstock","11":"taxable","12":"shipping-taxable","13":"purchasable","14":"product-type-simple"},"composite_virtual":false,"composite_layout":"","composite_add_to_cart_form_location":"","composite_editable_in_cart":false,"composite_sold_individually_context":"","composite_shop_price_calc":"","composite_components":[],"composite_scenarios":[],"group_of_quantity":0,"min_quantity":0,"max_quantity":"","exclude_order_quantity_value_rules":"no","exclude_category_quantity_rules":"no","combine_variations":"no","exclude_global_add_ons":[],"addons":[],"_links":{"self":[{"href":"https:\/\/www.huntersfriend.eu\/de\/wp-json\/wp\/v2\/product\/289815","targetHints":{"allow":["GET"]}}],"collection":[{"href":"https:\/\/www.huntersfriend.eu\/de\/wp-json\/wp\/v2\/product"}],"about":[{"href":"https:\/\/www.huntersfriend.eu\/de\/wp-json\/wp\/v2\/types\/product"}],"replies":[{"embeddable":true,"href":"https:\/\/www.huntersfriend.eu\/de\/wp-json\/wp\/v2\/comments?post=289815"}],"wp:featuredmedia":[{"embeddable":true,"href":"https:\/\/www.huntersfriend.eu\/de\/wp-json\/wp\/v2\/media\/289763"}],"wp:attachment":[{"href":"https:\/\/www.huntersfriend.eu\/de\/wp-json\/wp\/v2\/media?parent=289815"}],"wp:term":[{"taxonomy":"product_brand","embeddable":true,"href":"https:\/\/www.huntersfriend.eu\/de\/wp-json\/wp\/v2\/product_brand?post=289815"},{"taxonomy":"product_cat","embeddable":true,"href":"https:\/\/www.huntersfriend.eu\/de\/wp-json\/wp\/v2\/product_cat?post=289815"},{"taxonomy":"product_tag","embeddable":true,"href":"https:\/\/www.huntersfriend.eu\/de\/wp-json\/wp\/v2\/product_tag?post=289815"}],"curies":[{"name":"wp","href":"https:\/\/api.w.org\/{rel}","templated":true}]}}