{"id":289814,"date":"2025-07-30T11:23:56","date_gmt":"2025-07-30T09:23:56","guid":{"rendered":"https:\/\/www.huntersfriend.eu\/product\/final-approach-last-pass-graugans-silhouetten-lockvogel\/"},"modified":"2026-04-15T11:38:36","modified_gmt":"2026-04-15T09:38:36","slug":"final-approach-last-pass-graugans-silhouetten-lockvogel","status":"publish","type":"product","link":"https:\/\/www.huntersfriend.eu\/de\/produkt\/final-approach-last-pass-graugans-silhouetten-lockvogel\/","title":{"rendered":"Final Approach Last Pass Graugans-Silhouetten-Lockvogel"},"content":{"rendered":"<p data-start=\"66\" data-end=\"184\"><strong data-start=\"66\" data-end=\"184\">Final Approach Last Pass Graugans-Silhouetten-Lockv\u00f6gel, 12 St\u00fcck \u2013 Eine leichte und tragbare L\u00f6sung f\u00fcr die G\u00e4nsejagd<\/strong><\/p>\n<p data-start=\"186\" data-end=\"772\">Die <em data-start=\"190\" data-end=\"242\">Final Approach Last Pass Graugans-Silhouetten-Lockv\u00f6gel<\/em> bieten eine einfache und effektive M\u00f6glichkeit, ein realistisches und \u00fcberzeugendes Lockbild zu erstellen, ohne die Last schwerer Ausr\u00fcstung. Hergestellt aus hochwertiger und langlebiger Polymer-Wellpappe, verf\u00fcgen die Lockv\u00f6gel \u00fcber fotorealistische Drucke, die ihnen ein lebensechtes Aussehen verleihen. Etwas gr\u00f6\u00dfer als echte G\u00e4nse, sind sie aus der Ferne besser sichtbar, was die Lockwirkung auf die Herde erh\u00f6ht. Ihre leichte Konstruktion und die mitgelieferten Metallpf\u00e4hle erm\u00f6glichen einen schnellen und m\u00fchelosen Aufbau \u2013 die perfekte L\u00f6sung f\u00fcr J\u00e4ger, die sowohl Mobilit\u00e4t als auch Effektivit\u00e4t sch\u00e4tzen.   <\/p>\n<p data-start=\"774\" data-end=\"1282\"><strong data-start=\"774\" data-end=\"787\">Idealer Einsatz<\/strong><br data-start=\"787\" data-end=\"790\">Diese Silhouetten-Lockv\u00f6gel eignen sich besonders f\u00fcr Felder oder offenes Gel\u00e4nde, wo ein schnell einsetzbares und leicht transportierbares Lockbild ben\u00f6tigt wird. Dank ihres geringen Gewichts kann selbst eine gr\u00f6\u00dfere Anzahl problemlos transportiert werden, und die realistische Darstellung lockt G\u00e4nse effektiv n\u00e4her heran. Die verschiedenen Haltungen \u2013 fressend, wachsam und gehend \u2013 verleihen der Herde Vielfalt und Realismus, was ihre Effektivit\u00e4t erheblich steigert. Dieses Set eignet sich sowohl f\u00fcr Einzelj\u00e4ger als auch als Teil eines gr\u00f6\u00dferen Gruppenaufbaus.   <\/p>\n<p data-start=\"1284\" data-end=\"1314\"><strong data-start=\"1284\" data-end=\"1312\">Technische Spezifikationen<\/strong><\/p>\n<ul data-start=\"1315\" data-end=\"1724\">\n<li data-start=\"1315\" data-end=\"1367\">\n<p data-start=\"1317\" data-end=\"1367\"><strong data-start=\"1317\" data-end=\"1330\">Material:<\/strong> Strapazierf\u00e4hige Coroplast-Wellplatte<\/p>\n<\/li>\n<li data-start=\"1368\" data-end=\"1423\">\n<p data-start=\"1370\" data-end=\"1423\"><strong data-start=\"1370\" data-end=\"1380\">Druck:<\/strong> Hochaufl\u00f6sende, fotorealistische Abbildung<\/p>\n<\/li>\n<li data-start=\"1424\" data-end=\"1455\">\n<p data-start=\"1426\" data-end=\"1455\"><strong data-start=\"1426\" data-end=\"1438\">Oberfl\u00e4che:<\/strong> Nicht-reflektierend<\/p>\n<\/li>\n<li data-start=\"1456\" data-end=\"1489\">\n<p data-start=\"1458\" data-end=\"1489\"><strong data-start=\"1458\" data-end=\"1469\">Griff:<\/strong> ergonomischer Ez-Grab<\/p>\n<\/li>\n<li data-start=\"1490\" data-end=\"1527\">\n<p data-start=\"1492\" data-end=\"1527\"><strong data-start=\"1492\" data-end=\"1505\">Montage:<\/strong> Federstahl-Erdspie\u00dfe<\/p>\n<\/li>\n<li data-start=\"1528\" data-end=\"1595\">\n<p data-start=\"1530\" data-end=\"1595\"><strong data-start=\"1530\" data-end=\"1539\">Gr\u00f6\u00dfe:<\/strong> Etwas gr\u00f6\u00dfer als echte G\u00e4nse f\u00fcr bessere Sichtbarkeit<\/p>\n<\/li>\n<li data-start=\"1596\" data-end=\"1649\">\n<p data-start=\"1598\" data-end=\"1649\"><strong data-start=\"1598\" data-end=\"1615\">Konstruktion:<\/strong> Leichte 2D-Wellpappe<\/p>\n<\/li>\n<li data-start=\"1650\" data-end=\"1724\">\n<p data-start=\"1652\" data-end=\"1724\"><strong data-start=\"1652\" data-end=\"1663\">Erdspie\u00dfe:<\/strong> 12 doppelte Metall-Befestigungsspie\u00dfe f\u00fcr schnellen und stabilen Aufbau<\/p>\n<\/li>\n<\/ul>\n<p data-start=\"1726\" data-end=\"1758\"><strong data-start=\"1726\" data-end=\"1756\">Lieferumfang (12 St\u00fcck):<\/strong><\/p>\n<ul data-start=\"1759\" data-end=\"1828\">\n<li data-start=\"1759\" data-end=\"1788\">\n<p data-start=\"1761\" data-end=\"1788\">4 G\u00e4nse in wachsamer Haltung<\/p>\n<\/li>\n<li data-start=\"1789\" data-end=\"1808\">\n<p data-start=\"1791\" data-end=\"1808\">4 G\u00e4nse gehend<\/p>\n<\/li>\n<li data-start=\"1809\" data-end=\"1828\">\n<p data-start=\"1811\" data-end=\"1828\">4 G\u00e4nse fressend<\/p>\n<\/li>\n<\/ul>\n<p data-start=\"1830\" data-end=\"2319\"><strong data-start=\"1830\" data-end=\"1862\">Warum Silhouetten-Lockv\u00f6gel w\u00e4hlen<\/strong><br data-start=\"1862\" data-end=\"1865\">Dieses 12-teilige Silhouetten-Lockvogel-Set kombiniert einfachen Transport, schnellen Aufbau und realistisches Aussehen. Die leichte Bauweise macht sie ideal f\u00fcr lange Wanderungen, w\u00e4hrend die fotorealistischen Darstellungen und die verschiedenen Posen Ihrem Lockbild Glaubw\u00fcrdigkeit und Attraktivit\u00e4t verleihen. Wenn Sie eine praktische und effektive L\u00f6sung suchen, um G\u00e4nse ohne schwere Ausr\u00fcstung anzulocken, ist dieses Set eine sichere Wahl. Diese Lockv\u00f6gel eignen sich auch gut als Erg\u00e4nzung zu Vollk\u00f6rper-Lockv\u00f6geln.   <\/p>\n","protected":false},"excerpt":{"rendered":"<p>Final Approach Last Pass Graugans-Silhouetten-Lockv\u00f6gel, 12 St\u00fcck \u2013 Eine leichte und tragbare L\u00f6sung f\u00fcr die G\u00e4nsejagd Die Final Approach Last Pass Graugans-Silhouetten-Lockv\u00f6gel bieten eine einfache und effektive M\u00f6glichkeit, ein realistisches und \u00fcberzeugendes Lockbild zu erstellen, ohne die Last schwerer Ausr\u00fcstung. Hergestellt aus hochwertiger und langlebiger Polymer-Wellpappe, verf\u00fcgen die Lockv\u00f6gel \u00fcber fotorealistische Drucke, die ihnen ein [&#8230;]\n","protected":false},"featured_media":289678,"comment_status":"open","ping_status":"closed","template":"","meta":[],"product_brand":[],"product_cat":[1394],"product_tag":[],"class_list":{"0":"post-289814","1":"product","2":"type-product","3":"status-publish","4":"has-post-thumbnail","6":"product_cat-ganse-lockvogel","7":"product_shipping_class-big-de","9":"first","10":"outofstock","11":"taxable","12":"shipping-taxable","13":"purchasable","14":"product-type-simple"},"composite_virtual":false,"composite_layout":"","composite_add_to_cart_form_location":"","composite_editable_in_cart":false,"composite_sold_individually_context":"","composite_shop_price_calc":"","composite_components":[],"composite_scenarios":[],"group_of_quantity":0,"min_quantity":0,"max_quantity":"","exclude_order_quantity_value_rules":"no","exclude_category_quantity_rules":"no","combine_variations":"no","exclude_global_add_ons":[],"addons":[],"_links":{"self":[{"href":"https:\/\/www.huntersfriend.eu\/de\/wp-json\/wp\/v2\/product\/289814","targetHints":{"allow":["GET"]}}],"collection":[{"href":"https:\/\/www.huntersfriend.eu\/de\/wp-json\/wp\/v2\/product"}],"about":[{"href":"https:\/\/www.huntersfriend.eu\/de\/wp-json\/wp\/v2\/types\/product"}],"replies":[{"embeddable":true,"href":"https:\/\/www.huntersfriend.eu\/de\/wp-json\/wp\/v2\/comments?post=289814"}],"wp:featuredmedia":[{"embeddable":true,"href":"https:\/\/www.huntersfriend.eu\/de\/wp-json\/wp\/v2\/media\/289678"}],"wp:attachment":[{"href":"https:\/\/www.huntersfriend.eu\/de\/wp-json\/wp\/v2\/media?parent=289814"}],"wp:term":[{"taxonomy":"product_brand","embeddable":true,"href":"https:\/\/www.huntersfriend.eu\/de\/wp-json\/wp\/v2\/product_brand?post=289814"},{"taxonomy":"product_cat","embeddable":true,"href":"https:\/\/www.huntersfriend.eu\/de\/wp-json\/wp\/v2\/product_cat?post=289814"},{"taxonomy":"product_tag","embeddable":true,"href":"https:\/\/www.huntersfriend.eu\/de\/wp-json\/wp\/v2\/product_tag?post=289814"}],"curies":[{"name":"wp","href":"https:\/\/api.w.org\/{rel}","templated":true}]}}