{"id":289807,"date":"2025-07-30T11:23:57","date_gmt":"2025-07-30T09:23:57","guid":{"rendered":"https:\/\/www.huntersfriend.eu\/product\/final-approach-last-pass-stockenten-silhouetten-lockvoegel-12-stk\/"},"modified":"2026-04-16T07:30:30","modified_gmt":"2026-04-16T05:30:30","slug":"final-approach-last-pass-stockenten-silhouetten-lockvoegel-12-stk","status":"publish","type":"product","link":"https:\/\/www.huntersfriend.eu\/de\/produkt\/final-approach-last-pass-stockenten-silhouetten-lockvoegel-12-stk\/","title":{"rendered":"Final Approach Last Pass Stockenten-Silhouetten-Lockv\u00f6gel 12 Stk."},"content":{"rendered":"<h3 data-start=\"137\" data-end=\"249\"><strong data-start=\"141\" data-end=\"249\">Final Approach Last Pass Stockenten-Silhouetten-Lockv\u00f6gel \u2013 12 Stk. \u2013 realistische und langlebige Wasserwild-Lockv\u00f6gel<\/strong><\/h3>\n<p data-start=\"251\" data-end=\"779\">Die <em data-start=\"255\" data-end=\"292\">Last Pass Mallard Silhouette Decoys<\/em> bieten eine lebensechte Lockvogel-Auslage f\u00fcr die Wasserwildjagd, die leicht zu tragen, aufzustellen und neu zu positionieren ist \u2013 alles zu einem budgetfreundlichen Preis. Hergestellt aus strapazierf\u00e4higem Wellkunststoff (Coroplast), verf\u00fcgen diese Lockv\u00f6gel \u00fcber lebensechte Haltungen, hochaufl\u00f6sende Drucke und eine nicht-reflektierende Oberfl\u00e4che, die unerw\u00fcnschte Blendung eliminiert. Der ergonomische Ez-Grab-Griff und die Federstahl-Erdspie\u00dfe machen den Einsatz schnell und problemlos. Dieses 12-teilige Set umfasst eine Vielzahl von Posen, die eine nat\u00fcrliche und \u00fcberzeugende Auslage schaffen.   <\/p>\n<hr data-start=\"781\" data-end=\"784\">\n<h3 data-start=\"786\" data-end=\"803\"><strong data-start=\"790\" data-end=\"803\">Idealer Einsatz<\/strong><\/h3>\n<p data-start=\"804\" data-end=\"1275\">Diese Lockv\u00f6gel eignen sich besonders gut f\u00fcr die Entenjagd auf offenem Wasser und im Feld. Die Vielfalt der Posen \u2013 stehend, fressend und gehend \u2013 verleiht Ihrer Lockvogel-Anordnung zus\u00e4tzlichen Realismus und hilft, selbst vorsichtige V\u00f6gel anzulocken. Das robuste Material und die nicht-reflektierende Oberfl\u00e4che stellen sicher, dass die Lockv\u00f6gel h\u00e4ufigem Gebrauch und verschiedenen Wetterbedingungen standhalten. Ihr leichtes Design und ihre ergonomischen Eigenschaften machen den Auf- und Abbau schnell und einfach, egal ob Sie alleine oder in einer Gruppe jagen.   <\/p>\n<hr data-start=\"1277\" data-end=\"1280\">\n<h3 data-start=\"1282\" data-end=\"1314\"><strong data-start=\"1286\" data-end=\"1314\">Technische Daten<\/strong><\/h3>\n<ul data-start=\"1315\" data-end=\"1564\">\n<li data-start=\"1315\" data-end=\"1367\">\n<p data-start=\"1317\" data-end=\"1367\"><strong data-start=\"1317\" data-end=\"1330\">Material:<\/strong> Strapazierf\u00e4hige Coroplast-Wellplatte<\/p>\n<\/li>\n<li data-start=\"1368\" data-end=\"1416\">\n<p data-start=\"1370\" data-end=\"1416\"><strong data-start=\"1370\" data-end=\"1380\">Druck:<\/strong> Hochaufl\u00f6sende, lebensechte Abbildungen<\/p>\n<\/li>\n<li data-start=\"1417\" data-end=\"1448\">\n<p data-start=\"1419\" data-end=\"1448\"><strong data-start=\"1419\" data-end=\"1431\">Oberfl\u00e4che:<\/strong> Nicht-reflektierend<\/p>\n<\/li>\n<li data-start=\"1449\" data-end=\"1482\">\n<p data-start=\"1451\" data-end=\"1482\"><strong data-start=\"1451\" data-end=\"1462\">Griff:<\/strong> ergonomischer Ez-Grab<\/p>\n<\/li>\n<li data-start=\"1483\" data-end=\"1520\">\n<p data-start=\"1485\" data-end=\"1520\"><strong data-start=\"1485\" data-end=\"1498\">Montage:<\/strong> Federstahl-Erdspie\u00dfe<\/p>\n<\/li>\n<li data-start=\"1521\" data-end=\"1564\">\n<p data-start=\"1523\" data-end=\"1564\"><strong data-start=\"1523\" data-end=\"1534\">L\u00e4nge:<\/strong> 43\u201361 cm, je nach Pose<\/p>\n<\/li>\n<\/ul>\n<p data-start=\"1566\" data-end=\"1594\"><strong data-start=\"1566\" data-end=\"1592\">Set beinhaltet (12 St\u00fcck):<\/strong><\/p>\n<ul data-start=\"1595\" data-end=\"1711\">\n<li data-start=\"1595\" data-end=\"1622\">\n<p data-start=\"1597\" data-end=\"1622\">2 aufrechte Erpel (m\u00e4nnlich)<\/p>\n<\/li>\n<li data-start=\"1623\" data-end=\"1645\">\n<p data-start=\"1625\" data-end=\"1645\">4 suchende Erpel<\/p>\n<\/li>\n<li data-start=\"1646\" data-end=\"1666\">\n<p data-start=\"1648\" data-end=\"1666\">2 fressende Erpel<\/p>\n<\/li>\n<li data-start=\"1667\" data-end=\"1694\">\n<p data-start=\"1669\" data-end=\"1694\">2 aufrechte Enten (weiblich)<\/p>\n<\/li>\n<li data-start=\"1695\" data-end=\"1711\">\n<p data-start=\"1697\" data-end=\"1711\">2 fressende Enten<\/p>\n<\/li>\n<\/ul>\n<hr data-start=\"1713\" data-end=\"1716\">\n<h3 data-start=\"1718\" data-end=\"1761\"><strong data-start=\"1722\" data-end=\"1761\">Warum sollten Sie diese Silhouetten-Lockv\u00f6gel w\u00e4hlen?<\/strong><\/h3>\n<p data-start=\"1762\" data-end=\"2217\">Die <em data-start=\"1766\" data-end=\"1818\">Final Approach Last Pass Mallard Silhouette Decoys<\/em> vereinen Haltbarkeit, Realismus und Benutzerfreundlichkeit. Die verschiedenen Posen und der scharfe Fotodruck erzeugen eine glaubw\u00fcrdige Herde, die V\u00f6gel effektiv anlockt. Langlebig gebaut und auf Komfort ausgelegt, ist dieses Set eine praktische und zuverl\u00e4ssige Wahl f\u00fcr jeden Entenj\u00e4ger. Ideal zur Vergr\u00f6\u00dferung Ihrer Auslage oder als leichte Alternative zu Vollk\u00f6rper-Lockv\u00f6geln. Leicht zu tragen, auch \u00fcber lange Strecken.    <\/p>\n","protected":false},"excerpt":{"rendered":"<p>Final Approach Last Pass Stockenten-Silhouetten-Lockv\u00f6gel \u2013 12 Stk. \u2013 realistische und langlebige Wasserwild-Lockv\u00f6gel Die Last Pass Mallard Silhouette Decoys bieten eine lebensechte Lockvogel-Auslage f\u00fcr die Wasserwildjagd, die leicht zu tragen, aufzustellen und neu zu positionieren ist \u2013 alles zu einem budgetfreundlichen Preis. Hergestellt aus strapazierf\u00e4higem Wellkunststoff (Coroplast), verf\u00fcgen diese Lockv\u00f6gel \u00fcber lebensechte Haltungen, hochaufl\u00f6sende Drucke [&#8230;]\n","protected":false},"featured_media":289708,"comment_status":"open","ping_status":"closed","template":"","meta":[],"product_brand":[],"product_cat":[1368],"product_tag":[],"class_list":{"0":"post-289807","1":"product","2":"type-product","3":"status-publish","4":"has-post-thumbnail","6":"product_cat-enten-lockvogel","8":"first","9":"outofstock","10":"taxable","11":"shipping-taxable","12":"purchasable","13":"product-type-simple"},"composite_virtual":false,"composite_layout":"","composite_add_to_cart_form_location":"","composite_editable_in_cart":false,"composite_sold_individually_context":"","composite_shop_price_calc":"","composite_components":[],"composite_scenarios":[],"group_of_quantity":0,"min_quantity":0,"max_quantity":"","exclude_order_quantity_value_rules":"no","exclude_category_quantity_rules":"no","combine_variations":"no","exclude_global_add_ons":[],"addons":[],"_links":{"self":[{"href":"https:\/\/www.huntersfriend.eu\/de\/wp-json\/wp\/v2\/product\/289807","targetHints":{"allow":["GET"]}}],"collection":[{"href":"https:\/\/www.huntersfriend.eu\/de\/wp-json\/wp\/v2\/product"}],"about":[{"href":"https:\/\/www.huntersfriend.eu\/de\/wp-json\/wp\/v2\/types\/product"}],"replies":[{"embeddable":true,"href":"https:\/\/www.huntersfriend.eu\/de\/wp-json\/wp\/v2\/comments?post=289807"}],"wp:featuredmedia":[{"embeddable":true,"href":"https:\/\/www.huntersfriend.eu\/de\/wp-json\/wp\/v2\/media\/289708"}],"wp:attachment":[{"href":"https:\/\/www.huntersfriend.eu\/de\/wp-json\/wp\/v2\/media?parent=289807"}],"wp:term":[{"taxonomy":"product_brand","embeddable":true,"href":"https:\/\/www.huntersfriend.eu\/de\/wp-json\/wp\/v2\/product_brand?post=289807"},{"taxonomy":"product_cat","embeddable":true,"href":"https:\/\/www.huntersfriend.eu\/de\/wp-json\/wp\/v2\/product_cat?post=289807"},{"taxonomy":"product_tag","embeddable":true,"href":"https:\/\/www.huntersfriend.eu\/de\/wp-json\/wp\/v2\/product_tag?post=289807"}],"curies":[{"name":"wp","href":"https:\/\/api.w.org\/{rel}","templated":true}]}}