{"id":289806,"date":"2025-07-30T11:23:58","date_gmt":"2025-07-30T09:23:58","guid":{"rendered":"https:\/\/www.huntersfriend.eu\/product\/beflockte-lebensechte-taubensilhouette-fuer-den-endanflug\/"},"modified":"2025-09-03T10:04:25","modified_gmt":"2025-09-03T08:04:25","slug":"beflockte-lebensechte-taubensilhouette-fuer-den-endanflug","status":"publish","type":"product","link":"https:\/\/www.huntersfriend.eu\/de\/produkt\/beflockte-lebensechte-taubensilhouette-fuer-den-endanflug\/","title":{"rendered":"Beflockte lebensechte Taubensilhouette f\u00fcr den Endanflug"},"content":{"rendered":"<h3 data-start=\"134\" data-end=\"248\"><strong data-start=\"138\" data-end=\"248\">Final Approach beflockte lebensechte Taubensilhouetten-Lockv\u00f6gel \u2013 realistisch und leicht zur Erweiterung Ihres Lockbilds<\/strong><\/h3>\n<p data-start=\"250\" data-end=\"1016\">Die <em data-start=\"254\" data-end=\"308\">Final Approach lebensechte beflockte Taubensilhouetten-Lockv\u00f6gel<\/em> erm\u00f6glichen es, ein realistisches und \u00fcberzeugendes Lockbild zu erstellen, das leicht, schnell aufzustellen und budgetfreundlich ist. Hergestellt aus strapazierf\u00e4higem Coroplast (Wellkunststoff), verf\u00fcgen diese Lockv\u00f6gel \u00fcber lebensechte Haltungen, hochaufl\u00f6senden Druck und eine <strong data-start=\"552\" data-end=\"587\">beflockte, nicht reflektierende Oberfl\u00e4che<\/strong>, die unerw\u00fcnschten Glanz eliminiert. Dieses Set ist ideal zur Erweiterung Ihres Lockbilds oder als leichte Alternative zu Vollk\u00f6rper-Lockv\u00f6geln. Wenn sie in B\u00e4umen aufgeh\u00e4ngt werden, sind die Lockv\u00f6gel leicht anzuheben und erg\u00e4nzen Bodenaufbauten auf nat\u00fcrliche Weise. Der ergonomische Ez-Grab-Griff und die Federstahl-Erdspie\u00dfe erm\u00f6glichen einen schnellen und m\u00fchelosen Aufbau und eine einfache Neupositionierung. Dieses 12-teilige Set enth\u00e4lt drei verschiedene Posen f\u00fcr ein nat\u00fcrliches und dynamisches Erscheinungsbild.     <\/p>\n<hr data-start=\"1018\" data-end=\"1021\">\n<h3 data-start=\"1023\" data-end=\"1040\"><strong data-start=\"1027\" data-end=\"1040\">Idealer Einsatz<\/strong><\/h3>\n<p data-start=\"1042\" data-end=\"1391\">Diese Lockv\u00f6gel eignen sich besonders f\u00fcr Taubenj\u00e4ger. Die beflockte Oberfl\u00e4che minimiert Blendung und macht sie auch bei hellen Bedingungen effektiv. Die robuste Konstruktion h\u00e4lt wiederholtem Gebrauch und wechselndem Wetter stand, w\u00e4hrend das leichte Design und die ergonomischen Merkmale den Transport und Aufbau erleichtern \u2013 perfekt f\u00fcr Einzelj\u00e4ger oder gr\u00f6\u00dfere Gruppen.  <\/p>\n<hr data-start=\"1393\" data-end=\"1396\">\n<h3 data-start=\"1398\" data-end=\"1430\"><strong data-start=\"1402\" data-end=\"1430\">Technische Daten<\/strong><\/h3>\n<ul data-start=\"1432\" data-end=\"1646\">\n<li data-start=\"1432\" data-end=\"1488\">\n<p data-start=\"1434\" data-end=\"1488\"><strong data-start=\"1434\" data-end=\"1447\">Material:<\/strong> Strapazierf\u00e4higes Coroplast (Wellkunststoff)<\/p>\n<\/li>\n<li data-start=\"1489\" data-end=\"1537\">\n<p data-start=\"1491\" data-end=\"1537\"><strong data-start=\"1491\" data-end=\"1501\">Druck:<\/strong> Hochaufl\u00f6sende, lebensechte Abbildungen<\/p>\n<\/li>\n<li data-start=\"1538\" data-end=\"1581\">\n<p data-start=\"1540\" data-end=\"1581\"><strong data-start=\"1540\" data-end=\"1552\">Oberfl\u00e4che:<\/strong> Beflockt und nicht reflektierend<\/p>\n<\/li>\n<li data-start=\"1582\" data-end=\"1615\">\n<p data-start=\"1584\" data-end=\"1615\"><strong data-start=\"1584\" data-end=\"1595\">Griff:<\/strong> ergonomischer Ez-Grab<\/p>\n<\/li>\n<li data-start=\"1616\" data-end=\"1646\">\n<p data-start=\"1618\" data-end=\"1646\"><strong data-start=\"1618\" data-end=\"1631\">Befestigung:<\/strong> Stahlpf\u00e4hle<\/p>\n<\/li>\n<\/ul>\n<p data-start=\"1648\" data-end=\"1680\"><strong data-start=\"1648\" data-end=\"1678\">Lieferumfang (12 Stk.):<\/strong><\/p>\n<ul data-start=\"1681\" data-end=\"1742\">\n<li data-start=\"1681\" data-end=\"1700\">\n<p data-start=\"1683\" data-end=\"1700\">4 wachsame Tauben<\/p>\n<\/li>\n<li data-start=\"1701\" data-end=\"1722\">\n<p data-start=\"1703\" data-end=\"1722\">4 fressende Tauben<\/p>\n<\/li>\n<li data-start=\"1723\" data-end=\"1742\">\n<p data-start=\"1725\" data-end=\"1742\">4 laufende Tauben<\/p>\n<\/li>\n<\/ul>\n<hr data-start=\"1744\" data-end=\"1747\">\n<h3 data-start=\"1749\" data-end=\"1792\"><strong data-start=\"1753\" data-end=\"1792\">Warum sollten Sie diese Silhouetten-Lockv\u00f6gel w\u00e4hlen?<\/strong><\/h3>\n<p data-start=\"1794\" data-end=\"2301\">Die <em data-start=\"1798\" data-end=\"1852\">Final Approach lebensechte beflockte Taubensilhouetten-Lockv\u00f6gel<\/em> vereinen Haltbarkeit, Realismus und benutzerfreundliches Design. Mit mehreren Posen und detaillierten Drucken erzeugen sie ein lebensechtes Lockbild, das V\u00f6gel effektiver anlockt. Die beflockte, blendfreie Oberfl\u00e4che erh\u00f6ht den Realismus und reduziert Glanz, der scheue V\u00f6gel verschrecken k\u00f6nnte. Diese Lockv\u00f6gel sind eine intelligente, langlebige L\u00f6sung f\u00fcr J\u00e4ger, die ihr Lockbild erweitern oder leicht reisen m\u00f6chten. Sie passen auch gut zu Vollk\u00f6rper-Lockv\u00f6geln und sind \u00fcber lange Strecken leicht zu transportieren.    <\/p>\n","protected":false},"excerpt":{"rendered":"<p>Final Approach beflockte lebensechte Taubensilhouetten-Lockv\u00f6gel \u2013 realistisch und leicht zur Erweiterung Ihres Lockbilds Die Final Approach lebensechte beflockte Taubensilhouetten-Lockv\u00f6gel erm\u00f6glichen es, ein realistisches und \u00fcberzeugendes Lockbild zu erstellen, das leicht, schnell aufzustellen und budgetfreundlich ist. Hergestellt aus strapazierf\u00e4higem Coroplast (Wellkunststoff), verf\u00fcgen diese Lockv\u00f6gel \u00fcber lebensechte Haltungen, hochaufl\u00f6senden Druck und eine beflockte, nicht reflektierende Oberfl\u00e4che, die [&#8230;]\n","protected":false},"featured_media":289741,"comment_status":"open","ping_status":"closed","template":"","meta":[],"product_brand":[],"product_cat":[1367],"product_tag":[],"class_list":{"0":"post-289806","1":"product","2":"type-product","3":"status-publish","4":"has-post-thumbnail","6":"product_cat-andere-lockvogel","8":"first","9":"instock","10":"sale","11":"taxable","12":"shipping-taxable","13":"purchasable","14":"product-type-simple"},"composite_virtual":false,"composite_layout":"","composite_add_to_cart_form_location":"","composite_editable_in_cart":false,"composite_sold_individually_context":"","composite_shop_price_calc":"","composite_components":[],"composite_scenarios":[],"group_of_quantity":0,"min_quantity":0,"max_quantity":"","exclude_order_quantity_value_rules":"no","exclude_category_quantity_rules":"no","combine_variations":"no","exclude_global_add_ons":[],"addons":[],"_links":{"self":[{"href":"https:\/\/www.huntersfriend.eu\/de\/wp-json\/wp\/v2\/product\/289806","targetHints":{"allow":["GET"]}}],"collection":[{"href":"https:\/\/www.huntersfriend.eu\/de\/wp-json\/wp\/v2\/product"}],"about":[{"href":"https:\/\/www.huntersfriend.eu\/de\/wp-json\/wp\/v2\/types\/product"}],"replies":[{"embeddable":true,"href":"https:\/\/www.huntersfriend.eu\/de\/wp-json\/wp\/v2\/comments?post=289806"}],"wp:featuredmedia":[{"embeddable":true,"href":"https:\/\/www.huntersfriend.eu\/de\/wp-json\/wp\/v2\/media\/289741"}],"wp:attachment":[{"href":"https:\/\/www.huntersfriend.eu\/de\/wp-json\/wp\/v2\/media?parent=289806"}],"wp:term":[{"taxonomy":"product_brand","embeddable":true,"href":"https:\/\/www.huntersfriend.eu\/de\/wp-json\/wp\/v2\/product_brand?post=289806"},{"taxonomy":"product_cat","embeddable":true,"href":"https:\/\/www.huntersfriend.eu\/de\/wp-json\/wp\/v2\/product_cat?post=289806"},{"taxonomy":"product_tag","embeddable":true,"href":"https:\/\/www.huntersfriend.eu\/de\/wp-json\/wp\/v2\/product_tag?post=289806"}],"curies":[{"name":"wp","href":"https:\/\/api.w.org\/{rel}","templated":true}]}}