{"id":289804,"date":"2025-07-30T11:23:57","date_gmt":"2025-07-30T09:23:57","guid":{"rendered":"https:\/\/www.huntersfriend.eu\/product\/final-approach-last-pass-kraehen-silhouette-beflockt\/"},"modified":"2025-09-03T10:04:22","modified_gmt":"2025-09-03T08:04:22","slug":"final-approach-last-pass-kraehen-silhouette-beflockt","status":"publish","type":"product","link":"https:\/\/www.huntersfriend.eu\/de\/produkt\/final-approach-last-pass-kraehen-silhouette-beflockt\/","title":{"rendered":"Final Approach Last Pass Kr\u00e4hen-Silhouette beflockt"},"content":{"rendered":"<h3 data-start=\"142\" data-end=\"237\"><strong data-start=\"146\" data-end=\"237\">Final Approach Last Pass beflockte Kr\u00e4hen-Silhouetten-Lockv\u00f6gel, 12 St\u00fcck \u2013 vielseitig und kompakt<\/strong><\/h3>\n<p data-start=\"239\" data-end=\"914\">Die <em data-start=\"243\" data-end=\"292\">Final Approach Last Pass Kr\u00e4hen-Silhouetten-Lockv\u00f6gel<\/em> bieten verbesserte Sichtbarkeit und Benutzerfreundlichkeit mit einem vereinfachten Schwarz-Grau-Finish. Die <strong data-start=\"376\" data-end=\"395\">beflockte Oberfl\u00e4che<\/strong> eliminiert unerw\u00fcnschten Glanz, der scharfsichtige, erfahrene Kr\u00e4hen alarmieren k\u00f6nnte. Diese Lockv\u00f6gel helfen Ihnen, eine realistische und \u00fcberzeugende Auslage zu erstellen, die leicht zu transportieren, aufzustellen und neu zu positionieren ist \u2013 alles zu einem budgetfreundlichen Preis. Hergestellt aus strapazierf\u00e4higem Wellkunststoff (Coroplast), verf\u00fcgen sie \u00fcber lebensechte Haltungen und eine <strong data-start=\"694\" data-end=\"729\">nicht reflektierende, beflockte Oberfl\u00e4che<\/strong> f\u00fcr zus\u00e4tzlichen Realismus. Der ergonomische Ez-Grab-Griff und die Federstahlpf\u00e4hle erm\u00f6glichen einen schnellen und einfachen Einsatz. Dieses 12-teilige Set bietet drei verschiedene Posen f\u00fcr eine nat\u00fcrlich aussehende Herde.     <\/p>\n<hr data-start=\"916\" data-end=\"919\">\n<h3 data-start=\"921\" data-end=\"938\"><strong data-start=\"925\" data-end=\"938\">Idealer Einsatz<\/strong><\/h3>\n<p data-start=\"939\" data-end=\"1302\">Diese Lockv\u00f6gel sind speziell f\u00fcr die Kr\u00e4henjagd konzipiert. Das schlichte Schwarz-Grau-Farbschema hebt sich deutlich von nat\u00fcrlichen Hintergr\u00fcnden ab und hilft, V\u00f6gel aus der Ferne anzulocken. Ihre robuste Bauweise und blendfreie Oberfl\u00e4che gew\u00e4hrleisten eine langfristige Nutzung unter verschiedenen Wetterbedingungen. Leicht und einfach zu handhaben, sind sie ideal f\u00fcr Einzelj\u00e4ger und gr\u00f6\u00dfere Gruppen.   <\/p>\n<hr data-start=\"1304\" data-end=\"1307\">\n<h3 data-start=\"1309\" data-end=\"1341\"><strong data-start=\"1313\" data-end=\"1341\">Technische Daten<\/strong><\/h3>\n<ul data-start=\"1342\" data-end=\"1535\">\n<li data-start=\"1342\" data-end=\"1398\">\n<p data-start=\"1344\" data-end=\"1398\"><strong data-start=\"1344\" data-end=\"1357\">Material:<\/strong> Strapazierf\u00e4higes Coroplast (Wellkunststoff)<\/p>\n<\/li>\n<li data-start=\"1399\" data-end=\"1426\">\n<p data-start=\"1401\" data-end=\"1426\"><strong data-start=\"1401\" data-end=\"1411\">Farbe:<\/strong> Schwarz &amp; Grau<\/p>\n<\/li>\n<li data-start=\"1427\" data-end=\"1470\">\n<p data-start=\"1429\" data-end=\"1470\"><strong data-start=\"1429\" data-end=\"1441\">Oberfl\u00e4che:<\/strong> Beflockt und nicht reflektierend<\/p>\n<\/li>\n<li data-start=\"1471\" data-end=\"1504\">\n<p data-start=\"1473\" data-end=\"1504\"><strong data-start=\"1473\" data-end=\"1484\">Griff:<\/strong> ergonomischer Ez-Grab<\/p>\n<\/li>\n<li data-start=\"1505\" data-end=\"1535\">\n<p data-start=\"1507\" data-end=\"1535\"><strong data-start=\"1507\" data-end=\"1520\">Befestigung:<\/strong> Stahlpf\u00e4hle<\/p>\n<\/li>\n<\/ul>\n<p data-start=\"1537\" data-end=\"1565\"><strong data-start=\"1537\" data-end=\"1563\">Set beinhaltet (12 St\u00fcck):<\/strong><\/p>\n<ul data-start=\"1566\" data-end=\"1624\">\n<li data-start=\"1566\" data-end=\"1586\">\n<p data-start=\"1568\" data-end=\"1586\">4 Kr\u00e4hen in Alarmhaltung<\/p>\n<\/li>\n<li data-start=\"1587\" data-end=\"1606\">\n<p data-start=\"1589\" data-end=\"1606\">4 fressende Kr\u00e4hen<\/p>\n<\/li>\n<li data-start=\"1607\" data-end=\"1624\">\n<p data-start=\"1609\" data-end=\"1624\">4 rufende Kr\u00e4hen<\/p>\n<\/li>\n<\/ul>\n<hr data-start=\"1626\" data-end=\"1629\">\n<h3 data-start=\"1631\" data-end=\"1674\"><strong data-start=\"1635\" data-end=\"1674\">Warum sollten Sie diese Silhouetten-Lockv\u00f6gel w\u00e4hlen?<\/strong><\/h3>\n<p data-start=\"1675\" data-end=\"2167\">Die <em data-start=\"1679\" data-end=\"1736\">Final Approach Last Pass beflockte Kr\u00e4hen-Silhouetten-Lockv\u00f6gel<\/em> bieten eine intelligente Kombination aus Haltbarkeit, Realismus und Benutzerfreundlichkeit. Ihre beflockte Oberfl\u00e4che und das vereinfachte Farbschema bieten eine effektive Tarnung vor vorsichtigen V\u00f6geln, w\u00e4hrend die lebensechten Posen eine glaubw\u00fcrdige Herde schaffen, die verschiedene Rabenvogelarten anzieht. Ob zur Erweiterung einer bestehenden Auslage oder als leichte Alternative zu Ganzk\u00f6rper-Lockv\u00f6geln verwendet, diese sind eine praktische, langlebige Option \u2013 auch \u00fcber lange Strecken leicht zu transportieren.  <\/p>\n","protected":false},"excerpt":{"rendered":"<p>Final Approach Last Pass beflockte Kr\u00e4hen-Silhouetten-Lockv\u00f6gel, 12 St\u00fcck \u2013 vielseitig und kompakt Die Final Approach Last Pass Kr\u00e4hen-Silhouetten-Lockv\u00f6gel bieten verbesserte Sichtbarkeit und Benutzerfreundlichkeit mit einem vereinfachten Schwarz-Grau-Finish. Die beflockte Oberfl\u00e4che eliminiert unerw\u00fcnschten Glanz, der scharfsichtige, erfahrene Kr\u00e4hen alarmieren k\u00f6nnte. Diese Lockv\u00f6gel helfen Ihnen, eine realistische und \u00fcberzeugende Auslage zu erstellen, die leicht zu transportieren, aufzustellen [&#8230;]\n","protected":false},"featured_media":289727,"comment_status":"open","ping_status":"closed","template":"","meta":[],"product_brand":[],"product_cat":[1367],"product_tag":[],"class_list":{"0":"post-289804","1":"product","2":"type-product","3":"status-publish","4":"has-post-thumbnail","6":"product_cat-andere-lockvogel","8":"first","9":"instock","10":"sale","11":"taxable","12":"shipping-taxable","13":"purchasable","14":"product-type-simple"},"composite_virtual":false,"composite_layout":"","composite_add_to_cart_form_location":"","composite_editable_in_cart":false,"composite_sold_individually_context":"","composite_shop_price_calc":"","composite_components":[],"composite_scenarios":[],"group_of_quantity":0,"min_quantity":0,"max_quantity":"","exclude_order_quantity_value_rules":"no","exclude_category_quantity_rules":"no","combine_variations":"no","exclude_global_add_ons":[],"addons":[],"_links":{"self":[{"href":"https:\/\/www.huntersfriend.eu\/de\/wp-json\/wp\/v2\/product\/289804","targetHints":{"allow":["GET"]}}],"collection":[{"href":"https:\/\/www.huntersfriend.eu\/de\/wp-json\/wp\/v2\/product"}],"about":[{"href":"https:\/\/www.huntersfriend.eu\/de\/wp-json\/wp\/v2\/types\/product"}],"replies":[{"embeddable":true,"href":"https:\/\/www.huntersfriend.eu\/de\/wp-json\/wp\/v2\/comments?post=289804"}],"wp:featuredmedia":[{"embeddable":true,"href":"https:\/\/www.huntersfriend.eu\/de\/wp-json\/wp\/v2\/media\/289727"}],"wp:attachment":[{"href":"https:\/\/www.huntersfriend.eu\/de\/wp-json\/wp\/v2\/media?parent=289804"}],"wp:term":[{"taxonomy":"product_brand","embeddable":true,"href":"https:\/\/www.huntersfriend.eu\/de\/wp-json\/wp\/v2\/product_brand?post=289804"},{"taxonomy":"product_cat","embeddable":true,"href":"https:\/\/www.huntersfriend.eu\/de\/wp-json\/wp\/v2\/product_cat?post=289804"},{"taxonomy":"product_tag","embeddable":true,"href":"https:\/\/www.huntersfriend.eu\/de\/wp-json\/wp\/v2\/product_tag?post=289804"}],"curies":[{"name":"wp","href":"https:\/\/api.w.org\/{rel}","templated":true}]}}