{"id":289795,"date":"2025-07-30T11:23:59","date_gmt":"2025-07-30T09:23:59","guid":{"rendered":"https:\/\/www.huntersfriend.eu\/product\/final-approach-lebensechter-weisswangengans-windsack-mit-3d-kopf\/"},"modified":"2026-04-15T11:38:36","modified_gmt":"2026-04-15T09:38:36","slug":"final-approach-lebensechter-weisswangengans-windsack-mit-3d-kopf","status":"publish","type":"product","link":"https:\/\/www.huntersfriend.eu\/de\/produkt\/final-approach-lebensechter-weisswangengans-windsack-mit-3d-kopf\/","title":{"rendered":"Final Approach lebensechter Wei\u00dfwangengans-Windsack mit 3D-Kopf"},"content":{"rendered":"<h1>Lebensechte Wei\u00dfwangengans-Winds\u00e4cke mit 3D-K\u00f6pfen<\/h1>\n<p>Die Final Approach lebensechten Wei\u00dfwangengans-Winds\u00e4cke mit 3D-K\u00f6pfen bieten den Realismus und die Haltbarkeit, die anspruchsvolle J\u00e4ger verlangen. Dieses Paket enth\u00e4lt 8 Futterk\u00f6pfe und 4 aufrechte K\u00f6pfe f\u00fcr ein lebensechtes Lockbild. Die NEUEN handgeschnitzten 3D-K\u00f6pfe und das ultrarealistische bedruckte K\u00f6rpergewebe bilden das Aussehen lebender G\u00e4nse mit un\u00fcbertroffener Pr\u00e4zision nach.  <\/p>\n<p>Hergestellt aus DWR-beschichtetem, schmutzabweisendem Gewebe, widerstehen diese Winds\u00e4cke Feuchtigkeit und Schmutz. Das faltbare R\u00fcckgrat und die vormontierte Konstruktion bedeuten weniger Aufbauzeit und mehr Zeit f\u00fcr die Jagd. Zu den Merkmalen geh\u00f6ren ein Zwei-Finger-Zuggriff, ein 27 Zoll (7 mm) gesch\u00e4rfter Erdspie\u00df, Ablaufl\u00f6cher und ein 18 Zoll x 12 Zoll gro\u00dfer K\u00f6rper, der sich nat\u00fcrlich mit dem Wind bewegt.  <\/p>\n<h2>Merkmale<\/h2>\n<ul>\n<li>Paket enth\u00e4lt 8 Fressk\u00f6pfe &amp; 4 aufrechte K\u00f6pfe f\u00fcr realistische Vielfalt<\/li>\n<li>NEUE handgeschnitzte 3D-K\u00f6pfe f\u00fcr lebensechte Details<\/li>\n<li>Ultrarealistisches bedrucktes K\u00f6rpergewebe f\u00fcr maximale visuelle Attraktivit\u00e4t<\/li>\n<li>DWR-beschichtetes, schmutzabweisendes Gewebe f\u00fcr langlebige Leistung<\/li>\n<li>Faltbares R\u00fcckgrat f\u00fcr kompakte Lagerung und Transport<\/li>\n<li>Vormontiert f\u00fcr schnellen, unkomplizierten Aufbau<\/li>\n<li>Zwei-Finger-Ziehgriff f\u00fcr einfaches Platzieren und Entfernen<\/li>\n<li>Gesch\u00e4rfte Erdspitze f\u00fcr schnelles Eindringen in den Boden<\/li>\n<li>Ablaufl\u00f6cher zur Vermeidung von Wasseransammlungen<\/li>\n<li>27 Zoll, 7 mm Erdspie\u00df f\u00fcr sicheren Stand<\/li>\n<li>18 Zoll x 12 Zoll Windsack f\u00fcr nat\u00fcrliche Bewegung<\/li>\n<\/ul>\n<p><em>Final Approach lebensechte Wei\u00dfwangengans-Winds\u00e4cke mit 3D-K\u00f6pfen<\/em><\/p>\n","protected":false},"excerpt":{"rendered":"<p>Lebensechte Wei\u00dfwangengans-Winds\u00e4cke mit 3D-K\u00f6pfen Die Final Approach lebensechten Wei\u00dfwangengans-Winds\u00e4cke mit 3D-K\u00f6pfen bieten den Realismus und die Haltbarkeit, die anspruchsvolle J\u00e4ger verlangen. Dieses Paket enth\u00e4lt 8 Futterk\u00f6pfe und 4 aufrechte K\u00f6pfe f\u00fcr ein lebensechtes Lockbild. Die NEUEN handgeschnitzten 3D-K\u00f6pfe und das ultrarealistische bedruckte K\u00f6rpergewebe bilden das Aussehen lebender G\u00e4nse mit un\u00fcbertroffener Pr\u00e4zision nach. Hergestellt aus DWR-beschichtetem, [&#8230;]\n","protected":false},"featured_media":289566,"comment_status":"open","ping_status":"closed","template":"","meta":[],"product_brand":[],"product_cat":[1394],"product_tag":[],"class_list":{"0":"post-289795","1":"product","2":"type-product","3":"status-publish","4":"has-post-thumbnail","6":"product_cat-ganse-lockvogel","7":"product_shipping_class-medium-de","9":"first","10":"instock","11":"sale","12":"taxable","13":"shipping-taxable","14":"purchasable","15":"product-type-simple"},"composite_virtual":false,"composite_layout":"","composite_add_to_cart_form_location":"","composite_editable_in_cart":false,"composite_sold_individually_context":"","composite_shop_price_calc":"","composite_components":[],"composite_scenarios":[],"group_of_quantity":0,"min_quantity":0,"max_quantity":"","exclude_order_quantity_value_rules":"no","exclude_category_quantity_rules":"no","combine_variations":"no","exclude_global_add_ons":[],"addons":[],"_links":{"self":[{"href":"https:\/\/www.huntersfriend.eu\/de\/wp-json\/wp\/v2\/product\/289795","targetHints":{"allow":["GET"]}}],"collection":[{"href":"https:\/\/www.huntersfriend.eu\/de\/wp-json\/wp\/v2\/product"}],"about":[{"href":"https:\/\/www.huntersfriend.eu\/de\/wp-json\/wp\/v2\/types\/product"}],"replies":[{"embeddable":true,"href":"https:\/\/www.huntersfriend.eu\/de\/wp-json\/wp\/v2\/comments?post=289795"}],"wp:featuredmedia":[{"embeddable":true,"href":"https:\/\/www.huntersfriend.eu\/de\/wp-json\/wp\/v2\/media\/289566"}],"wp:attachment":[{"href":"https:\/\/www.huntersfriend.eu\/de\/wp-json\/wp\/v2\/media?parent=289795"}],"wp:term":[{"taxonomy":"product_brand","embeddable":true,"href":"https:\/\/www.huntersfriend.eu\/de\/wp-json\/wp\/v2\/product_brand?post=289795"},{"taxonomy":"product_cat","embeddable":true,"href":"https:\/\/www.huntersfriend.eu\/de\/wp-json\/wp\/v2\/product_cat?post=289795"},{"taxonomy":"product_tag","embeddable":true,"href":"https:\/\/www.huntersfriend.eu\/de\/wp-json\/wp\/v2\/product_tag?post=289795"}],"curies":[{"name":"wp","href":"https:\/\/api.w.org\/{rel}","templated":true}]}}