{"id":289793,"date":"2025-07-30T11:23:58","date_gmt":"2025-07-30T09:23:58","guid":{"rendered":"https:\/\/www.huntersfriend.eu\/product\/final-approach-lebensechte-kraehen-silhouetten-lockvoegel-12-stueck\/"},"modified":"2025-09-03T10:03:36","modified_gmt":"2025-09-03T08:03:36","slug":"final-approach-lebensechte-kraehen-silhouetten-lockvoegel-12-stueck","status":"publish","type":"product","link":"https:\/\/www.huntersfriend.eu\/de\/produkt\/final-approach-lebensechte-kraehen-silhouetten-lockvoegel-12-stueck\/","title":{"rendered":"Final Approach lebensechte Kr\u00e4hen-Silhouetten-Lockv\u00f6gel, 12 St\u00fcck"},"content":{"rendered":"<h3 data-start=\"129\" data-end=\"211\"><strong data-start=\"133\" data-end=\"211\">Final Approach lebensechte Kr\u00e4hen-Silhouetten-Lockv\u00f6gel, 12 St\u00fcck \u2013 vielseitig und kompakt<\/strong><\/h3>\n<p data-start=\"213\" data-end=\"724\">Die <em data-start=\"217\" data-end=\"261\">Final Approach lebensechte Kr\u00e4hen-Silhouetten-Lockv\u00f6gel<\/em> bieten eine realistische Lockvogel-Attrappe, die leicht zu transportieren, aufzustellen und umzusetzen ist \u2013 alles zu einem erschwinglichen Preis. Hergestellt aus strapazierf\u00e4higem Wellkunststoff (Coroplast), zeichnen sich diese Lockv\u00f6gel durch lebensechte Posen, hochaufl\u00f6sende Drucke und eine nicht-reflektierende Oberfl\u00e4che aus, um unerw\u00fcnschten Glanz zu reduzieren. Mit einem ergonomischen Ez-Grab-Griff und Federstahlpf\u00e4hlen sind Aufbau und Neupositionierung schnell und m\u00fchelos. Dieses 12-teilige Set enth\u00e4lt drei verschiedene Posen, die eine nat\u00fcrlich aussehende Verteilung erzeugen.   <\/p>\n<hr data-start=\"726\" data-end=\"729\">\n<h3 data-start=\"731\" data-end=\"748\"><strong data-start=\"735\" data-end=\"748\">Idealer Einsatz<\/strong><\/h3>\n<p data-start=\"749\" data-end=\"1066\">Diese Lockv\u00f6gel eignen sich besonders f\u00fcr Kr\u00e4henj\u00e4ger. Das strapazierf\u00e4hige Material und die nicht-reflektierende Oberfl\u00e4che gew\u00e4hrleisten, dass sie wiederholtem Gebrauch und unterschiedlichen Wetterbedingungen standhalten. Ihr leichtes Design und die ergonomischen Griffe erm\u00f6glichen ein schnelles Aufstellen und Einsammeln, ideal f\u00fcr Einzelj\u00e4ger sowie gr\u00f6\u00dfere Jagdgesellschaften.  <\/p>\n<hr data-start=\"1068\" data-end=\"1071\">\n<h3 data-start=\"1073\" data-end=\"1105\"><strong data-start=\"1077\" data-end=\"1105\">Technische Daten<\/strong><\/h3>\n<ul data-start=\"1106\" data-end=\"1308\">\n<li data-start=\"1106\" data-end=\"1162\">\n<p data-start=\"1108\" data-end=\"1162\"><strong data-start=\"1108\" data-end=\"1121\">Material:<\/strong> Strapazierf\u00e4higes Coroplast (Wellkunststoff)<\/p>\n<\/li>\n<li data-start=\"1163\" data-end=\"1211\">\n<p data-start=\"1165\" data-end=\"1211\"><strong data-start=\"1165\" data-end=\"1175\">Druck:<\/strong> Hochaufl\u00f6sende, lebensechte Abbildungen<\/p>\n<\/li>\n<li data-start=\"1212\" data-end=\"1243\">\n<p data-start=\"1214\" data-end=\"1243\"><strong data-start=\"1214\" data-end=\"1226\">Oberfl\u00e4che:<\/strong> Nicht-reflektierend<\/p>\n<\/li>\n<li data-start=\"1244\" data-end=\"1277\">\n<p data-start=\"1246\" data-end=\"1277\"><strong data-start=\"1246\" data-end=\"1257\">Griff:<\/strong> ergonomischer Ez-Grab<\/p>\n<\/li>\n<li data-start=\"1278\" data-end=\"1308\">\n<p data-start=\"1280\" data-end=\"1308\"><strong data-start=\"1280\" data-end=\"1293\">Befestigung:<\/strong> Stahlpf\u00e4hle<\/p>\n<\/li>\n<\/ul>\n<p data-start=\"1310\" data-end=\"1338\"><strong data-start=\"1310\" data-end=\"1336\">Set beinhaltet (12 St\u00fcck):<\/strong><\/p>\n<ul data-start=\"1339\" data-end=\"1397\">\n<li data-start=\"1339\" data-end=\"1359\">\n<p data-start=\"1341\" data-end=\"1359\">4 Kr\u00e4hen in Alarmhaltung<\/p>\n<\/li>\n<li data-start=\"1360\" data-end=\"1379\">\n<p data-start=\"1362\" data-end=\"1379\">4 fressende Kr\u00e4hen<\/p>\n<\/li>\n<li data-start=\"1380\" data-end=\"1397\">\n<p data-start=\"1382\" data-end=\"1397\">4 rufende Kr\u00e4hen<\/p>\n<\/li>\n<\/ul>\n<hr data-start=\"1399\" data-end=\"1402\">\n<h3 data-start=\"1404\" data-end=\"1447\"><strong data-start=\"1408\" data-end=\"1447\">Warum sollten Sie diese Silhouetten-Lockv\u00f6gel w\u00e4hlen?<\/strong><\/h3>\n<p data-start=\"1448\" data-end=\"1954\">Die <em data-start=\"1452\" data-end=\"1496\">Final Approach lebensechte Kr\u00e4hen-Silhouetten-Lockv\u00f6gel<\/em> vereinen Haltbarkeit, realistisches Aussehen und Benutzerfreundlichkeit. Mit verschiedenen Posen und detaillierten Drucken erzeugen sie eine \u00fcberzeugende Herde, die V\u00f6gel effektiv anlockt. Die robuste Konstruktion und die durchdachten Designmerkmale machen dies zu einer praktischen, langlebigen L\u00f6sung. Ideal zur Erweiterung einer bestehenden Lockvogel-Verteilung oder als Alternative zu Vollk\u00f6rper-Lockv\u00f6geln, insbesondere beim Anlocken mehrerer Rabenvogelarten. Leicht und einfach zu transportieren, auch \u00fcber lange Strecken.    <\/p>\n","protected":false},"excerpt":{"rendered":"<p>Final Approach lebensechte Kr\u00e4hen-Silhouetten-Lockv\u00f6gel, 12 St\u00fcck \u2013 vielseitig und kompakt Die Final Approach lebensechte Kr\u00e4hen-Silhouetten-Lockv\u00f6gel bieten eine realistische Lockvogel-Attrappe, die leicht zu transportieren, aufzustellen und umzusetzen ist \u2013 alles zu einem erschwinglichen Preis. Hergestellt aus strapazierf\u00e4higem Wellkunststoff (Coroplast), zeichnen sich diese Lockv\u00f6gel durch lebensechte Posen, hochaufl\u00f6sende Drucke und eine nicht-reflektierende Oberfl\u00e4che aus, um unerw\u00fcnschten Glanz [&#8230;]\n","protected":false},"featured_media":289688,"comment_status":"open","ping_status":"closed","template":"","meta":[],"product_brand":[],"product_cat":[1367],"product_tag":[],"class_list":{"0":"post-289793","1":"product","2":"type-product","3":"status-publish","4":"has-post-thumbnail","6":"product_cat-andere-lockvogel","8":"first","9":"instock","10":"sale","11":"taxable","12":"shipping-taxable","13":"purchasable","14":"product-type-simple"},"composite_virtual":false,"composite_layout":"","composite_add_to_cart_form_location":"","composite_editable_in_cart":false,"composite_sold_individually_context":"","composite_shop_price_calc":"","composite_components":[],"composite_scenarios":[],"group_of_quantity":0,"min_quantity":0,"max_quantity":"","exclude_order_quantity_value_rules":"no","exclude_category_quantity_rules":"no","combine_variations":"no","exclude_global_add_ons":[],"addons":[],"_links":{"self":[{"href":"https:\/\/www.huntersfriend.eu\/de\/wp-json\/wp\/v2\/product\/289793","targetHints":{"allow":["GET"]}}],"collection":[{"href":"https:\/\/www.huntersfriend.eu\/de\/wp-json\/wp\/v2\/product"}],"about":[{"href":"https:\/\/www.huntersfriend.eu\/de\/wp-json\/wp\/v2\/types\/product"}],"replies":[{"embeddable":true,"href":"https:\/\/www.huntersfriend.eu\/de\/wp-json\/wp\/v2\/comments?post=289793"}],"wp:featuredmedia":[{"embeddable":true,"href":"https:\/\/www.huntersfriend.eu\/de\/wp-json\/wp\/v2\/media\/289688"}],"wp:attachment":[{"href":"https:\/\/www.huntersfriend.eu\/de\/wp-json\/wp\/v2\/media?parent=289793"}],"wp:term":[{"taxonomy":"product_brand","embeddable":true,"href":"https:\/\/www.huntersfriend.eu\/de\/wp-json\/wp\/v2\/product_brand?post=289793"},{"taxonomy":"product_cat","embeddable":true,"href":"https:\/\/www.huntersfriend.eu\/de\/wp-json\/wp\/v2\/product_cat?post=289793"},{"taxonomy":"product_tag","embeddable":true,"href":"https:\/\/www.huntersfriend.eu\/de\/wp-json\/wp\/v2\/product_tag?post=289793"}],"curies":[{"name":"wp","href":"https:\/\/api.w.org\/{rel}","templated":true}]}}