{"id":289458,"date":"2024-05-30T11:41:21","date_gmt":"2024-05-30T09:41:21","guid":{"rendered":"https:\/\/www.huntersfriend.eu\/product\/alps-outdoorz-ghost-tactical-rucksack\/"},"modified":"2025-09-02T08:55:56","modified_gmt":"2025-09-02T06:55:56","slug":"alps-outdoorz-ghost-tactical-rucksack","status":"publish","type":"product","link":"https:\/\/www.huntersfriend.eu\/de\/produkt\/alps-outdoorz-ghost-tactical-rucksack\/","title":{"rendered":"Alps outdoorz Ghost Tactical Rucksack"},"content":{"rendered":"<p><strong>GHOST 20<\/strong><br \/>\nDer Ghost 20 ist ein Hybrid-Rucksack, der als Rucksack, Aktentasche oder Umh\u00e4ngetasche verwendet werden kann. Obwohl er entwickelt wurde, um einen Laptop, B\u00fccher, Dokumente und andere wichtige Dinge des Arbeitsalltags aufzunehmen, ist das Herzst\u00fcck des Ghost 20 eine integrierte R\u00fcckwandtasche, die zur sicheren Aufbewahrung einer Handfeuerwaffe f\u00fcr EDC\/CCW-Anwender gedacht ist. Eine beidh\u00e4ndige Rei\u00dfverschlusstasche in der R\u00fcckwand ist mit einem Material ausgekleidet, das mit g\u00e4ngigen Klettverschluss-Holstern funktioniert, sodass der Benutzer seine Verteidigungswaffe diskret und leicht zug\u00e4nglich verstauen kann. Die Hauptfachplatte der Tasche ist ebenfalls mit Klettmaterial ausgekleidet, was den Benutzern einen alternativen Ort zum Verstauen einer geholsterten Waffe oder Ersatzmagazinen bietet.   <\/p>\n<p>Hergestellt aus 500D Nylon Cordura, verf\u00fcgt der Ghost 20 \u00fcber eine PU-Beschichtung, die ihn sehr wasserabweisend macht. Zus\u00e4tzliche Merkmale sind eine Organisationstasche an der Vorderseite, ein gro\u00dfes Hauptfach mit einem gepolsterten Laptop-\/Tablet-Fach, das f\u00fcr Laptops bis zu 16 Zoll geeignet ist, seitliche Wasserflaschentaschen und eine Durchgangsh\u00fclle zur Befestigung an Rollgep\u00e4ckgriffen. Der Ghost 20 misst 19H x 12.5W x 5.5D Zoll und hat ein Fassungsverm\u00f6gen von 1.220 Kubikzoll.  <\/p>\n<p><strong>GHOST 30<\/strong><br \/>\nDer Ghost 30 wurde entwickelt, um sowohl t\u00e4glichen als auch arbeitsbezogenen Bed\u00fcrfnissen sowie Freizeitaktivit\u00e4ten gerecht zu werden. Er ist ergonomisch gestaltet, um bequem zu tragen und dank seines robusten, leichten CORDURA\u00ae-Gewebes starker Beanspruchung standzuhalten. Gepolsterte Schultergurte mit integriertem Brustgurt und eine gepolsterte R\u00fcckenplatte sorgen f\u00fcr optimale Lastverteilung und eine individuelle Passform f\u00fcr bequemes Tragen. Enthalten sind mehrere Innen- und leicht zug\u00e4ngliche Taschen zur Aufbewahrung von bis zu zwei Laptops und anderen wichtigen Dingen. Das Herzst\u00fcck des Ghost 30 ist seine F\u00e4higkeit, pers\u00f6nliche Verteidigungshandfeuerwaffen aufzunehmen. Das Material im Inneren der Tasche ist mit Schlaufengewebe ausgekleidet, sodass Holster mit Klettverschluss-R\u00fcckseitenmaterial im Inneren der Tasche befestigt werden k\u00f6nnen, um eine schnelle Waffenentnahme zu erm\u00f6glichen. Wenn Sie eine Verteidigungshandfeuerwaffe tragen m\u00fcssen, aber das Tragen am K\u00f6rper keine Option ist, ist der Ghost 30 Ihre Alltagsl\u00f6sung.      <\/p>\n<p>\u2022 Gro\u00dfartige Reisegr\u00f6\u00dfe Everyday Carry (EDC) Option<\/p>\n<p>\u2022 Beidh\u00e4ndige Tasche f\u00fcr verdecktes Tragen nimmt Klettverschluss-Holster auf<\/p>\n<p>\u2022 500D Nylon CORDURA\u00ae ist PU-beschichtet und hochgradig wasserabweisend<\/p>\n<p>\u2022 Kann als Rucksack, Aktentasche oder Umh\u00e4ngetasche verwendet werden<\/p>\n<p>\u2022 Durchgangsh\u00fclle der R\u00fcckenplatte erm\u00f6glicht die Befestigung an Rollgep\u00e4ckgriffen<\/p>\n<p>\u2022 Gepolstertes Laptop- und Tablet-Fach passend f\u00fcr 16-Zoll-Laptops<\/p>\n<p>\u2022 Hauptfach hat eine Platte, die mit Schlaufenmaterial zum Anbringen von Zubeh\u00f6r ausgekleidet ist<\/p>\n<p>\u2022 Organisationstasche an der Vorderseite<\/p>\n<p>\u2022 Schnellzugriffstasche f\u00fcr Wertsachen, mit Fleece ausgekleidet<\/p>\n<p>\u2022 Seitliche Wasserflaschentasche<\/p>\n<table border=\"3\">\n<tbody>\n<tr align=\"CENTER\">\n<td><b>Fassungsverm\u00f6gen<\/b><\/td>\n<td>20L \/ 1220 in\u00b3<\/td>\n<\/tr>\n<tr align=\"CENTER\">\n<td><b>Ma\u00dfe Hauptfach<\/b><\/td>\n<td>19&#8243; H x 12.5&#8243; W x 5.5&#8243; D<\/td>\n<\/tr>\n<tr align=\"CENTER\">\n<td><b>Gewicht<\/b><\/td>\n<td>2 lbs. 10 oz. <\/td>\n<\/tr>\n<\/tbody>\n<\/table>\n<table border=\"3\">\n<tbody>\n<tr align=\"CENTER\">\n<td><b>Fassungsverm\u00f6gen<\/b><\/td>\n<td>30L \/ 1809 in\u00b3<\/td>\n<\/tr>\n<tr align=\"CENTER\">\n<td><b>Gesamtma\u00dfe<\/b><\/td>\n<td>23.5&#8243; H x 11&#8243; W x 7&#8243; D<\/td>\n<\/tr>\n<tr align=\"CENTER\">\n<td><b>Ma\u00dfe Hauptfach<\/b><\/td>\n<td>21.5&#8243; H x 11&#8243; W x 7&#8243; D<\/td>\n<\/tr>\n<tr align=\"CENTER\">\n<td><b>Gewicht<\/b><\/td>\n<td>3 lbs. 1 oz. <\/td>\n<\/tr>\n<\/tbody>\n<\/table>\n<p>&nbsp;<\/p>\n","protected":false},"excerpt":{"rendered":"<p>GHOST 20 Der Ghost 20 ist ein Hybrid-Rucksack, der als Rucksack, Aktentasche oder Umh\u00e4ngetasche verwendet werden kann. Obwohl er entwickelt wurde, um einen Laptop, B\u00fccher, Dokumente und andere wichtige Dinge des Arbeitsalltags aufzunehmen, ist das Herzst\u00fcck des Ghost 20 eine integrierte R\u00fcckwandtasche, die zur sicheren Aufbewahrung einer Handfeuerwaffe f\u00fcr EDC\/CCW-Anwender gedacht ist. Eine beidh\u00e4ndige Rei\u00dfverschlusstasche [&#8230;]\n","protected":false},"featured_media":269049,"comment_status":"open","ping_status":"closed","template":"","meta":[],"product_brand":[],"product_cat":[1407],"product_tag":[],"class_list":{"0":"post-289458","1":"product","2":"type-product","3":"status-publish","4":"has-post-thumbnail","6":"product_cat-jagdrucksacke","7":"product_shipping_class-medium-de","9":"first","10":"instock","11":"taxable","12":"shipping-taxable","13":"purchasable","14":"product-type-variable"},"composite_virtual":false,"composite_layout":"","composite_add_to_cart_form_location":"","composite_editable_in_cart":false,"composite_sold_individually_context":"","composite_shop_price_calc":"","composite_components":[],"composite_scenarios":[],"group_of_quantity":0,"min_quantity":0,"max_quantity":"","exclude_order_quantity_value_rules":"no","exclude_category_quantity_rules":"no","combine_variations":"no","exclude_global_add_ons":[],"addons":[],"_links":{"self":[{"href":"https:\/\/www.huntersfriend.eu\/de\/wp-json\/wp\/v2\/product\/289458","targetHints":{"allow":["GET"]}}],"collection":[{"href":"https:\/\/www.huntersfriend.eu\/de\/wp-json\/wp\/v2\/product"}],"about":[{"href":"https:\/\/www.huntersfriend.eu\/de\/wp-json\/wp\/v2\/types\/product"}],"replies":[{"embeddable":true,"href":"https:\/\/www.huntersfriend.eu\/de\/wp-json\/wp\/v2\/comments?post=289458"}],"wp:featuredmedia":[{"embeddable":true,"href":"https:\/\/www.huntersfriend.eu\/de\/wp-json\/wp\/v2\/media\/269049"}],"wp:attachment":[{"href":"https:\/\/www.huntersfriend.eu\/de\/wp-json\/wp\/v2\/media?parent=289458"}],"wp:term":[{"taxonomy":"product_brand","embeddable":true,"href":"https:\/\/www.huntersfriend.eu\/de\/wp-json\/wp\/v2\/product_brand?post=289458"},{"taxonomy":"product_cat","embeddable":true,"href":"https:\/\/www.huntersfriend.eu\/de\/wp-json\/wp\/v2\/product_cat?post=289458"},{"taxonomy":"product_tag","embeddable":true,"href":"https:\/\/www.huntersfriend.eu\/de\/wp-json\/wp\/v2\/product_tag?post=289458"}],"curies":[{"name":"wp","href":"https:\/\/api.w.org\/{rel}","templated":true}]}}