{"id":289455,"date":"2025-09-01T07:10:30","date_gmt":"2025-09-01T05:10:30","guid":{"rendered":"https:\/\/www.huntersfriend.eu\/product\/hha-linsen-kit-b-1-5-8-zoll-zielfernrohr\/"},"modified":"2025-11-18T13:11:51","modified_gmt":"2025-11-18T11:11:51","slug":"hha-linsen-kit-b-1-5-8-zoll-zielfernrohr","status":"publish","type":"product","link":"https:\/\/www.huntersfriend.eu\/de\/produkt\/hha-linsen-kit-b-1-5-8-zoll-zielfernrohr\/","title":{"rendered":"HHA Linsen-Kit b 1 5\/8 Zoll Zielfernrohr"},"content":{"rendered":"<p>2-fache Vergr\u00f6\u00dferung f\u00fcr 1 5\/8 Zoll HHA Zielfernrohr<\/p>\n<p>und<\/p>\n<p>4-fache Vergr\u00f6\u00dferung f\u00fcr 1 5\/8 Zoll HHA Zielfernrohr<\/p>\n<p>BITTE KONTAKTIEREN SIE UNS BEZ\u00dcGLICH ANDERER HHA LINSEN-KITS<\/p>\n<p>Erh\u00e4ltlich in verschiedenen Vergr\u00f6\u00dferungsoptionen, passend zu Ihrem Schie\u00dfstil. Alle Visiere der 5500er und NYTRX-Serie ben\u00f6tigen ein Linsen-Kit B, die 3800er Serie ben\u00f6tigt ein Linsen-Kit 38 und die XL5500er Serie ben\u00f6tigt ein Linsen-Kit T. <\/p>\n<table width=\"1189\">\n<tbody>\n<tr>\n<td width=\"156\">Linsen-Kit\/Zielfernrohrgr\u00f6\u00dfe (Innenseite des Zielfernrohrs)<\/td>\n<td width=\"156\">Innendurchmesser\/Tats\u00e4chliche Linsengr\u00f6\u00dfe (Zielgr\u00f6\u00dfe)<\/td>\n<td width=\"156\">Au\u00dfendurchmesser (Rheostat nicht inbegriffen)<\/td>\n<td width=\"156\">Innendurchmesser (Sch\u00fctzen-Seite)<\/td>\n<\/tr>\n<tr>\n<td width=\"156\">Linsen-Kit 38 1 3\/8 Zoll<\/td>\n<td width=\"156\">1,53 Zoll<\/td>\n<td width=\"156\">1,628 Zoll<\/td>\n<td width=\"156\">1,315 Zoll<\/td>\n<\/tr>\n<tr>\n<td width=\"156\">Linsen-Kit b 1 5\/8 Zoll<\/td>\n<td width=\"156\">1,75 Zoll<\/td>\n<td width=\"156\">1,850 Zoll<\/td>\n<td width=\"156\">1,525 Zoll<\/td>\n<\/tr>\n<tr>\n<td width=\"156\">Linsen-Kit t 1 3\/4 Zoll<\/td>\n<td width=\"156\">2,034 Zoll<\/td>\n<td width=\"156\">2,130 Zoll<\/td>\n<td width=\"156\">1,8 Zoll<\/td>\n<\/tr>\n<tr>\n<td width=\"156\">Linsen-Kit x 2 Zoll<\/td>\n<td width=\"156\">2,2 Zoll<\/td>\n<td width=\"156\">2,30 Zoll<\/td>\n<td width=\"156\">2,0 Zoll<\/td>\n<\/tr>\n<\/tbody>\n<\/table>\n","protected":false},"excerpt":{"rendered":"<p>2-fache Vergr\u00f6\u00dferung f\u00fcr 1 5\/8 Zoll HHA Zielfernrohr und 4-fache Vergr\u00f6\u00dferung f\u00fcr 1 5\/8 Zoll HHA Zielfernrohr BITTE KONTAKTIEREN SIE UNS BEZ\u00dcGLICH ANDERER HHA LINSEN-KITS Erh\u00e4ltlich in verschiedenen Vergr\u00f6\u00dferungsoptionen, passend zu Ihrem Schie\u00dfstil. Alle Visiere der 5500er und NYTRX-Serie ben\u00f6tigen ein Linsen-Kit B, die 3800er Serie ben\u00f6tigt ein Linsen-Kit 38 und die XL5500er Serie ben\u00f6tigt [&#8230;]\n","protected":false},"featured_media":251118,"comment_status":"open","ping_status":"closed","template":"","meta":[],"product_brand":[],"product_cat":[1237],"product_tag":[],"class_list":{"0":"post-289455","1":"product","2":"type-product","3":"status-publish","4":"has-post-thumbnail","6":"product_cat-teile-fuer-visiere","8":"first","9":"instock","10":"taxable","11":"shipping-taxable","12":"purchasable","13":"product-type-variable"},"composite_virtual":false,"composite_layout":"","composite_add_to_cart_form_location":"","composite_editable_in_cart":false,"composite_sold_individually_context":"","composite_shop_price_calc":"","composite_components":[],"composite_scenarios":[],"group_of_quantity":0,"min_quantity":0,"max_quantity":"","exclude_order_quantity_value_rules":"no","exclude_category_quantity_rules":"no","combine_variations":"no","exclude_global_add_ons":[],"addons":[],"_links":{"self":[{"href":"https:\/\/www.huntersfriend.eu\/de\/wp-json\/wp\/v2\/product\/289455","targetHints":{"allow":["GET"]}}],"collection":[{"href":"https:\/\/www.huntersfriend.eu\/de\/wp-json\/wp\/v2\/product"}],"about":[{"href":"https:\/\/www.huntersfriend.eu\/de\/wp-json\/wp\/v2\/types\/product"}],"replies":[{"embeddable":true,"href":"https:\/\/www.huntersfriend.eu\/de\/wp-json\/wp\/v2\/comments?post=289455"}],"wp:featuredmedia":[{"embeddable":true,"href":"https:\/\/www.huntersfriend.eu\/de\/wp-json\/wp\/v2\/media\/251118"}],"wp:attachment":[{"href":"https:\/\/www.huntersfriend.eu\/de\/wp-json\/wp\/v2\/media?parent=289455"}],"wp:term":[{"taxonomy":"product_brand","embeddable":true,"href":"https:\/\/www.huntersfriend.eu\/de\/wp-json\/wp\/v2\/product_brand?post=289455"},{"taxonomy":"product_cat","embeddable":true,"href":"https:\/\/www.huntersfriend.eu\/de\/wp-json\/wp\/v2\/product_cat?post=289455"},{"taxonomy":"product_tag","embeddable":true,"href":"https:\/\/www.huntersfriend.eu\/de\/wp-json\/wp\/v2\/product_tag?post=289455"}],"curies":[{"name":"wp","href":"https:\/\/api.w.org\/{rel}","templated":true}]}}