{"id":285152,"date":"2025-08-20T11:44:07","date_gmt":"2025-08-20T09:44:07","guid":{"rendered":"https:\/\/www.huntersfriend.eu\/product\/hunter-hundenapf-wassernapf\/"},"modified":"2026-01-20T09:17:44","modified_gmt":"2026-01-20T07:17:44","slug":"hunter-hundenapf-wassernapf","status":"publish","type":"product","link":"https:\/\/www.huntersfriend.eu\/de\/produkt\/hunter-hundenapf-wassernapf\/","title":{"rendered":"Hunter Hundenapf\/Wassernapf"},"content":{"rendered":"<p data-start=\"0\" data-end=\"56\"><strong data-start=\"0\" data-end=\"56\">Hunter Hundenapf\/Wassernapf \u2013 Gr\u00f6\u00dfen 550 ml &amp; 1.100 ml<\/strong><\/p>\n<p data-start=\"58\" data-end=\"446\">Der Hunter Hundenapf ist ein stilvoller und robuster Futternapf, der sich sowohl zum F\u00fcttern als auch zum Tr\u00e4nken eignet. Sein schlichtes, zeitloses Design macht ihn zu einer attraktiven Erg\u00e4nzung f\u00fcr jedes Zuhause. Ein breiter Silikonring am Boden verhindert das Verrutschen und hilft selbst den eifrigsten Fressern, w\u00e4hrend der Mahlzeit ruhig zu bleiben. Der Napf ist aus hochwertigem Edelstahl gefertigt, leicht zu reinigen und f\u00fcr den t\u00e4glichen Gebrauch ausgelegt.   <\/p>\n<hr data-start=\"448\" data-end=\"451\">\n<p data-start=\"453\" data-end=\"469\"><strong data-start=\"453\" data-end=\"469\">Hauptmerkmale<\/strong><\/p>\n<ul data-start=\"470\" data-end=\"718\">\n<li data-start=\"470\" data-end=\"519\">\n<p data-start=\"472\" data-end=\"519\">Zeitloses, elegantes Design mit dem HUNTER-Logo<\/p>\n<\/li>\n<li data-start=\"520\" data-end=\"578\">\n<p data-start=\"522\" data-end=\"578\">Rutschfester Silikonring am Boden f\u00fcr zus\u00e4tzliche Stabilit\u00e4t<\/p>\n<\/li>\n<li data-start=\"579\" data-end=\"626\">\n<p data-start=\"581\" data-end=\"626\">Hergestellt aus robustem, hygienischem Edelstahl<\/p>\n<\/li>\n<li data-start=\"627\" data-end=\"662\">\n<p data-start=\"629\" data-end=\"662\">Leicht zu reinigen \u2013 sp\u00fclmaschinenfest<\/p>\n<\/li>\n<li data-start=\"663\" data-end=\"718\">\n<p data-start=\"665\" data-end=\"718\">Kratzfeste und sto\u00dffeste Konstruktion<\/p>\n<\/li>\n<\/ul>\n<hr data-start=\"720\" data-end=\"723\">\n<p data-start=\"725\" data-end=\"749\"><strong data-start=\"725\" data-end=\"749\">Gr\u00f6\u00dfen und Abmessungen<\/strong><\/p>\n<ul data-start=\"750\" data-end=\"879\">\n<li data-start=\"750\" data-end=\"813\">\n<p data-start=\"752\" data-end=\"813\"><strong data-start=\"752\" data-end=\"767\">550 ml (M):<\/strong> Durchmesser ca. 14 cm, H\u00f6he ca. 5 cm  <\/p>\n<\/li>\n<li data-start=\"814\" data-end=\"879\">\n<p data-start=\"816\" data-end=\"879\"><strong data-start=\"816\" data-end=\"833\">1.100 ml (L):<\/strong> Durchmesser ca. 17 cm, H\u00f6he ca. 7 cm  <\/p>\n<\/li>\n<\/ul>\n<hr data-start=\"881\" data-end=\"884\">\n<p data-start=\"886\" data-end=\"1328\"><strong data-start=\"886\" data-end=\"908\">Verwendung und Vorteile<\/strong><br data-start=\"908\" data-end=\"911\">Der Hunter-Napf ist eine ausgezeichnete Wahl f\u00fcr Futter und Wasser. Er vereint Funktionalit\u00e4t und Eleganz: Der Silikonring sorgt f\u00fcr Stabilit\u00e4t des Napfes w\u00e4hrend der Mahlzeiten, Edelstahl sorgt f\u00fcr Langlebigkeit und Hygiene, und er ist leicht zu reinigen \u2013 sogar in der Sp\u00fclmaschine \u2013 was Ihnen Zeit spart. Zwei Gr\u00f6\u00dfenoptionen (550 ml und 1.100 ml) erm\u00f6glichen es Ihnen, die richtige Gr\u00f6\u00dfe f\u00fcr verschiedene Haustiere zu w\u00e4hlen, und bieten ein gro\u00dfz\u00fcgiges Fassungsverm\u00f6gen ohne unn\u00f6tige Masse.  <\/p>\n<hr data-start=\"1330\" data-end=\"1333\">\n<p data-start=\"1335\" data-end=\"1363\"><strong data-start=\"1335\" data-end=\"1363\">Technische Daten<\/strong><\/p>\n<ul data-start=\"1364\" data-end=\"1632\">\n<li data-start=\"1364\" data-end=\"1396\">\n<p data-start=\"1366\" data-end=\"1396\"><strong data-start=\"1366\" data-end=\"1378\">Produkt:<\/strong> Hunter Hundenapf<\/p>\n<\/li>\n<li data-start=\"1397\" data-end=\"1455\">\n<p data-start=\"1399\" data-end=\"1455\"><strong data-start=\"1399\" data-end=\"1413\">Materialien:<\/strong> Edelstahl mit Silikon-Bodenring<\/p>\n<\/li>\n<li data-start=\"1456\" data-end=\"1536\">\n<p data-start=\"1458\" data-end=\"1470\"><strong data-start=\"1458\" data-end=\"1468\">Gr\u00f6\u00dfen:<\/strong><\/p>\n<ul data-start=\"1473\" data-end=\"1536\">\n<li data-start=\"1473\" data-end=\"1502\">\n<p data-start=\"1475\" data-end=\"1502\">550 ml (\u00d8 14 cm \u00d7 H 5 cm)<\/p>\n<\/li>\n<li data-start=\"1505\" data-end=\"1536\">\n<p data-start=\"1507\" data-end=\"1536\">1.100 ml (\u00d8 17 cm \u00d7 H 7 cm)<\/p>\n<\/li>\n<\/ul>\n<\/li>\n<li data-start=\"1537\" data-end=\"1570\">\n<p data-start=\"1539\" data-end=\"1570\"><strong data-start=\"1539\" data-end=\"1552\">Reinigung:<\/strong> Sp\u00fclmaschinenfest<\/p>\n<\/li>\n<li data-start=\"1571\" data-end=\"1632\">\n<p data-start=\"1573\" data-end=\"1632\"><strong data-start=\"1573\" data-end=\"1596\">Verbesserte Benutzerfreundlichkeit:<\/strong> Rutschfestes, robustes, elegantes Design<\/p>\n<\/li>\n<\/ul>\n<hr data-start=\"1634\" data-end=\"1637\">\n<p data-start=\"1639\" data-end=\"1833\" data-is-last-node=\"\" data-is-only-node=\"\">Der Hunter Hundenapf ist eine clevere und funktionelle Wahl f\u00fcr den Alltag: langlebig, wartungsarm und optisch ansprechend \u2013 er bietet praktische, langlebige Qualit\u00e4t f\u00fcr geliebte Haustiere und ihre Besitzer.<\/p>\n","protected":false},"excerpt":{"rendered":"<p>Hunter Hundenapf\/Wassernapf \u2013 Gr\u00f6\u00dfen 550 ml &amp; 1.100 ml Der Hunter Hundenapf ist ein stilvoller und robuster Futternapf, der sich sowohl zum F\u00fcttern als auch zum Tr\u00e4nken eignet. Sein schlichtes, zeitloses Design macht ihn zu einer attraktiven Erg\u00e4nzung f\u00fcr jedes Zuhause. Ein breiter Silikonring am Boden verhindert das Verrutschen und hilft selbst den eifrigsten Fressern, [&#8230;]\n","protected":false},"featured_media":285059,"comment_status":"open","ping_status":"closed","template":"","meta":[],"product_brand":[],"product_cat":[1389],"product_tag":[],"class_list":{"0":"post-285152","1":"product","2":"type-product","3":"status-publish","4":"has-post-thumbnail","6":"product_cat-tarnschirme-fur-hunde","8":"first","9":"instock","10":"taxable","11":"shipping-taxable","12":"purchasable","13":"product-type-variable"},"composite_virtual":false,"composite_layout":"","composite_add_to_cart_form_location":"","composite_editable_in_cart":false,"composite_sold_individually_context":"","composite_shop_price_calc":"","composite_components":[],"composite_scenarios":[],"group_of_quantity":0,"min_quantity":0,"max_quantity":"","exclude_order_quantity_value_rules":"no","exclude_category_quantity_rules":"no","combine_variations":"no","exclude_global_add_ons":[],"addons":[],"_links":{"self":[{"href":"https:\/\/www.huntersfriend.eu\/de\/wp-json\/wp\/v2\/product\/285152","targetHints":{"allow":["GET"]}}],"collection":[{"href":"https:\/\/www.huntersfriend.eu\/de\/wp-json\/wp\/v2\/product"}],"about":[{"href":"https:\/\/www.huntersfriend.eu\/de\/wp-json\/wp\/v2\/types\/product"}],"replies":[{"embeddable":true,"href":"https:\/\/www.huntersfriend.eu\/de\/wp-json\/wp\/v2\/comments?post=285152"}],"wp:featuredmedia":[{"embeddable":true,"href":"https:\/\/www.huntersfriend.eu\/de\/wp-json\/wp\/v2\/media\/285059"}],"wp:attachment":[{"href":"https:\/\/www.huntersfriend.eu\/de\/wp-json\/wp\/v2\/media?parent=285152"}],"wp:term":[{"taxonomy":"product_brand","embeddable":true,"href":"https:\/\/www.huntersfriend.eu\/de\/wp-json\/wp\/v2\/product_brand?post=285152"},{"taxonomy":"product_cat","embeddable":true,"href":"https:\/\/www.huntersfriend.eu\/de\/wp-json\/wp\/v2\/product_cat?post=285152"},{"taxonomy":"product_tag","embeddable":true,"href":"https:\/\/www.huntersfriend.eu\/de\/wp-json\/wp\/v2\/product_tag?post=285152"}],"curies":[{"name":"wp","href":"https:\/\/api.w.org\/{rel}","templated":true}]}}