{"id":285151,"date":"2025-08-07T09:30:45","date_gmt":"2025-08-07T07:30:45","guid":{"rendered":"https:\/\/www.huntersfriend.eu\/product\/black-fire-kastanie-6-flaschen\/"},"modified":"2026-01-03T17:49:40","modified_gmt":"2026-01-03T15:49:40","slug":"black-fire-kastanie-6-flaschen","status":"publish","type":"product","link":"https:\/\/www.huntersfriend.eu\/de\/produkt\/black-fire-kastanie-6-flaschen\/","title":{"rendered":"Black Fire Kastanie, 6 Flaschen"},"content":{"rendered":"<p data-start=\"0\" data-end=\"32\"><strong data-start=\"0\" data-end=\"32\">BlackFire Kastanie 6 \u00d7 500 g<\/strong><\/p>\n<p data-start=\"34\" data-end=\"375\">BlackFire Kastanie ist ein kraftvoller, s\u00fc\u00dfer und nussig duftender Lockstoff, der speziell f\u00fcr Schalenwild und Wildschweine entwickelt wurde. Sein Aroma ist weicher und s\u00fc\u00dfer als traditionelle Nussd\u00fcfte, wodurch er besonders attraktiv f\u00fcr Hirscharten und Wildschweine ist. Das Sixpack mit 500-g-Flaschen bietet gen\u00fcgend Produkt f\u00fcr die gesamte Jagdsaison.  <\/p>\n<hr data-start=\"377\" data-end=\"380\">\n<p data-start=\"382\" data-end=\"398\"><strong data-start=\"382\" data-end=\"398\">Hauptmerkmale<\/strong><\/p>\n<ul data-start=\"399\" data-end=\"728\">\n<li data-start=\"399\" data-end=\"471\">\n<p data-start=\"401\" data-end=\"471\">S\u00fc\u00dfes Kastanienaroma \u2013 st\u00e4rker und sanfter als normale Nussd\u00fcfte<\/p>\n<\/li>\n<li data-start=\"472\" data-end=\"517\">\n<p data-start=\"474\" data-end=\"517\">Hergestellt aus Mineralsalz und Kastanienaroma<\/p>\n<\/li>\n<li data-start=\"518\" data-end=\"571\">\n<p data-start=\"520\" data-end=\"571\">Lockt Wildschweine, Rehe, Rothirsche und Elche an<\/p>\n<\/li>\n<li data-start=\"572\" data-end=\"633\">\n<p data-start=\"574\" data-end=\"633\">Wirkt als eigenst\u00e4ndiger Lockstoff oder gemischt mit Getreide\/Mais<\/p>\n<\/li>\n<li data-start=\"634\" data-end=\"681\">\n<p data-start=\"636\" data-end=\"681\">Ganzj\u00e4hrig bei allen Wetterbedingungen einsetzbar<\/p>\n<\/li>\n<li data-start=\"682\" data-end=\"728\">\n<p data-start=\"684\" data-end=\"728\">Praktische Sixpack-Flasche \u2013 insgesamt 3 kg<\/p>\n<\/li>\n<\/ul>\n<hr data-start=\"730\" data-end=\"733\">\n<p data-start=\"735\" data-end=\"1179\"><strong data-start=\"735\" data-end=\"757\">Anwendung und Vorteile<\/strong><br data-start=\"757\" data-end=\"760\">BlackFire Kastanie l\u00e4sst sich einfach direkt auf den Boden, in Futtertr\u00f6ge oder als Teil einer Futtermischung auftragen. Es wirkt auch effektiv in Kombination mit Getreide oder Mais und wird an K\u00f6derstellen verstreut. Der ansprechende Duft und das Mineralsalz ziehen Wildtiere an und regen sie an, wiederholt zur\u00fcckzukehren. In Finnland hat es sich als besonders wirksam erwiesen, um Rehe anzulocken und gleichzeitig Wildschweine und andere Hirscharten anzuziehen.   <\/p>\n<hr data-start=\"1181\" data-end=\"1184\">\n<p data-start=\"1186\" data-end=\"1597\"><strong data-start=\"1186\" data-end=\"1219\">Warum BlackFire Kastanie w\u00e4hlen<\/strong><br data-start=\"1219\" data-end=\"1222\">Der s\u00fc\u00dfe Kastanienduft ist f\u00fcr Wildtiere sehr attraktiv und in Kombination mit Mineralsalz entsteht ein unwiderstehlicher K\u00f6der. Es ist einfach zu verwenden und vielseitig \u2013 wirksam allein oder als Zusatz zu anderen Futtermitteln. Das Sixpack sorgt daf\u00fcr, dass Sie f\u00fcr die gesamte Jagdsaison ausreichend Vorrat haben, was es zu einer praktischen und leistungsstarken Wahl f\u00fcr Profis und Hobbyanwender macht.  <\/p>\n<hr data-start=\"1599\" data-end=\"1602\">\n<p data-start=\"1604\" data-end=\"1632\"><strong data-start=\"1604\" data-end=\"1632\">Technische Daten<\/strong><\/p>\n<ul data-start=\"1633\" data-end=\"1866\">\n<li data-start=\"1633\" data-end=\"1673\">\n<p data-start=\"1635\" data-end=\"1673\"><strong data-start=\"1635\" data-end=\"1648\">Inhalt:<\/strong> 6 \u00d7 500 g (insgesamt 3 kg)<\/p>\n<\/li>\n<li data-start=\"1674\" data-end=\"1726\">\n<p data-start=\"1676\" data-end=\"1726\"><strong data-start=\"1676\" data-end=\"1692\">Inhaltsstoffe:<\/strong> Mineralsalz und Kastanienaroma<\/p>\n<\/li>\n<li data-start=\"1727\" data-end=\"1776\">\n<p data-start=\"1729\" data-end=\"1776\"><strong data-start=\"1729\" data-end=\"1739\">Duft:<\/strong> S\u00fc\u00dfer, nussiger, sanfter Kastanienton<\/p>\n<\/li>\n<li data-start=\"1777\" data-end=\"1846\">\n<p data-start=\"1779\" data-end=\"1846\"><strong data-start=\"1779\" data-end=\"1787\">Verwendung:<\/strong> Wildlockmittel, ganzj\u00e4hrig, eigenst\u00e4ndig oder als Futterzusatz<\/p>\n<\/li>\n<li data-start=\"1847\" data-end=\"1866\">\n<p data-start=\"1849\" data-end=\"1866\"><strong data-start=\"1849\" data-end=\"1861\">Hergestellt in:<\/strong> EU<\/p>\n<\/li>\n<\/ul>\n<hr data-start=\"1868\" data-end=\"1871\">\n<p data-start=\"1873\" data-end=\"2214\" data-is-last-node=\"\" data-is-only-node=\"\"><strong data-start=\"1873\" data-end=\"1884\">Zusammenfassung<\/strong><br data-start=\"1884\" data-end=\"1887\">BlackFire Kastanie 6 \u00d7 500 g ist ein nat\u00fcrlicher und effektiver Lockstoff, der einen starken und dennoch angenehmen Duft und ein praktisches Format f\u00fcr die Jagd bietet. Es zieht verschiedene Wildtiere an und beh\u00e4lt seine Wirksamkeit bei allen Wetterbedingungen. Eine perfekte Wahl, um sicherzustellen, dass Ihre K\u00f6derstelle w\u00e4hrend der gesamten Saison aktiv und attraktiv bleibt.  <\/p>\n","protected":false},"excerpt":{"rendered":"<p>BlackFire Kastanie 6 \u00d7 500 g BlackFire Kastanie ist ein kraftvoller, s\u00fc\u00dfer und nussig duftender Lockstoff, der speziell f\u00fcr Schalenwild und Wildschweine entwickelt wurde. Sein Aroma ist weicher und s\u00fc\u00dfer als traditionelle Nussd\u00fcfte, wodurch er besonders attraktiv f\u00fcr Hirscharten und Wildschweine ist. Das Sixpack mit 500-g-Flaschen bietet gen\u00fcgend Produkt f\u00fcr die gesamte Jagdsaison. Hauptmerkmale S\u00fc\u00dfes [&#8230;]\n","protected":false},"featured_media":285071,"comment_status":"open","ping_status":"closed","template":"","meta":[],"product_brand":[],"product_cat":[1200],"product_tag":[],"class_list":{"0":"post-285151","1":"product","2":"type-product","3":"status-publish","4":"has-post-thumbnail","6":"product_cat-lockstoffe-und-mineralien","7":"product_shipping_class-medium-de","9":"first","10":"instock","11":"taxable","12":"shipping-taxable","13":"purchasable","14":"product-type-simple"},"composite_virtual":false,"composite_layout":"","composite_add_to_cart_form_location":"","composite_editable_in_cart":false,"composite_sold_individually_context":"","composite_shop_price_calc":"","composite_components":[],"composite_scenarios":[],"group_of_quantity":0,"min_quantity":0,"max_quantity":"","exclude_order_quantity_value_rules":"no","exclude_category_quantity_rules":"no","combine_variations":"no","exclude_global_add_ons":[],"addons":[],"_links":{"self":[{"href":"https:\/\/www.huntersfriend.eu\/de\/wp-json\/wp\/v2\/product\/285151","targetHints":{"allow":["GET"]}}],"collection":[{"href":"https:\/\/www.huntersfriend.eu\/de\/wp-json\/wp\/v2\/product"}],"about":[{"href":"https:\/\/www.huntersfriend.eu\/de\/wp-json\/wp\/v2\/types\/product"}],"replies":[{"embeddable":true,"href":"https:\/\/www.huntersfriend.eu\/de\/wp-json\/wp\/v2\/comments?post=285151"}],"wp:featuredmedia":[{"embeddable":true,"href":"https:\/\/www.huntersfriend.eu\/de\/wp-json\/wp\/v2\/media\/285071"}],"wp:attachment":[{"href":"https:\/\/www.huntersfriend.eu\/de\/wp-json\/wp\/v2\/media?parent=285151"}],"wp:term":[{"taxonomy":"product_brand","embeddable":true,"href":"https:\/\/www.huntersfriend.eu\/de\/wp-json\/wp\/v2\/product_brand?post=285151"},{"taxonomy":"product_cat","embeddable":true,"href":"https:\/\/www.huntersfriend.eu\/de\/wp-json\/wp\/v2\/product_cat?post=285151"},{"taxonomy":"product_tag","embeddable":true,"href":"https:\/\/www.huntersfriend.eu\/de\/wp-json\/wp\/v2\/product_tag?post=285151"}],"curies":[{"name":"wp","href":"https:\/\/api.w.org\/{rel}","templated":true}]}}