{"id":285150,"date":"2025-08-07T09:30:45","date_gmt":"2025-08-07T07:30:45","guid":{"rendered":"https:\/\/www.huntersfriend.eu\/product\/black-fire-apfel-6-flaschen\/"},"modified":"2025-08-20T13:17:03","modified_gmt":"2025-08-20T11:17:03","slug":"black-fire-apfel-6-flaschen","status":"publish","type":"product","link":"https:\/\/www.huntersfriend.eu\/de\/produkt\/black-fire-apfel-6-flaschen\/","title":{"rendered":"Black Fire Apfel, 6 Flaschen"},"content":{"rendered":"<p data-start=\"0\" data-end=\"29\"><strong data-start=\"0\" data-end=\"29\">BlackFire Apfel 6 \u00d7 500 g<\/strong><\/p>\n<p data-start=\"31\" data-end=\"445\">BlackFire Apfel bringt einen frischen, fruchtigen Apfelduft in den Wald \u2013 ein hochwirksames Lockmittel speziell f\u00fcr Rehe und Hasen, aber auch f\u00fcr Wildschweine und sogar B\u00e4ren. Diese nat\u00fcrliche Mischung aus Mineralsalz und Apfelaroma zieht Wildtiere immer wieder an. Die Sechs-Flaschen-Packung (je 500 g) bietet gen\u00fcgend Lockmittel f\u00fcr die gesamte Saison, egal ob an einer einzelnen Futterstelle oder im Rahmen einer umfassenderen Strategie.  <\/p>\n<hr data-start=\"447\" data-end=\"450\">\n<p data-start=\"452\" data-end=\"468\"><strong data-start=\"452\" data-end=\"468\">Hauptmerkmale<\/strong><\/p>\n<ul data-start=\"469\" data-end=\"807\">\n<li data-start=\"469\" data-end=\"530\">\n<p data-start=\"471\" data-end=\"530\">Frischer, s\u00fc\u00dfer Apfelduft \u2013 stark und leicht erkennbar<\/p>\n<\/li>\n<li data-start=\"531\" data-end=\"580\">\n<p data-start=\"533\" data-end=\"580\">Hergestellt mit einer Mineralsalzbasis und Apfelaroma<\/p>\n<\/li>\n<li data-start=\"581\" data-end=\"640\">\n<p data-start=\"583\" data-end=\"640\">Wirkt als eigenst\u00e4ndiges Lockmittel oder als Zusatz zu Getreide\/Mais<\/p>\n<\/li>\n<li data-start=\"641\" data-end=\"699\">\n<p data-start=\"643\" data-end=\"699\">Zieht effektiv Rehe, Hasen, Wildschweine und B\u00e4ren an<\/p>\n<\/li>\n<li data-start=\"700\" data-end=\"757\">\n<p data-start=\"702\" data-end=\"757\">Geeignet f\u00fcr den ganzj\u00e4hrigen Einsatz bei allen Wetterbedingungen<\/p>\n<\/li>\n<li data-start=\"758\" data-end=\"807\">\n<p data-start=\"760\" data-end=\"807\">Sechs-Flaschen-Packung \u2013 insgesamt 3 kg Lockmittel<\/p>\n<\/li>\n<\/ul>\n<hr data-start=\"809\" data-end=\"812\">\n<p data-start=\"814\" data-end=\"1202\"><strong data-start=\"814\" data-end=\"836\">Anwendung und Vorteile<\/strong><br data-start=\"836\" data-end=\"839\">BlackFire Apfel kann direkt auf den Boden, entlang von Waldwegen, an Futterpl\u00e4tzen gestreut oder zur Verst\u00e4rkung in Getreide oder Mais gemischt werden. Der Apfelduft lockt das Wild schnell an, w\u00e4hrend das Mineralsalz sie dazu anregt, l\u00e4nger zu bleiben. Das starke Aroma bleibt unabh\u00e4ngig vom Wetter wirksam, was dies zu einem zuverl\u00e4ssigen Werkzeug f\u00fcr eine Vielzahl von Jagdsituationen macht.  <\/p>\n<hr data-start=\"1204\" data-end=\"1207\">\n<p data-start=\"1209\" data-end=\"1527\"><strong data-start=\"1209\" data-end=\"1239\">Warum BlackFire Apfel w\u00e4hlen<\/strong><br data-start=\"1239\" data-end=\"1242\">Der Apfelduft ist ein nat\u00fcrliches und ansprechendes Lockmittel f\u00fcr viele Wildtiere. In Kombination mit Salz bildet es einen lang anhaltenden und wirksamen K\u00f6der. Das hochwertige Sixpack ist einfach in der Anwendung, entweder allein oder in Kombination mit anderen Futtermitteln, und stellt sicher, dass Sie f\u00fcr die gesamte Jagdsaison genug haben.  <\/p>\n<hr data-start=\"1529\" data-end=\"1532\">\n<p data-start=\"1534\" data-end=\"1562\"><strong data-start=\"1534\" data-end=\"1562\">Technische Daten<\/strong><\/p>\n<ul data-start=\"1563\" data-end=\"1780\">\n<li data-start=\"1563\" data-end=\"1603\">\n<p data-start=\"1565\" data-end=\"1603\"><strong data-start=\"1565\" data-end=\"1578\">Inhalt:<\/strong> 6 \u00d7 500 g (insgesamt 3 kg)<\/p>\n<\/li>\n<li data-start=\"1604\" data-end=\"1653\">\n<p data-start=\"1606\" data-end=\"1653\"><strong data-start=\"1606\" data-end=\"1622\">Inhaltsstoffe:<\/strong> Mineralsalz und Apfelaroma<\/p>\n<\/li>\n<li data-start=\"1654\" data-end=\"1687\">\n<p data-start=\"1656\" data-end=\"1687\"><strong data-start=\"1656\" data-end=\"1666\">Duft:<\/strong> Frischer, s\u00fc\u00dfer Apfel<\/p>\n<\/li>\n<li data-start=\"1688\" data-end=\"1760\">\n<p data-start=\"1690\" data-end=\"1760\"><strong data-start=\"1690\" data-end=\"1698\">Verwendung:<\/strong> Wildlockmittel, ganzj\u00e4hrig, eigenst\u00e4ndig oder als Futterzusatz<\/p>\n<\/li>\n<li data-start=\"1761\" data-end=\"1780\">\n<p data-start=\"1763\" data-end=\"1780\"><strong data-start=\"1763\" data-end=\"1775\">Hergestellt in:<\/strong> EU<\/p>\n<\/li>\n<\/ul>\n<hr data-start=\"1782\" data-end=\"1785\">\n<p data-start=\"1787\" data-end=\"2083\" data-is-last-node=\"\" data-is-only-node=\"\"><strong data-start=\"1787\" data-end=\"1798\">Zusammenfassung<\/strong><br data-start=\"1798\" data-end=\"1801\">BlackFire Apfel 6 \u00d7 500 g ist ein nat\u00fcrliches, wirksames und einfach zu verwendendes Lockmittel, das Ihrer Jagdroutine einen frischen Apfelduft mit nachgewiesener Anziehungskraft verleiht. Eine ausgezeichnete Wahl f\u00fcr J\u00e4ger, die eine einfache, zuverl\u00e4ssige M\u00f6glichkeit suchen, Wildtiere anzulocken \u2013 bei jedem Wetter, die ganze Saison \u00fcber. <\/p>\n","protected":false},"excerpt":{"rendered":"<p>BlackFire Apfel 6 \u00d7 500 g BlackFire Apfel bringt einen frischen, fruchtigen Apfelduft in den Wald \u2013 ein hochwirksames Lockmittel speziell f\u00fcr Rehe und Hasen, aber auch f\u00fcr Wildschweine und sogar B\u00e4ren. Diese nat\u00fcrliche Mischung aus Mineralsalz und Apfelaroma zieht Wildtiere immer wieder an. Die Sechs-Flaschen-Packung (je 500 g) bietet gen\u00fcgend Lockmittel f\u00fcr die gesamte [&#8230;]\n","protected":false},"featured_media":285082,"comment_status":"open","ping_status":"closed","template":"","meta":[],"product_brand":[],"product_cat":[1200],"product_tag":[],"class_list":{"0":"post-285150","1":"product","2":"type-product","3":"status-publish","4":"has-post-thumbnail","6":"product_cat-lockstoffe-und-mineralien","7":"product_shipping_class-medium-de","9":"first","10":"outofstock","11":"taxable","12":"shipping-taxable","13":"purchasable","14":"product-type-simple"},"composite_virtual":false,"composite_layout":"","composite_add_to_cart_form_location":"","composite_editable_in_cart":false,"composite_sold_individually_context":"","composite_shop_price_calc":"","composite_components":[],"composite_scenarios":[],"group_of_quantity":0,"min_quantity":0,"max_quantity":"","exclude_order_quantity_value_rules":"no","exclude_category_quantity_rules":"no","combine_variations":"no","exclude_global_add_ons":[],"addons":[],"_links":{"self":[{"href":"https:\/\/www.huntersfriend.eu\/de\/wp-json\/wp\/v2\/product\/285150","targetHints":{"allow":["GET"]}}],"collection":[{"href":"https:\/\/www.huntersfriend.eu\/de\/wp-json\/wp\/v2\/product"}],"about":[{"href":"https:\/\/www.huntersfriend.eu\/de\/wp-json\/wp\/v2\/types\/product"}],"replies":[{"embeddable":true,"href":"https:\/\/www.huntersfriend.eu\/de\/wp-json\/wp\/v2\/comments?post=285150"}],"wp:featuredmedia":[{"embeddable":true,"href":"https:\/\/www.huntersfriend.eu\/de\/wp-json\/wp\/v2\/media\/285082"}],"wp:attachment":[{"href":"https:\/\/www.huntersfriend.eu\/de\/wp-json\/wp\/v2\/media?parent=285150"}],"wp:term":[{"taxonomy":"product_brand","embeddable":true,"href":"https:\/\/www.huntersfriend.eu\/de\/wp-json\/wp\/v2\/product_brand?post=285150"},{"taxonomy":"product_cat","embeddable":true,"href":"https:\/\/www.huntersfriend.eu\/de\/wp-json\/wp\/v2\/product_cat?post=285150"},{"taxonomy":"product_tag","embeddable":true,"href":"https:\/\/www.huntersfriend.eu\/de\/wp-json\/wp\/v2\/product_tag?post=285150"}],"curies":[{"name":"wp","href":"https:\/\/api.w.org\/{rel}","templated":true}]}}