{"id":285149,"date":"2025-08-07T00:36:17","date_gmt":"2025-08-06T22:36:17","guid":{"rendered":"https:\/\/www.huntersfriend.eu\/product\/black-fire-nut-6-flaschen\/"},"modified":"2025-08-20T13:17:02","modified_gmt":"2025-08-20T11:17:02","slug":"black-fire-nut-6-flaschen","status":"publish","type":"product","link":"https:\/\/www.huntersfriend.eu\/de\/produkt\/black-fire-nut-6-flaschen\/","title":{"rendered":"Black Fire Nut, 6 Flaschen"},"content":{"rendered":"<p data-start=\"0\" data-end=\"27\"><strong data-start=\"0\" data-end=\"27\">BlackFire Nut 6 \u00d7 500 g<\/strong><\/p>\n<p data-start=\"29\" data-end=\"418\">BlackFire Nut ist ein nat\u00fcrlicher und hochwirksamer Lockstoff mit einem s\u00fc\u00dfen, intensiven Nussaroma, das besonders f\u00fcr Hirsche, Rehe, Elche, Wildschweine \u2013 und sogar B\u00e4ren \u2013 attraktiv ist. Es wurde speziell f\u00fcr J\u00e4ger entwickelt und bietet eine zuverl\u00e4ssige M\u00f6glichkeit, Wild immer wieder zum K\u00f6derplatz zur\u00fcckkehren zu lassen. Die Sechs-Flaschen-Packung (je 500 g) stellt sicher, dass Sie gen\u00fcgend Lockmittel f\u00fcr die gesamte Jagdsaison haben.  <\/p>\n<hr data-start=\"420\" data-end=\"423\">\n<p data-start=\"425\" data-end=\"441\"><strong data-start=\"425\" data-end=\"441\">Hauptmerkmale<\/strong><\/p>\n<ul data-start=\"442\" data-end=\"744\">\n<li data-start=\"442\" data-end=\"491\">\n<p data-start=\"444\" data-end=\"491\">Eine nat\u00fcrliche Mischung aus Mineralsalz und Nussaroma<\/p>\n<\/li>\n<li data-start=\"492\" data-end=\"542\">\n<p data-start=\"494\" data-end=\"542\">Starker, s\u00fc\u00dfer Nussduft f\u00fcr maximale Anziehungskraft<\/p>\n<\/li>\n<li data-start=\"543\" data-end=\"599\">\n<p data-start=\"545\" data-end=\"599\">Zieht Hirsche, Rehe, Elche, Wildschweine und B\u00e4ren an<\/p>\n<\/li>\n<li data-start=\"600\" data-end=\"657\">\n<p data-start=\"602\" data-end=\"657\">Geeignet f\u00fcr den ganzj\u00e4hrigen Einsatz bei allen Wetterbedingungen<\/p>\n<\/li>\n<li data-start=\"658\" data-end=\"712\">\n<p data-start=\"660\" data-end=\"712\">Kann allein oder gemischt mit Getreide oder Mais verwendet werden<\/p>\n<\/li>\n<li data-start=\"713\" data-end=\"744\">\n<p data-start=\"715\" data-end=\"744\">Handliche Sechserpackung \u2013 insgesamt 3 kg<\/p>\n<\/li>\n<\/ul>\n<hr data-start=\"746\" data-end=\"749\">\n<p data-start=\"751\" data-end=\"1157\"><strong data-start=\"751\" data-end=\"773\">Anwendung und Vorteile<\/strong><br data-start=\"773\" data-end=\"776\">BlackFire Nut l\u00e4sst sich einfach auf dem Boden, an Baumwurzeln, Baumst\u00fcmpfen, Futterpl\u00e4tzen oder Wild\u00e4ckern ausbringen. Es funktioniert auch gut, wenn es zur zus\u00e4tzlichen Verst\u00e4rkung in Getreide oder Mais gemischt wird. Das starke Aroma breitet sich schnell aus und lockt Wild an, w\u00e4hrend das Mineralsalz sie l\u00e4nger in der N\u00e4he h\u00e4lt und sie dazu anregt, wiederholt zur\u00fcckzukehren. Es wurde f\u00fcr alle Jahreszeiten entwickelt und funktioniert auch bei kalten oder nassen Bedingungen.   <\/p>\n<hr data-start=\"1159\" data-end=\"1162\">\n<p data-start=\"1164\" data-end=\"1571\"><strong data-start=\"1164\" data-end=\"1192\">Warum BlackFire Nut w\u00e4hlen<\/strong><br data-start=\"1192\" data-end=\"1195\">Nussaroma hat sich als \u00e4u\u00dferst attraktiv f\u00fcr eine Vielzahl von Wildtieren erwiesen. In Kombination mit Salz entsteht ein unwiderstehlicher K\u00f6der, der Tiere nicht nur anlockt, sondern sie auch vor Ort h\u00e4lt. Die einfach zu verwendende Flasche mit Flip-Top-Verschluss erm\u00f6glicht eine saubere und schnelle Anwendung. Diese Sechserpackung gibt Ihnen die Gewissheit, dass Sie f\u00fcr die gesamte Saison gen\u00fcgend Lockmittel haben \u2013 praktisch und effektiv.   <\/p>\n<hr data-start=\"1573\" data-end=\"1576\">\n<p data-start=\"1578\" data-end=\"1606\"><strong data-start=\"1578\" data-end=\"1606\">Technische Daten<\/strong><\/p>\n<ul data-start=\"1607\" data-end=\"1802\">\n<li data-start=\"1607\" data-end=\"1647\">\n<p data-start=\"1609\" data-end=\"1647\"><strong data-start=\"1609\" data-end=\"1622\">Inhalt:<\/strong> 6 \u00d7 500 g (insgesamt 3 kg)<\/p>\n<\/li>\n<li data-start=\"1648\" data-end=\"1692\">\n<p data-start=\"1650\" data-end=\"1692\"><strong data-start=\"1650\" data-end=\"1666\">Inhaltsstoffe:<\/strong> Mineralsalz, Nussaroma<\/p>\n<\/li>\n<li data-start=\"1693\" data-end=\"1741\">\n<p data-start=\"1695\" data-end=\"1741\"><strong data-start=\"1695\" data-end=\"1705\">Duft:<\/strong> S\u00fc\u00dfer und intensiver Nussduft<\/p>\n<\/li>\n<li data-start=\"1742\" data-end=\"1782\">\n<p data-start=\"1744\" data-end=\"1782\"><strong data-start=\"1744\" data-end=\"1752\">Verwendung:<\/strong> Wildlockmittel, ganzj\u00e4hrig<\/p>\n<\/li>\n<li data-start=\"1783\" data-end=\"1802\">\n<p data-start=\"1785\" data-end=\"1802\"><strong data-start=\"1785\" data-end=\"1797\">Hergestellt in:<\/strong> EU<\/p>\n<\/li>\n<\/ul>\n<hr data-start=\"1804\" data-end=\"1807\">\n<p data-start=\"1809\" data-end=\"2075\" data-is-last-node=\"\" data-is-only-node=\"\"><strong data-start=\"1809\" data-end=\"1820\">Zusammenfassung<\/strong><br data-start=\"1820\" data-end=\"1823\">BlackFire Nut 6 \u00d7 500 g ist ein leistungsstarkes, nat\u00fcrliches und einfach zu verwendendes Lockmittel, das Wildtiere anlockt und sie immer wieder zur\u00fcckkommen l\u00e4sst. Eine perfekte L\u00f6sung f\u00fcr J\u00e4ger, die den Erfolg ihrer K\u00f6derpl\u00e4tze zu jeder Jahreszeit und unter allen Bedingungen maximieren m\u00f6chten. <\/p>\n","protected":false},"excerpt":{"rendered":"<p>BlackFire Nut 6 \u00d7 500 g BlackFire Nut ist ein nat\u00fcrlicher und hochwirksamer Lockstoff mit einem s\u00fc\u00dfen, intensiven Nussaroma, das besonders f\u00fcr Hirsche, Rehe, Elche, Wildschweine \u2013 und sogar B\u00e4ren \u2013 attraktiv ist. Es wurde speziell f\u00fcr J\u00e4ger entwickelt und bietet eine zuverl\u00e4ssige M\u00f6glichkeit, Wild immer wieder zum K\u00f6derplatz zur\u00fcckkehren zu lassen. Die Sechs-Flaschen-Packung (je [&#8230;]\n","protected":false},"featured_media":285108,"comment_status":"open","ping_status":"closed","template":"","meta":[],"product_brand":[],"product_cat":[1200],"product_tag":[],"class_list":{"0":"post-285149","1":"product","2":"type-product","3":"status-publish","4":"has-post-thumbnail","6":"product_cat-lockstoffe-und-mineralien","7":"product_shipping_class-medium-de","9":"first","10":"instock","11":"taxable","12":"shipping-taxable","13":"purchasable","14":"product-type-simple"},"composite_virtual":false,"composite_layout":"","composite_add_to_cart_form_location":"","composite_editable_in_cart":false,"composite_sold_individually_context":"","composite_shop_price_calc":"","composite_components":[],"composite_scenarios":[],"group_of_quantity":0,"min_quantity":0,"max_quantity":"","exclude_order_quantity_value_rules":"no","exclude_category_quantity_rules":"no","combine_variations":"no","exclude_global_add_ons":[],"addons":[],"_links":{"self":[{"href":"https:\/\/www.huntersfriend.eu\/de\/wp-json\/wp\/v2\/product\/285149","targetHints":{"allow":["GET"]}}],"collection":[{"href":"https:\/\/www.huntersfriend.eu\/de\/wp-json\/wp\/v2\/product"}],"about":[{"href":"https:\/\/www.huntersfriend.eu\/de\/wp-json\/wp\/v2\/types\/product"}],"replies":[{"embeddable":true,"href":"https:\/\/www.huntersfriend.eu\/de\/wp-json\/wp\/v2\/comments?post=285149"}],"wp:featuredmedia":[{"embeddable":true,"href":"https:\/\/www.huntersfriend.eu\/de\/wp-json\/wp\/v2\/media\/285108"}],"wp:attachment":[{"href":"https:\/\/www.huntersfriend.eu\/de\/wp-json\/wp\/v2\/media?parent=285149"}],"wp:term":[{"taxonomy":"product_brand","embeddable":true,"href":"https:\/\/www.huntersfriend.eu\/de\/wp-json\/wp\/v2\/product_brand?post=285149"},{"taxonomy":"product_cat","embeddable":true,"href":"https:\/\/www.huntersfriend.eu\/de\/wp-json\/wp\/v2\/product_cat?post=285149"},{"taxonomy":"product_tag","embeddable":true,"href":"https:\/\/www.huntersfriend.eu\/de\/wp-json\/wp\/v2\/product_tag?post=285149"}],"curies":[{"name":"wp","href":"https:\/\/api.w.org\/{rel}","templated":true}]}}