{"id":285148,"date":"2025-08-07T00:36:16","date_gmt":"2025-08-06T22:36:16","guid":{"rendered":"https:\/\/www.huntersfriend.eu\/product\/black-fire-special-6-flaschen\/"},"modified":"2026-04-15T08:46:28","modified_gmt":"2026-04-15T06:46:28","slug":"black-fire-special-6-flaschen","status":"publish","type":"product","link":"https:\/\/www.huntersfriend.eu\/de\/produkt\/black-fire-special-6-flaschen\/","title":{"rendered":"Black Fire Special, 6 Flaschen"},"content":{"rendered":"<p data-start=\"0\" data-end=\"31\"><strong data-start=\"0\" data-end=\"31\">BlackFire Special 6 \u00d7 500 g<\/strong><\/p>\n<p data-start=\"33\" data-end=\"438\">BlackFire Special ist ein \u00e4u\u00dferst wirksames Lockmittel, das speziell f\u00fcr Wildschweine entwickelt wurde, aber auch bei Rehwild und anderen Hirscharten sehr wirksam ist. Es kombiniert Salz, gefilterten Buchenholzteer und das ausgepr\u00e4gte Aroma von Anis, um eine unwiderstehliche Duftmischung zu schaffen, die Wildtiere immer wieder anlockt. Das Sixpack mit 500-g-Flaschen sorgt daf\u00fcr, dass Sie f\u00fcr jede Situation w\u00e4hrend der Jagdsaison bestens ger\u00fcstet sind.  <\/p>\n<hr data-start=\"440\" data-end=\"443\">\n<p data-start=\"445\" data-end=\"461\"><strong data-start=\"445\" data-end=\"461\">Hauptmerkmale<\/strong><\/p>\n<ul data-start=\"462\" data-end=\"801\">\n<li data-start=\"462\" data-end=\"547\">\n<p data-start=\"464\" data-end=\"547\">Innovative Formel: 90 % Mineralsalz, 10 % gefilterter Buchenholzteer, angereichert mit Anis<\/p>\n<\/li>\n<li data-start=\"548\" data-end=\"600\">\n<p data-start=\"550\" data-end=\"600\">\u00c4u\u00dferst intensives und unwiderstehliches Duftprofil<\/p>\n<\/li>\n<li data-start=\"601\" data-end=\"653\">\n<p data-start=\"603\" data-end=\"653\">100 % nat\u00fcrliche Inhaltsstoffe \u2013 keine chemischen Zus\u00e4tze<\/p>\n<\/li>\n<li data-start=\"654\" data-end=\"707\">\n<p data-start=\"656\" data-end=\"707\">Einfache und saubere Anwendung dank Flip-Top-Flasche<\/p>\n<\/li>\n<li data-start=\"708\" data-end=\"764\">\n<p data-start=\"710\" data-end=\"764\">Zieht effektiv Wildschweine, Hirsche und anderes Wild an<\/p>\n<\/li>\n<li data-start=\"765\" data-end=\"801\">\n<p data-start=\"767\" data-end=\"801\">Praktisches Sixpack \u2013 insgesamt 3 kg<\/p>\n<\/li>\n<\/ul>\n<hr data-start=\"803\" data-end=\"806\">\n<p data-start=\"808\" data-end=\"1161\"><strong data-start=\"808\" data-end=\"830\">Anwendung und Vorteile<\/strong><br data-start=\"830\" data-end=\"833\">BlackFire Special kann direkt um Baumst\u00e4mme, St\u00fcmpfe oder auf dem Boden gestreut werden, wo Wild es auf nat\u00fcrliche Weise findet. Es ist auch ideal als Booster f\u00fcr bestehende Futterstellen oder Wild\u00e4cker. Das Aroma ist f\u00fcr den ganzj\u00e4hrigen Einsatz konzipiert und bleibt auch bei Regen oder K\u00e4lte wirksam, wodurch eine lang anhaltende Anziehungskraft unter allen Bedingungen gew\u00e4hrleistet wird.  <\/p>\n<hr data-start=\"1163\" data-end=\"1166\">\n<p data-start=\"1168\" data-end=\"1583\"><strong data-start=\"1168\" data-end=\"1200\">Warum BlackFire Special w\u00e4hlen<\/strong><br data-start=\"1200\" data-end=\"1203\">Seine nachgewiesene Wirksamkeit beruht auf seinen nat\u00fcrlichen Inhaltsstoffen und der Kombination aus Salz zur Retention, Teer f\u00fcr einen lang anhaltenden Duft und Anis zur Verst\u00e4rkung der Anziehungskraft \u2013 auch an neuen Futterstellen. Das Produkt wurde in ganz Europa ausgiebig getestet und hat sowohl von Berufs- als auch von Freizeitj\u00e4gern positive Ergebnisse erzielt. Das saubere Flaschendesign macht es einfach und praktisch im Feld anzuwenden.  <\/p>\n<hr data-start=\"1585\" data-end=\"1588\">\n<p data-start=\"1590\" data-end=\"1618\"><strong data-start=\"1590\" data-end=\"1618\">Technische Daten<\/strong><\/p>\n<ul data-start=\"1619\" data-end=\"1856\">\n<li data-start=\"1619\" data-end=\"1659\">\n<p data-start=\"1621\" data-end=\"1659\"><strong data-start=\"1621\" data-end=\"1634\">Inhalt:<\/strong> 6 \u00d7 500 g (insgesamt 3 kg)<\/p>\n<\/li>\n<li data-start=\"1660\" data-end=\"1739\">\n<p data-start=\"1662\" data-end=\"1739\"><strong data-start=\"1662\" data-end=\"1678\">Inhaltsstoffe:<\/strong> 90 % Mineralsalz, 10 % gefilterter Buchenholzteer, mit Aniszusatz<\/p>\n<\/li>\n<li data-start=\"1740\" data-end=\"1785\">\n<p data-start=\"1742\" data-end=\"1785\"><strong data-start=\"1742\" data-end=\"1751\">Form:<\/strong> Gie\u00dfbar aus einer Flip-Top-Flasche<\/p>\n<\/li>\n<li data-start=\"1786\" data-end=\"1836\">\n<p data-start=\"1788\" data-end=\"1836\"><strong data-start=\"1788\" data-end=\"1796\">Verwendung:<\/strong> Anlocken von Wildschweinen und Hirscharten<\/p>\n<\/li>\n<li data-start=\"1837\" data-end=\"1856\">\n<p data-start=\"1839\" data-end=\"1856\"><strong data-start=\"1839\" data-end=\"1851\">Hergestellt in:<\/strong> EU<\/p>\n<\/li>\n<\/ul>\n<hr data-start=\"1858\" data-end=\"1861\">\n<p data-start=\"1863\" data-end=\"2235\" data-is-last-node=\"\" data-is-only-node=\"\"><strong data-start=\"1863\" data-end=\"1874\">Zusammenfassung<\/strong><br data-start=\"1874\" data-end=\"1877\">BlackFire Special 6 \u00d7 500 g ist ein leistungsstarkes, nat\u00fcrliches und benutzerfreundliches Lockmittel, das konsistente Ergebnisse liefert. Sein starker, lang anhaltender Duft und seine bew\u00e4hrte Formel machen es zu einer Top-Wahl f\u00fcr J\u00e4ger, die den Erfolg ihrer Futterstellen w\u00e4hrend der gesamten Saison verbessern m\u00f6chten. Zuverl\u00e4ssig, effektiv und einfach zu bedienen \u2013 alles, was Sie f\u00fcr eine intelligente und erfolgreiche Wildtieranlockung ben\u00f6tigen.  <\/p>\n","protected":false},"excerpt":{"rendered":"<p>BlackFire Special 6 \u00d7 500 g BlackFire Special ist ein \u00e4u\u00dferst wirksames Lockmittel, das speziell f\u00fcr Wildschweine entwickelt wurde, aber auch bei Rehwild und anderen Hirscharten sehr wirksam ist. Es kombiniert Salz, gefilterten Buchenholzteer und das ausgepr\u00e4gte Aroma von Anis, um eine unwiderstehliche Duftmischung zu schaffen, die Wildtiere immer wieder anlockt. Das Sixpack mit 500-g-Flaschen [&#8230;]\n","protected":false},"featured_media":285115,"comment_status":"open","ping_status":"closed","template":"","meta":[],"product_brand":[],"product_cat":[1200],"product_tag":[],"class_list":{"0":"post-285148","1":"product","2":"type-product","3":"status-publish","4":"has-post-thumbnail","6":"product_cat-lockstoffe-und-mineralien","7":"product_shipping_class-medium-de","9":"first","10":"instock","11":"taxable","12":"shipping-taxable","13":"purchasable","14":"product-type-simple"},"composite_virtual":false,"composite_layout":"","composite_add_to_cart_form_location":"","composite_editable_in_cart":false,"composite_sold_individually_context":"","composite_shop_price_calc":"","composite_components":[],"composite_scenarios":[],"group_of_quantity":0,"min_quantity":0,"max_quantity":"","exclude_order_quantity_value_rules":"no","exclude_category_quantity_rules":"no","combine_variations":"no","exclude_global_add_ons":[],"addons":[],"_links":{"self":[{"href":"https:\/\/www.huntersfriend.eu\/de\/wp-json\/wp\/v2\/product\/285148","targetHints":{"allow":["GET"]}}],"collection":[{"href":"https:\/\/www.huntersfriend.eu\/de\/wp-json\/wp\/v2\/product"}],"about":[{"href":"https:\/\/www.huntersfriend.eu\/de\/wp-json\/wp\/v2\/types\/product"}],"replies":[{"embeddable":true,"href":"https:\/\/www.huntersfriend.eu\/de\/wp-json\/wp\/v2\/comments?post=285148"}],"wp:featuredmedia":[{"embeddable":true,"href":"https:\/\/www.huntersfriend.eu\/de\/wp-json\/wp\/v2\/media\/285115"}],"wp:attachment":[{"href":"https:\/\/www.huntersfriend.eu\/de\/wp-json\/wp\/v2\/media?parent=285148"}],"wp:term":[{"taxonomy":"product_brand","embeddable":true,"href":"https:\/\/www.huntersfriend.eu\/de\/wp-json\/wp\/v2\/product_brand?post=285148"},{"taxonomy":"product_cat","embeddable":true,"href":"https:\/\/www.huntersfriend.eu\/de\/wp-json\/wp\/v2\/product_cat?post=285148"},{"taxonomy":"product_tag","embeddable":true,"href":"https:\/\/www.huntersfriend.eu\/de\/wp-json\/wp\/v2\/product_tag?post=285148"}],"curies":[{"name":"wp","href":"https:\/\/api.w.org\/{rel}","templated":true}]}}