{"id":285145,"date":"2025-08-07T11:19:01","date_gmt":"2025-08-07T09:19:01","guid":{"rendered":"https:\/\/www.huntersfriend.eu\/product\/black-fire-secret-spray-trueffel\/"},"modified":"2025-08-20T12:28:47","modified_gmt":"2025-08-20T10:28:47","slug":"black-fire-secret-spray-trueffel","status":"publish","type":"product","link":"https:\/\/www.huntersfriend.eu\/de\/produkt\/black-fire-secret-spray-trueffel\/","title":{"rendered":"Black Fire Secret Spray, Tr\u00fcffel"},"content":{"rendered":"<article class=\"text-token-text-primary w-full focus:outline-none scroll-mt-[calc(var(--header-height)+min(200px,max(70px,20svh)))]\" dir=\"auto\" tabindex=\"-1\" data-turn-id=\"request-WEB:cf253765-5d36-4bc6-955f-7f3a31ff94f5-11\" data-testid=\"conversation-turn-24\" data-scroll-anchor=\"true\" data-turn=\"assistant\">\n<div class=\"text-base my-auto mx-auto pb-10 [--thread-content-margin:--spacing(4)] @[37rem]:[--thread-content-margin:--spacing(6)] @[72rem]:[--thread-content-margin:--spacing(16)] px-(--thread-content-margin)\">\n<div class=\"[--thread-content-max-width:32rem] @[34rem]:[--thread-content-max-width:40rem] @[64rem]:[--thread-content-max-width:48rem] mx-auto max-w-(--thread-content-max-width) flex-1 group\/turn-messages focus-visible:outline-hidden relative flex w-full min-w-0 flex-col agent-turn\" tabindex=\"-1\">\n<div class=\"flex max-w-full flex-col grow\">\n<div class=\"min-h-8 text-message relative flex w-full flex-col items-end gap-2 text-start break-words whitespace-normal [.text-message+&amp;]:mt-5\" dir=\"auto\" data-message-author-role=\"assistant\" data-message-id=\"9f3ed9e4-c36a-43d0-9fd6-bd906013ab43\" data-message-model-slug=\"gpt-4o\">\n<div class=\"flex w-full flex-col gap-1 empty:hidden first:pt-[3px]\">\n<div class=\"markdown prose dark:prose-invert w-full break-words light markdown-new-styling\">\n<p data-start=\"0\" data-end=\"60\"><strong data-start=\"0\" data-end=\"60\">Black Fire Secret Spray Tr\u00fcffel \u2013 Wildlockmittel 100 ml<\/strong><\/p>\n<p data-start=\"62\" data-end=\"450\">Black Fire Secret Spray Tr\u00fcffel ist ein au\u00dfergew\u00f6hnlich starkes Lockmittel, das einen intensiven, tieranlockenden Tr\u00fcffelduft in die Umgebung abgibt. Speziell f\u00fcr Wildschweine und Hirsche entwickelt, verschafft dieses Produkt J\u00e4gern einen klaren Vorteil bei der Erh\u00f6hung der Erfolgsquote. Die kompakte 100-ml-Spr\u00fchflasche ist leicht und einfach zu transportieren, was sie zu einem perfekten Begleiter f\u00fcr jede Jagdsituation macht.  <\/p>\n<hr data-start=\"452\" data-end=\"455\">\n<h3 data-start=\"457\" data-end=\"477\"><strong data-start=\"461\" data-end=\"477\">Hauptmerkmale<\/strong><\/h3>\n<ul data-start=\"478\" data-end=\"928\">\n<li data-start=\"478\" data-end=\"549\">\n<p data-start=\"480\" data-end=\"549\"><strong data-start=\"480\" data-end=\"505\">Intensives Tr\u00fcffelaroma<\/strong>, das Wildschweine und Hirsche stark anzieht<\/p>\n<\/li>\n<li data-start=\"550\" data-end=\"610\">\n<p data-start=\"552\" data-end=\"610\"><strong data-start=\"552\" data-end=\"572\">Hocheffizient<\/strong> \u2013 bis zu 200 Anwendungen pro Flasche<\/p>\n<\/li>\n<li data-start=\"611\" data-end=\"686\">\n<p data-start=\"613\" data-end=\"686\"><strong data-start=\"613\" data-end=\"650\">Einfache, saubere Spr\u00fchapplikation<\/strong> \u2013 keine R\u00fcckst\u00e4nde an H\u00e4nden oder Kleidung<\/p>\n<\/li>\n<li data-start=\"687\" data-end=\"768\">\n<p data-start=\"689\" data-end=\"768\"><strong data-start=\"689\" data-end=\"707\">Vielseitige Anwendung:<\/strong> direkt auf K\u00f6der, Futter, B\u00e4ume, Baumst\u00fcmpfe oder den Boden spr\u00fchen<\/p>\n<\/li>\n<li data-start=\"769\" data-end=\"860\">\n<p data-start=\"771\" data-end=\"860\"><strong data-start=\"771\" data-end=\"792\">Einzigartiger Vorteil:<\/strong> spr\u00fchen Sie es auf Ihre <strong data-start=\"809\" data-end=\"823\">Schuhsohlen<\/strong>, um beim Gehen eine Duftspur zu hinterlassen<\/p>\n<\/li>\n<li data-start=\"861\" data-end=\"928\">\n<p data-start=\"863\" data-end=\"928\"><strong data-start=\"863\" data-end=\"881\">Hergestellt in der EU<\/strong> unter Verwendung hochwertiger, langlebiger Inhaltsstoffe<\/p>\n<\/li>\n<\/ul>\n<hr data-start=\"930\" data-end=\"933\">\n<h3 data-start=\"935\" data-end=\"959\"><strong data-start=\"939\" data-end=\"959\">Anwendung &amp; Vorteile<\/strong><\/h3>\n<p data-start=\"961\" data-end=\"1268\">Black Fire Secret Spray Tr\u00fcffel verbessert jede Wildtier-Anlockvorrichtung mit seinem starken, nat\u00fcrlichen Duft, der schnell Wildschweine und anderes Wild anzieht. Das Spray kann direkt auf K\u00f6der, Futterpl\u00e4tze, Vegetation oder physische Strukturen wie Baumst\u00e4mme aufgetragen werden, um das Aroma \u00fcber einen weiten Bereich zu verteilen. <\/p>\n<p data-start=\"1270\" data-end=\"1603\">F\u00fcr einen taktischen Vorteil k\u00f6nnen Sie es auch auf die Sohlen Ihrer Stiefel spr\u00fchen \u2013 und so eine Duftspur hinterlassen, w\u00e4hrend Sie sich durch das Jagdgebiet bewegen. Dies kann Tiere direkt zum K\u00f6der oder zum Stand f\u00fchren. Die 100-ml-Flasche bietet bis zu 200 Anwendungen und ist somit ein kosteng\u00fcnstiges und praktisches Werkzeug f\u00fcr Gelegenheits- und Berufsj\u00e4ger.  <\/p>\n<hr data-start=\"1605\" data-end=\"1608\">\n<h3 data-start=\"1610\" data-end=\"1642\"><strong data-start=\"1614\" data-end=\"1642\">Technische Daten<\/strong><\/h3>\n<ul data-start=\"1643\" data-end=\"1904\">\n<li data-start=\"1643\" data-end=\"1691\">\n<p data-start=\"1645\" data-end=\"1691\"><strong data-start=\"1645\" data-end=\"1657\">Produkt:<\/strong> Black Fire Secret Spray Tr\u00fcffel<\/p>\n<\/li>\n<li data-start=\"1692\" data-end=\"1714\">\n<p data-start=\"1694\" data-end=\"1714\"><strong data-start=\"1694\" data-end=\"1704\">Duft:<\/strong> Tr\u00fcffel<\/p>\n<\/li>\n<li data-start=\"1715\" data-end=\"1753\">\n<p data-start=\"1717\" data-end=\"1753\"><strong data-start=\"1717\" data-end=\"1731\">Verpackung:<\/strong> 100 ml Spr\u00fchflasche<\/p>\n<\/li>\n<li data-start=\"1754\" data-end=\"1805\">\n<p data-start=\"1756\" data-end=\"1805\"><strong data-start=\"1756\" data-end=\"1769\">Reichweite:<\/strong> Bis zu 200 Anwendungen pro Flasche<\/p>\n<\/li>\n<li data-start=\"1806\" data-end=\"1884\">\n<p data-start=\"1808\" data-end=\"1884\"><strong data-start=\"1808\" data-end=\"1824\">Anwendung:<\/strong> Auf K\u00f6der, Futter, B\u00e4ume, Baumst\u00fcmpfe, Boden oder Schuhsohlen spr\u00fchen<\/p>\n<\/li>\n<li data-start=\"1885\" data-end=\"1904\">\n<p data-start=\"1887\" data-end=\"1904\"><strong data-start=\"1887\" data-end=\"1899\">Hergestellt in:<\/strong> EU<\/p>\n<\/li>\n<\/ul>\n<hr data-start=\"1906\" data-end=\"1909\">\n<h3 data-start=\"1911\" data-end=\"1926\"><strong data-start=\"1915\" data-end=\"1926\">Zusammenfassung<\/strong><\/h3>\n<p data-start=\"1928\" data-end=\"2344\" data-is-last-node=\"\" data-is-only-node=\"\">Black Fire Secret Spray Tr\u00fcffel ist ein kompaktes, aber hochwirksames Lockmittel, das J\u00e4gern einen echten Vorteil im Feld verschafft. Sein starker Duft, seine einfache Anwendung und seine lang anhaltende Wirkung machen es ideal f\u00fcr die Standjagd, die Verbesserung von Futterstellen oder die aktive Duftspurverfolgung. Egal, ob Sie Wildschweine, Hirsche oder anderes Wild verfolgen, dieses Tr\u00fcffelspray sorgt daf\u00fcr, dass Ihre Lockstelle wahrgenommen wird \u2013 und die Tiere immer wieder zur\u00fcckkommen.  <\/p>\n<\/div>\n<\/div>\n<\/div>\n<\/div>\n<div class=\"flex min-h-[46px] justify-start\"><\/div>\n<\/div>\n<\/div>\n<\/article>\n<div class=\"pointer-events-none h-px w-px\" aria-hidden=\"true\" data-edge=\"true\"><\/div>\n","protected":false},"excerpt":{"rendered":"<p>Black Fire Secret Spray Tr\u00fcffel \u2013 Wildlockmittel 100 ml Black Fire Secret Spray Tr\u00fcffel ist ein au\u00dfergew\u00f6hnlich starkes Lockmittel, das einen intensiven, tieranlockenden Tr\u00fcffelduft in die Umgebung abgibt. Speziell f\u00fcr Wildschweine und Hirsche entwickelt, verschafft dieses Produkt J\u00e4gern einen klaren Vorteil bei der Erh\u00f6hung der Erfolgsquote. Die kompakte 100-ml-Spr\u00fchflasche ist leicht und einfach zu transportieren, [&#8230;]\n","protected":false},"featured_media":285138,"comment_status":"open","ping_status":"closed","template":"","meta":[],"product_brand":[],"product_cat":[1200],"product_tag":[],"class_list":{"0":"post-285145","1":"product","2":"type-product","3":"status-publish","4":"has-post-thumbnail","6":"product_cat-lockstoffe-und-mineralien","8":"first","9":"instock","10":"taxable","11":"shipping-taxable","12":"purchasable","13":"product-type-simple"},"composite_virtual":false,"composite_layout":"","composite_add_to_cart_form_location":"","composite_editable_in_cart":false,"composite_sold_individually_context":"","composite_shop_price_calc":"","composite_components":[],"composite_scenarios":[],"group_of_quantity":0,"min_quantity":0,"max_quantity":"","exclude_order_quantity_value_rules":"no","exclude_category_quantity_rules":"no","combine_variations":"no","exclude_global_add_ons":[],"addons":[],"_links":{"self":[{"href":"https:\/\/www.huntersfriend.eu\/de\/wp-json\/wp\/v2\/product\/285145","targetHints":{"allow":["GET"]}}],"collection":[{"href":"https:\/\/www.huntersfriend.eu\/de\/wp-json\/wp\/v2\/product"}],"about":[{"href":"https:\/\/www.huntersfriend.eu\/de\/wp-json\/wp\/v2\/types\/product"}],"replies":[{"embeddable":true,"href":"https:\/\/www.huntersfriend.eu\/de\/wp-json\/wp\/v2\/comments?post=285145"}],"wp:featuredmedia":[{"embeddable":true,"href":"https:\/\/www.huntersfriend.eu\/de\/wp-json\/wp\/v2\/media\/285138"}],"wp:attachment":[{"href":"https:\/\/www.huntersfriend.eu\/de\/wp-json\/wp\/v2\/media?parent=285145"}],"wp:term":[{"taxonomy":"product_brand","embeddable":true,"href":"https:\/\/www.huntersfriend.eu\/de\/wp-json\/wp\/v2\/product_brand?post=285145"},{"taxonomy":"product_cat","embeddable":true,"href":"https:\/\/www.huntersfriend.eu\/de\/wp-json\/wp\/v2\/product_cat?post=285145"},{"taxonomy":"product_tag","embeddable":true,"href":"https:\/\/www.huntersfriend.eu\/de\/wp-json\/wp\/v2\/product_tag?post=285145"}],"curies":[{"name":"wp","href":"https:\/\/api.w.org\/{rel}","templated":true}]}}