{"id":285143,"date":"2025-08-07T09:30:46","date_gmt":"2025-08-07T07:30:46","guid":{"rendered":"https:\/\/www.huntersfriend.eu\/product\/black-fire-plum-6-flaschen\/"},"modified":"2026-01-29T07:46:39","modified_gmt":"2026-01-29T05:46:39","slug":"black-fire-plum-6-flaschen","status":"publish","type":"product","link":"https:\/\/www.huntersfriend.eu\/de\/produkt\/black-fire-plum-6-flaschen\/","title":{"rendered":"Black Fire Plum, 6 Flaschen"},"content":{"rendered":"<p data-start=\"0\" data-end=\"28\"><strong data-start=\"0\" data-end=\"28\">BlackFire Plum 6 \u00d7 500 g<\/strong><\/p>\n<p data-start=\"30\" data-end=\"383\">BlackFire Plum verstr\u00f6mt ein reichhaltiges, s\u00fc\u00dfes Pflaumenaroma im Wald \u2013 ein starker Lockstoff f\u00fcr Wildschweine, Hirscharten und B\u00e4ren. Seine nat\u00fcrliche Mischung aus Mineralsalz und fruchtigem Pflaumenduft macht ihn zu einem unwiderstehlichen K\u00f6der, der Wildtiere dazu anregt, an der Stelle anzuhalten und zu verweilen. Die Packung mit sechs 500-g-Flaschen bietet gen\u00fcgend Lockmittel f\u00fcr die gesamte Jagdsaison.  <\/p>\n<hr data-start=\"385\" data-end=\"388\">\n<p data-start=\"390\" data-end=\"406\"><strong data-start=\"390\" data-end=\"406\">Hauptmerkmale<\/strong><\/p>\n<ul data-start=\"407\" data-end=\"664\">\n<li data-start=\"407\" data-end=\"438\">\n<p data-start=\"409\" data-end=\"438\">S\u00fc\u00dfes und starkes Pflaumenaroma<\/p>\n<\/li>\n<li data-start=\"439\" data-end=\"488\">\n<p data-start=\"441\" data-end=\"488\">Enth\u00e4lt Mineralsalz und nat\u00fcrliche Lockstoffe<\/p>\n<\/li>\n<li data-start=\"489\" data-end=\"528\">\n<p data-start=\"491\" data-end=\"528\">Lockt Wildschweine, Hirsche und B\u00e4ren an<\/p>\n<\/li>\n<li data-start=\"529\" data-end=\"580\">\n<p data-start=\"531\" data-end=\"580\">Das ganze Jahr \u00fcber wirksam, bei allen Wetterbedingungen<\/p>\n<\/li>\n<li data-start=\"581\" data-end=\"631\">\n<p data-start=\"583\" data-end=\"631\">Kann allein oder gemischt mit Getreide und Mais verwendet werden<\/p>\n<\/li>\n<li data-start=\"632\" data-end=\"664\">\n<p data-start=\"634\" data-end=\"664\">Packung: 6 \u00d7 500 g (insgesamt 3 kg)<\/p>\n<\/li>\n<\/ul>\n<hr data-start=\"666\" data-end=\"669\">\n<p data-start=\"671\" data-end=\"1066\"><strong data-start=\"671\" data-end=\"693\">Anwendung und Vorteile<\/strong><br data-start=\"693\" data-end=\"696\">BlackFire Plum l\u00e4sst sich einfach direkt auf dem Boden, an K\u00f6derstellen oder entlang von Waldwegen ausbringen. F\u00fcr eine h\u00f6here Wirksamkeit kann es auch mit Getreide oder Mais gemischt werden. Der Pflaumenduft ist besonders in den Herbst- und Wintermonaten ansprechend, bleibt aber das ganze Jahr \u00fcber wirksam. Das starke Aroma h\u00e4lt Regen und wechselndem Wetter stand und beh\u00e4lt seine Anziehungskraft \u00fcber die Zeit.   <\/p>\n<hr data-start=\"1068\" data-end=\"1071\">\n<p data-start=\"1073\" data-end=\"1451\"><strong data-start=\"1073\" data-end=\"1102\">Warum BlackFire Plum w\u00e4hlen<\/strong><br data-start=\"1102\" data-end=\"1105\">Das Pflaumenaroma bietet eine erfrischende Alternative zu g\u00e4ngigeren Lockstoffen und kann der Schl\u00fcssel zum Erfolg sein, wenn sich Tiere an andere D\u00fcfte gew\u00f6hnt haben. In Kombination mit Mineralsalz entsteht ein starker, lang anhaltender Lockstoff, der Ihre Chancen auf eine erfolgreiche Jagd erh\u00f6ht. Die Sechs-Flaschen-Packung sichert die Nutzung f\u00fcr eine ganze Saison und bietet ein hervorragendes Preis-Leistungs-Verh\u00e4ltnis.  <\/p>\n<hr data-start=\"1453\" data-end=\"1456\">\n<p data-start=\"1458\" data-end=\"1486\"><strong data-start=\"1458\" data-end=\"1486\">Technische Daten<\/strong><\/p>\n<ul data-start=\"1487\" data-end=\"1674\">\n<li data-start=\"1487\" data-end=\"1527\">\n<p data-start=\"1489\" data-end=\"1527\"><strong data-start=\"1489\" data-end=\"1502\">Inhalt:<\/strong> 6 \u00d7 500 g (insgesamt 3 kg)<\/p>\n<\/li>\n<li data-start=\"1528\" data-end=\"1576\">\n<p data-start=\"1530\" data-end=\"1576\"><strong data-start=\"1530\" data-end=\"1546\">Inhaltsstoffe:<\/strong> Mineralsalz und Pflaumenaroma<\/p>\n<\/li>\n<li data-start=\"1577\" data-end=\"1614\">\n<p data-start=\"1579\" data-end=\"1614\"><strong data-start=\"1579\" data-end=\"1589\">Duft:<\/strong> S\u00fc\u00dfe und intensive Pflaume<\/p>\n<\/li>\n<li data-start=\"1615\" data-end=\"1654\">\n<p data-start=\"1617\" data-end=\"1654\"><strong data-start=\"1617\" data-end=\"1625\">Verwendung:<\/strong> Ganzj\u00e4hriger Wildlockstoff<\/p>\n<\/li>\n<li data-start=\"1655\" data-end=\"1674\">\n<p data-start=\"1657\" data-end=\"1674\"><strong data-start=\"1657\" data-end=\"1669\">Hergestellt in:<\/strong> EU<\/p>\n<\/li>\n<\/ul>\n<hr data-start=\"1676\" data-end=\"1679\">\n<p data-start=\"1681\" data-end=\"1958\" data-is-last-node=\"\" data-is-only-node=\"\"><strong data-start=\"1681\" data-end=\"1692\">Zusammenfassung<\/strong><br data-start=\"1692\" data-end=\"1695\">BlackFire Plum 6 \u00d7 500 g verstr\u00f6mt einen reichhaltigen Pflaumenduft, der Wildtiere zuverl\u00e4ssig an Ihren Standort lockt. Zuverl\u00e4ssig, einfach zu verwenden und witterungsbest\u00e4ndig \u2013 eine kluge Wahl f\u00fcr aktive J\u00e4ger und Betreiber von K\u00f6derstellen, die einen wirksamen, saisonlangen Lockstoff suchen. <\/p>\n","protected":false},"excerpt":{"rendered":"<p>BlackFire Plum 6 \u00d7 500 g BlackFire Plum verstr\u00f6mt ein reichhaltiges, s\u00fc\u00dfes Pflaumenaroma im Wald \u2013 ein starker Lockstoff f\u00fcr Wildschweine, Hirscharten und B\u00e4ren. Seine nat\u00fcrliche Mischung aus Mineralsalz und fruchtigem Pflaumenduft macht ihn zu einem unwiderstehlichen K\u00f6der, der Wildtiere dazu anregt, an der Stelle anzuhalten und zu verweilen. Die Packung mit sechs 500-g-Flaschen bietet [&#8230;]\n","protected":false},"featured_media":285088,"comment_status":"open","ping_status":"closed","template":"","meta":[],"product_brand":[],"product_cat":[1200],"product_tag":[],"class_list":{"0":"post-285143","1":"product","2":"type-product","3":"status-publish","4":"has-post-thumbnail","6":"product_cat-lockstoffe-und-mineralien","7":"product_shipping_class-medium-de","9":"first","10":"instock","11":"taxable","12":"shipping-taxable","13":"purchasable","14":"product-type-simple"},"composite_virtual":false,"composite_layout":"","composite_add_to_cart_form_location":"","composite_editable_in_cart":false,"composite_sold_individually_context":"","composite_shop_price_calc":"","composite_components":[],"composite_scenarios":[],"group_of_quantity":0,"min_quantity":0,"max_quantity":"","exclude_order_quantity_value_rules":"no","exclude_category_quantity_rules":"no","combine_variations":"no","exclude_global_add_ons":[],"addons":[],"_links":{"self":[{"href":"https:\/\/www.huntersfriend.eu\/de\/wp-json\/wp\/v2\/product\/285143","targetHints":{"allow":["GET"]}}],"collection":[{"href":"https:\/\/www.huntersfriend.eu\/de\/wp-json\/wp\/v2\/product"}],"about":[{"href":"https:\/\/www.huntersfriend.eu\/de\/wp-json\/wp\/v2\/types\/product"}],"replies":[{"embeddable":true,"href":"https:\/\/www.huntersfriend.eu\/de\/wp-json\/wp\/v2\/comments?post=285143"}],"wp:featuredmedia":[{"embeddable":true,"href":"https:\/\/www.huntersfriend.eu\/de\/wp-json\/wp\/v2\/media\/285088"}],"wp:attachment":[{"href":"https:\/\/www.huntersfriend.eu\/de\/wp-json\/wp\/v2\/media?parent=285143"}],"wp:term":[{"taxonomy":"product_brand","embeddable":true,"href":"https:\/\/www.huntersfriend.eu\/de\/wp-json\/wp\/v2\/product_brand?post=285143"},{"taxonomy":"product_cat","embeddable":true,"href":"https:\/\/www.huntersfriend.eu\/de\/wp-json\/wp\/v2\/product_cat?post=285143"},{"taxonomy":"product_tag","embeddable":true,"href":"https:\/\/www.huntersfriend.eu\/de\/wp-json\/wp\/v2\/product_tag?post=285143"}],"curies":[{"name":"wp","href":"https:\/\/api.w.org\/{rel}","templated":true}]}}