{"id":285142,"date":"2025-08-07T09:30:46","date_gmt":"2025-08-07T07:30:46","guid":{"rendered":"https:\/\/www.huntersfriend.eu\/product\/black-fire-secret-spray-anis\/"},"modified":"2026-02-05T14:30:17","modified_gmt":"2026-02-05T12:30:17","slug":"black-fire-secret-spray-anis","status":"publish","type":"product","link":"https:\/\/www.huntersfriend.eu\/de\/produkt\/black-fire-secret-spray-anis\/","title":{"rendered":"Black Fire Secret Spray, Anis"},"content":{"rendered":"<article class=\"text-token-text-primary w-full focus:outline-none scroll-mt-[calc(var(--header-height)+min(200px,max(70px,20svh)))]\" dir=\"auto\" tabindex=\"-1\" data-turn-id=\"request-WEB:cf253765-5d36-4bc6-955f-7f3a31ff94f5-10\" data-testid=\"conversation-turn-22\" data-scroll-anchor=\"true\" data-turn=\"assistant\">\n<div class=\"text-base my-auto mx-auto pb-10 [--thread-content-margin:--spacing(4)] @[37rem]:[--thread-content-margin:--spacing(6)] @[72rem]:[--thread-content-margin:--spacing(16)] px-(--thread-content-margin)\">\n<div class=\"[--thread-content-max-width:32rem] @[34rem]:[--thread-content-max-width:40rem] @[64rem]:[--thread-content-max-width:48rem] mx-auto max-w-(--thread-content-max-width) flex-1 group\/turn-messages focus-visible:outline-hidden relative flex w-full min-w-0 flex-col agent-turn\" tabindex=\"-1\">\n<div class=\"flex max-w-full flex-col grow\">\n<div class=\"min-h-8 text-message relative flex w-full flex-col items-end gap-2 text-start break-words whitespace-normal [.text-message+&amp;]:mt-5\" dir=\"auto\" data-message-author-role=\"assistant\" data-message-id=\"9e9a3a95-3025-4456-9d2d-2c78e79f708f\" data-message-model-slug=\"gpt-4o\">\n<div class=\"flex w-full flex-col gap-1 empty:hidden first:pt-[3px]\">\n<div class=\"markdown prose dark:prose-invert w-full break-words light markdown-new-styling\">\n<p data-start=\"0\" data-end=\"58\"><strong data-start=\"0\" data-end=\"58\">Black Fire Secret Spray Anis \u2013 Wildlockstoff 100 ml<\/strong><\/p>\n<p data-start=\"60\" data-end=\"603\">Black Fire Secret Spray Anis ist ein leistungsstarker und einfach zu verwendender Wildlockstoff, der speziell f\u00fcr die Jagd auf Hirsche und Wildschweine entwickelt wurde und sich auch bei kleinen Raubtieren wie Nerzen und Mardern als \u00e4u\u00dferst wirksam erweist. Sein starker Anisduft erregt schnell die Aufmerksamkeit von Wildtieren und h\u00e4lt sie l\u00e4nger am K\u00f6derplatz. Die kompakte 100-ml-Spr\u00fchflasche ist leicht und tragbar und somit ideal f\u00fcr eine Vielzahl von Gel\u00e4nden und Wetterbedingungen. Egal, ob Sie von einem Stand aus jagen oder einen Futterplatz verbessern m\u00f6chten, dieses Spray ist eine zuverl\u00e4ssige Wahl.   <\/p>\n<hr data-start=\"605\" data-end=\"608\">\n<p data-start=\"610\" data-end=\"626\"><strong data-start=\"610\" data-end=\"626\">Hauptmerkmale<\/strong><\/p>\n<ul data-start=\"627\" data-end=\"938\">\n<li data-start=\"627\" data-end=\"695\">\n<p data-start=\"629\" data-end=\"695\">Starkes Anisaroma lockt Hirsche, Wildschweine und kleine Raubtiere an<\/p>\n<\/li>\n<li data-start=\"696\" data-end=\"758\">\n<p data-start=\"698\" data-end=\"758\">Praktische Spr\u00fchflasche f\u00fcr saubere und gezielte Anwendung<\/p>\n<\/li>\n<li data-start=\"759\" data-end=\"827\">\n<p data-start=\"761\" data-end=\"827\">Kann auf den Boden, B\u00e4ume, Baumst\u00fcmpfe oder direkt auf den K\u00f6der gespr\u00fcht werden<\/p>\n<\/li>\n<li data-start=\"828\" data-end=\"870\">\n<p data-start=\"830\" data-end=\"870\">Lang anhaltender Duft, der sich weit verbreitet<\/p>\n<\/li>\n<li data-start=\"871\" data-end=\"938\">\n<p data-start=\"873\" data-end=\"938\">Leichte 100-ml-Flasche \u2013 einfach in der Tasche oder im Rucksack zu tragen<\/p>\n<\/li>\n<\/ul>\n<hr data-start=\"940\" data-end=\"943\">\n<p data-start=\"945\" data-end=\"1491\"><strong data-start=\"945\" data-end=\"967\">Anwendung und Vorteile<\/strong><br data-start=\"967\" data-end=\"970\">Secret Spray Anis wurde entwickelt, um die Arbeit eines J\u00e4gers zu erleichtern und die Chancen zu erh\u00f6hen, Wild anzulocken. Der nat\u00fcrlich ansprechende, s\u00fc\u00dfe und kr\u00e4ftige Duft von Anis weckt das Interesse von Tieren, die in ihrer Umgebung nach Nahrung oder interessanten Ger\u00fcchen suchen. Tragen Sie es direkt auf Felsen, Baumst\u00e4mme, den Boden oder K\u00f6derpl\u00e4tze auf, um die Tierbewegung zu lenken und ihre Aufmerksamkeit l\u00e4nger zu fesseln. Der Duft verteilt sich schnell und bleibt \u00fcber einen l\u00e4ngeren Zeitraum wirksam, wodurch er sich sowohl f\u00fcr kurzfristige Setups als auch f\u00fcr l\u00e4ngere Jagdsessions eignet.   <\/p>\n<hr data-start=\"1493\" data-end=\"1496\">\n<p data-start=\"1498\" data-end=\"1526\"><strong data-start=\"1498\" data-end=\"1526\">Technische Daten<\/strong><\/p>\n<ul data-start=\"1527\" data-end=\"1786\">\n<li data-start=\"1527\" data-end=\"1573\">\n<p data-start=\"1529\" data-end=\"1573\"><strong data-start=\"1529\" data-end=\"1541\">Produkt:<\/strong> Black Fire Secret Spray Anis<\/p>\n<\/li>\n<li data-start=\"1574\" data-end=\"1650\">\n<p data-start=\"1576\" data-end=\"1650\"><strong data-start=\"1576\" data-end=\"1588\">Zweck:<\/strong> Lockmittel f\u00fcr Wildschweine, Hirscharten und kleine Raubtiere<\/p>\n<\/li>\n<li data-start=\"1651\" data-end=\"1671\">\n<p data-start=\"1653\" data-end=\"1671\"><strong data-start=\"1653\" data-end=\"1663\">Duft:<\/strong> Anis<\/p>\n<\/li>\n<li data-start=\"1672\" data-end=\"1710\">\n<p data-start=\"1674\" data-end=\"1710\"><strong data-start=\"1674\" data-end=\"1688\">Verpackung:<\/strong> 100 ml Spr\u00fchflasche<\/p>\n<\/li>\n<li data-start=\"1711\" data-end=\"1786\">\n<p data-start=\"1713\" data-end=\"1786\"><strong data-start=\"1713\" data-end=\"1729\">Anwendung:<\/strong> Auf den Boden, B\u00e4ume, Baumst\u00fcmpfe oder K\u00f6derpl\u00e4tze spr\u00fchen<\/p>\n<\/li>\n<\/ul>\n<hr data-start=\"1788\" data-end=\"1791\">\n<p data-start=\"1793\" data-end=\"2143\" data-is-last-node=\"\" data-is-only-node=\"\"><strong data-start=\"1793\" data-end=\"1804\">Zusammenfassung<\/strong><br data-start=\"1804\" data-end=\"1807\">Black Fire Secret Spray Anis ist ein kompakter, aber dennoch starker Lockstoff, der J\u00e4gern im Feld einen Vorteil verschafft. Mit seinem intensiven Duft, der einfachen Tragbarkeit und der vielseitigen Anwendung ist es das perfekte Werkzeug, um jede Jagdsituation zu verbessern. Stellen Sie sicher, dass Ihr K\u00f6derplatz bemerkt wird \u2013 und dass Wildtiere immer wieder zur\u00fcckkehren \u2013 unabh\u00e4ngig von Jahreszeit oder Bedingungen.  <\/p>\n<\/div>\n<\/div>\n<\/div>\n<\/div>\n<\/div>\n<\/div>\n<\/article>\n","protected":false},"excerpt":{"rendered":"<p>Black Fire Secret Spray Anis \u2013 Wildlockstoff 100 ml Black Fire Secret Spray Anis ist ein leistungsstarker und einfach zu verwendender Wildlockstoff, der speziell f\u00fcr die Jagd auf Hirsche und Wildschweine entwickelt wurde und sich auch bei kleinen Raubtieren wie Nerzen und Mardern als \u00e4u\u00dferst wirksam erweist. Sein starker Anisduft erregt schnell die Aufmerksamkeit von [&#8230;]\n","protected":false},"featured_media":285132,"comment_status":"open","ping_status":"closed","template":"","meta":[],"product_brand":[],"product_cat":[1200],"product_tag":[],"class_list":{"0":"post-285142","1":"product","2":"type-product","3":"status-publish","4":"has-post-thumbnail","6":"product_cat-lockstoffe-und-mineralien","8":"first","9":"instock","10":"featured","11":"taxable","12":"shipping-taxable","13":"purchasable","14":"product-type-simple"},"composite_virtual":false,"composite_layout":"","composite_add_to_cart_form_location":"","composite_editable_in_cart":false,"composite_sold_individually_context":"","composite_shop_price_calc":"","composite_components":[],"composite_scenarios":[],"group_of_quantity":0,"min_quantity":0,"max_quantity":"","exclude_order_quantity_value_rules":"no","exclude_category_quantity_rules":"no","combine_variations":"no","exclude_global_add_ons":[],"addons":[],"_links":{"self":[{"href":"https:\/\/www.huntersfriend.eu\/de\/wp-json\/wp\/v2\/product\/285142","targetHints":{"allow":["GET"]}}],"collection":[{"href":"https:\/\/www.huntersfriend.eu\/de\/wp-json\/wp\/v2\/product"}],"about":[{"href":"https:\/\/www.huntersfriend.eu\/de\/wp-json\/wp\/v2\/types\/product"}],"replies":[{"embeddable":true,"href":"https:\/\/www.huntersfriend.eu\/de\/wp-json\/wp\/v2\/comments?post=285142"}],"wp:featuredmedia":[{"embeddable":true,"href":"https:\/\/www.huntersfriend.eu\/de\/wp-json\/wp\/v2\/media\/285132"}],"wp:attachment":[{"href":"https:\/\/www.huntersfriend.eu\/de\/wp-json\/wp\/v2\/media?parent=285142"}],"wp:term":[{"taxonomy":"product_brand","embeddable":true,"href":"https:\/\/www.huntersfriend.eu\/de\/wp-json\/wp\/v2\/product_brand?post=285142"},{"taxonomy":"product_cat","embeddable":true,"href":"https:\/\/www.huntersfriend.eu\/de\/wp-json\/wp\/v2\/product_cat?post=285142"},{"taxonomy":"product_tag","embeddable":true,"href":"https:\/\/www.huntersfriend.eu\/de\/wp-json\/wp\/v2\/product_tag?post=285142"}],"curies":[{"name":"wp","href":"https:\/\/api.w.org\/{rel}","templated":true}]}}