{"id":285141,"date":"2025-08-08T00:44:17","date_gmt":"2025-08-07T22:44:17","guid":{"rendered":"https:\/\/www.huntersfriend.eu\/product\/blaser-hundenapf-950-ml\/"},"modified":"2026-01-14T15:27:29","modified_gmt":"2026-01-14T13:27:29","slug":"blaser-hundenapf-950-ml","status":"publish","type":"product","link":"https:\/\/www.huntersfriend.eu\/de\/produkt\/blaser-hundenapf-950-ml\/","title":{"rendered":"Blaser Hundenapf, 950 ml"},"content":{"rendered":"<p data-start=\"0\" data-end=\"28\"><strong data-start=\"0\" data-end=\"28\">Blaser Hundenapf \u2013 950 ml<\/strong><\/p>\n<p data-start=\"30\" data-end=\"389\">Der Blaser Hundenapf ist ein hochwertiger und stilvoller Futter-\/Wassernapf, der Funktionalit\u00e4t mit Langlebigkeit verbindet. Sein zeitloses Design macht ihn perfekt f\u00fcr den Einsatz zu Hause und im Ferienhaus, und das Blaser-Logo verleiht ihm einen edlen letzten Schliff. Der Napf ist f\u00fcr den t\u00e4glichen Gebrauch konzipiert und h\u00e4lt auch dem enthusiastischsten Fressen stand, ohne zu verrutschen oder leicht umzukippen.  <\/p>\n<hr data-start=\"391\" data-end=\"394\">\n<p data-start=\"396\" data-end=\"412\"><strong data-start=\"396\" data-end=\"412\">Hauptmerkmale<\/strong><\/p>\n<ul data-start=\"413\" data-end=\"609\">\n<li data-start=\"413\" data-end=\"457\">\n<p data-start=\"415\" data-end=\"457\">Elegantes Blaser-Logo auf der Au\u00dfenfl\u00e4che<\/p>\n<\/li>\n<li data-start=\"458\" data-end=\"492\">\n<p data-start=\"460\" data-end=\"492\">Stabile und robuste Konstruktion<\/p>\n<\/li>\n<li data-start=\"493\" data-end=\"520\">\n<p data-start=\"495\" data-end=\"520\">Leicht zu reinigen nach Gebrauch<\/p>\n<\/li>\n<li data-start=\"521\" data-end=\"557\">\n<p data-start=\"523\" data-end=\"557\">Geeignet f\u00fcr Futter und Wasser<\/p>\n<\/li>\n<li data-start=\"558\" data-end=\"609\">\n<p data-start=\"560\" data-end=\"609\">950 ml Fassungsverm\u00f6gen \u2013 eine geeignete Gr\u00f6\u00dfe f\u00fcr die meisten Hunde<\/p>\n<\/li>\n<\/ul>\n<hr data-start=\"611\" data-end=\"614\">\n<p data-start=\"616\" data-end=\"990\"><strong data-start=\"616\" data-end=\"638\">Verwendung und Vorteile<\/strong><br data-start=\"638\" data-end=\"641\">Der Blaser Hundenapf ist eine praktische Wahl f\u00fcr Hundebesitzer, die Wert auf dauerhafte Qualit\u00e4t und gutes Design legen. Sein gro\u00dfes Fassungsverm\u00f6gen von 950 ml bietet problemlos Platz f\u00fcr Wasser, Trockenfutter oder Nassfutter. Das Gewicht und das Design des Napfes erh\u00f6hen die Stabilit\u00e4t und sorgen f\u00fcr eine sauberere und angenehmere Mahlzeit. Die einfache Reinigung sorgt f\u00fcr Hygiene und macht den Napf alltagstauglich.   <\/p>\n<hr data-start=\"992\" data-end=\"995\">\n<p data-start=\"997\" data-end=\"1025\"><strong data-start=\"997\" data-end=\"1025\">Technische Daten<\/strong><\/p>\n<ul data-start=\"1026\" data-end=\"1221\">\n<li data-start=\"1026\" data-end=\"1054\">\n<p data-start=\"1028\" data-end=\"1054\">Produkt: Blaser Hundenapf<\/p>\n<\/li>\n<li data-start=\"1055\" data-end=\"1102\">\n<p data-start=\"1057\" data-end=\"1102\">Zweck: Futter- und Trinknapf f\u00fcr Hunde<\/p>\n<\/li>\n<li data-start=\"1103\" data-end=\"1123\">\n<p data-start=\"1105\" data-end=\"1123\">Fassungsverm\u00f6gen: 950 ml<\/p>\n<\/li>\n<li data-start=\"1124\" data-end=\"1173\">\n<p data-start=\"1126\" data-end=\"1173\">Material: Robuste und leicht zu reinigende Struktur<\/p>\n<\/li>\n<li data-start=\"1174\" data-end=\"1221\">\n<p data-start=\"1176\" data-end=\"1221\">Design: Stilvolles Aussehen mit Blaser-Logo<\/p>\n<\/li>\n<\/ul>\n<hr data-start=\"1223\" data-end=\"1226\">\n<p data-start=\"1228\" data-end=\"1440\" data-is-last-node=\"\" data-is-only-node=\"\">Der Blaser Hundenapf ist ein zuverl\u00e4ssiger und hochwertiger Napf, der Ihrem Hund \u00fcber Jahre hinweg gute Dienste leisten wird. Er vereint Funktionalit\u00e4t, Langlebigkeit und Stil und ist somit eine ausgezeichnete Wahl f\u00fcr jeden Hundebesitzer. <\/p>\n","protected":false},"excerpt":{"rendered":"<p>Blaser Hundenapf \u2013 950 ml Der Blaser Hundenapf ist ein hochwertiger und stilvoller Futter-\/Wassernapf, der Funktionalit\u00e4t mit Langlebigkeit verbindet. Sein zeitloses Design macht ihn perfekt f\u00fcr den Einsatz zu Hause und im Ferienhaus, und das Blaser-Logo verleiht ihm einen edlen letzten Schliff. Der Napf ist f\u00fcr den t\u00e4glichen Gebrauch konzipiert und h\u00e4lt auch dem enthusiastischsten [&#8230;]\n","protected":false},"featured_media":285054,"comment_status":"open","ping_status":"closed","template":"","meta":[],"product_brand":[],"product_cat":[2517],"product_tag":[],"class_list":{"0":"post-285141","1":"product","2":"type-product","3":"status-publish","4":"has-post-thumbnail","6":"product_cat-hundpersienner-vastar-och-diverse","8":"first","9":"instock","10":"taxable","11":"shipping-taxable","12":"purchasable","13":"product-type-simple"},"composite_virtual":false,"composite_layout":"","composite_add_to_cart_form_location":"","composite_editable_in_cart":false,"composite_sold_individually_context":"","composite_shop_price_calc":"","composite_components":[],"composite_scenarios":[],"group_of_quantity":0,"min_quantity":0,"max_quantity":"","exclude_order_quantity_value_rules":"no","exclude_category_quantity_rules":"no","combine_variations":"no","exclude_global_add_ons":[],"addons":[],"_links":{"self":[{"href":"https:\/\/www.huntersfriend.eu\/de\/wp-json\/wp\/v2\/product\/285141","targetHints":{"allow":["GET"]}}],"collection":[{"href":"https:\/\/www.huntersfriend.eu\/de\/wp-json\/wp\/v2\/product"}],"about":[{"href":"https:\/\/www.huntersfriend.eu\/de\/wp-json\/wp\/v2\/types\/product"}],"replies":[{"embeddable":true,"href":"https:\/\/www.huntersfriend.eu\/de\/wp-json\/wp\/v2\/comments?post=285141"}],"wp:featuredmedia":[{"embeddable":true,"href":"https:\/\/www.huntersfriend.eu\/de\/wp-json\/wp\/v2\/media\/285054"}],"wp:attachment":[{"href":"https:\/\/www.huntersfriend.eu\/de\/wp-json\/wp\/v2\/media?parent=285141"}],"wp:term":[{"taxonomy":"product_brand","embeddable":true,"href":"https:\/\/www.huntersfriend.eu\/de\/wp-json\/wp\/v2\/product_brand?post=285141"},{"taxonomy":"product_cat","embeddable":true,"href":"https:\/\/www.huntersfriend.eu\/de\/wp-json\/wp\/v2\/product_cat?post=285141"},{"taxonomy":"product_tag","embeddable":true,"href":"https:\/\/www.huntersfriend.eu\/de\/wp-json\/wp\/v2\/product_tag?post=285141"}],"curies":[{"name":"wp","href":"https:\/\/api.w.org\/{rel}","templated":true}]}}