{"id":285006,"date":"2025-06-19T00:39:55","date_gmt":"2025-08-14T11:23:49","guid":{"rendered":"https:\/\/www.huntersfriend.eu\/product\/alpen-bergsteiger-rendezvous-elite-stuhl\/"},"modified":"2026-03-26T13:45:45","modified_gmt":"2026-03-26T11:45:45","slug":"alpen-bergsteiger-rendezvous-elite-stuhl","status":"publish","type":"product","link":"https:\/\/www.huntersfriend.eu\/de\/produkt\/alpen-bergsteiger-rendezvous-elite-stuhl\/","title":{"rendered":"Alpen-Bergsteiger-Rendezvous Elite Stuhl"},"content":{"rendered":"<p>Als Ableger des klassischen ALPS Mountaineering Rendezvous f\u00fcr warmes Wetter hebt der Rendezvous Elite das Sitzen im Sommer auf die n\u00e4chste Stufe. Ob Sie sich am Strand in der Sonne aalen, Ihre Lieblingsband auf einem Open-Air-Konzert h\u00f6ren oder mit Freunden am Pool sitzen und plaudern, der Rendezvous Elite bietet das gleiche unauff\u00e4llige Sitzen mit dem zus\u00e4tzlichen Vorteil einer hervorragenden Bel\u00fcftung. Der Rendezvous Elite besteht aus einem leichten, aber dennoch robusten, pulverbeschichteten Aluminium-\/Stahl-Hybridrahmen mit einer Sitzfl\u00e4che aus 100 % Nylonnetz und wiegt weniger als 5 Pfund, wodurch er m\u00fchelos zu jeder Veranstaltung transportiert werden kann. Der Stuhl sitzt niedrig \u00fcber dem Boden und erm\u00f6glicht es Ihnen, sich in einem perfekten Winkel zur\u00fcckzulehnen, um sich zu entspannen und Ihre Beine auszustrecken. Der Stuhl l\u00e4sst sich zusammenklappen und in der mitgelieferten Tragetasche verstauen, sodass Transport und Lagerung des Stuhls bequem und einfach sind.<\/p>\n<ul>\n<li>Faltstuhl mit Armlehnen sitzt niedrig am Boden<\/li>\n<li>Kompaktes Faltdesign<\/li>\n<li>Die gesamte Sitzfl\u00e4che besteht aus Nylonnetz f\u00fcr hervorragende Bel\u00fcftung<\/li>\n<li>Leichter, aber dennoch robuster, pulverbeschichteter Aluminium-\/Stahl-Hybridrahmen<\/li>\n<li>Inklusive Tragetasche<\/li>\n<\/ul>\n<table>\n<tbody>\n<tr>\n<th scope=\"row\">Sitzbreite<\/th>\n<td>21&#8243;<\/td>\n<\/tr>\n<tr>\n<th scope=\"row\">Sitztiefe<\/th>\n<td>15&#8243;<\/td>\n<\/tr>\n<tr>\n<th scope=\"row\">Sitzh\u00f6he vorne<\/th>\n<td>8&#8243;<\/td>\n<\/tr>\n<tr>\n<th scope=\"row\">Sitzh\u00f6he hinten<\/th>\n<td>5&#8243;<\/td>\n<\/tr>\n<tr>\n<th scope=\"row\">H\u00f6he der R\u00fcckenlehne<\/th>\n<td>21&#8243;<\/td>\n<\/tr>\n<tr>\n<th scope=\"row\">Verpackungsgr\u00f6\u00dfe<\/th>\n<td>27&#8243; L x 7&#8243; W x 7.5&#8243; H<\/td>\n<\/tr>\n<tr>\n<th scope=\"row\">Gewicht<\/th>\n<td>4 lbs. 11 oz. <\/td>\n<\/tr>\n<tr>\n<th scope=\"row\">Gewichtskapazit\u00e4t<\/th>\n<td>300 lbs.<\/td>\n<\/tr>\n<\/tbody>\n<\/table>\n","protected":false},"excerpt":{"rendered":"<p>Als Ableger des klassischen ALPS Mountaineering Rendezvous f\u00fcr warmes Wetter hebt der Rendezvous Elite das Sitzen im Sommer auf die n\u00e4chste Stufe. Ob Sie sich am Strand in der Sonne aalen, Ihre Lieblingsband auf einem Open-Air-Konzert h\u00f6ren oder mit Freunden am Pool sitzen und plaudern, der Rendezvous Elite bietet das gleiche unauff\u00e4llige Sitzen mit dem [&#8230;]\n","protected":false},"featured_media":284782,"comment_status":"open","ping_status":"closed","template":"","meta":[],"product_brand":[],"product_cat":[2567,2563],"product_tag":[],"class_list":{"0":"post-285006","1":"product","2":"type-product","3":"status-publish","4":"has-post-thumbnail","6":"product_cat-campingtillbehor","7":"product_cat-tillbehor-for-jakt-torn-och-gomslen","9":"first","10":"outofstock","11":"taxable","12":"shipping-taxable","13":"purchasable","14":"product-type-simple"},"composite_virtual":false,"composite_layout":"","composite_add_to_cart_form_location":"","composite_editable_in_cart":false,"composite_sold_individually_context":"","composite_shop_price_calc":"","composite_components":[],"composite_scenarios":[],"group_of_quantity":0,"min_quantity":0,"max_quantity":"","exclude_order_quantity_value_rules":"no","exclude_category_quantity_rules":"no","combine_variations":"no","exclude_global_add_ons":[],"addons":[],"_links":{"self":[{"href":"https:\/\/www.huntersfriend.eu\/de\/wp-json\/wp\/v2\/product\/285006","targetHints":{"allow":["GET"]}}],"collection":[{"href":"https:\/\/www.huntersfriend.eu\/de\/wp-json\/wp\/v2\/product"}],"about":[{"href":"https:\/\/www.huntersfriend.eu\/de\/wp-json\/wp\/v2\/types\/product"}],"replies":[{"embeddable":true,"href":"https:\/\/www.huntersfriend.eu\/de\/wp-json\/wp\/v2\/comments?post=285006"}],"wp:featuredmedia":[{"embeddable":true,"href":"https:\/\/www.huntersfriend.eu\/de\/wp-json\/wp\/v2\/media\/284782"}],"wp:attachment":[{"href":"https:\/\/www.huntersfriend.eu\/de\/wp-json\/wp\/v2\/media?parent=285006"}],"wp:term":[{"taxonomy":"product_brand","embeddable":true,"href":"https:\/\/www.huntersfriend.eu\/de\/wp-json\/wp\/v2\/product_brand?post=285006"},{"taxonomy":"product_cat","embeddable":true,"href":"https:\/\/www.huntersfriend.eu\/de\/wp-json\/wp\/v2\/product_cat?post=285006"},{"taxonomy":"product_tag","embeddable":true,"href":"https:\/\/www.huntersfriend.eu\/de\/wp-json\/wp\/v2\/product_tag?post=285006"}],"curies":[{"name":"wp","href":"https:\/\/api.w.org\/{rel}","templated":true}]}}