{"id":285005,"date":"2025-06-16T23:54:14","date_gmt":"2025-06-16T21:54:14","guid":{"rendered":"https:\/\/www.huntersfriend.eu\/product\/alps-outdoorz-turkey-tracker\/"},"modified":"2026-03-18T22:00:28","modified_gmt":"2026-03-18T20:00:28","slug":"alps-outdoorz-turkey-tracker","status":"publish","type":"product","link":"https:\/\/www.huntersfriend.eu\/de\/produkt\/alps-outdoorz-turkey-tracker\/","title":{"rendered":"Alps outdoorz Turkey Tracker"},"content":{"rendered":"<p>Als hybrides Lenden-\/H\u00fcfttaschensystem ist der Turkey Tracker f\u00fcr den passionierten Truthahnj\u00e4ger konzipiert, der Wendigkeit, Komfort, Modularit\u00e4t, Vielseitigkeit, Bequemlichkeit und ein unglaubliches Preis-Leistungs-Verh\u00e4ltnis als die wichtigsten Voraussetzungen f\u00fcr seine Truthahnausr\u00fcstung ansieht. Aufbauend auf den Erfolgen und den funktionsreichen Designqualit\u00e4ten unserer Long Spur-Serie haben die neu gestalteten Funktionen des Turkey Tracker bei passionierten Truthahnliebhabern f\u00fcr Aufsehen gesorgt. Tragen Sie den Turkey Tracker als Lendenpack, wenn Sie unterwegs sind, und schieben Sie ihn schnell und leise in den H\u00fcfttaschenmodus, wenn Sie sich auf Ihren Vogel einstellen. Der Summit Trail Seat ist separat erh\u00e4ltlich und passt in eine verstaubare Tasche hinter dem Hauptfach.   <\/p>\n<p>Mit dem Fokus auf unvergleichlichen Komfort und h\u00f6chsten Komfort sind das brandneue magnetische Verschlusssystem und der Memory-Foam-H\u00fcftgurt nur 2 der Updates, die diesen Rucksack auszeichnen. Im Lieferumfang des Turkey Tracker enthalten sind abnehmbare 1,5-Zoll-Zweipunkt-Hosentr\u00e4ger, die auf Komfort ausgelegt sind und den Rucksack f\u00fcr J\u00e4ger aller Gr\u00f6\u00dfen in der perfekten Position halten. Der MOLLE-Gurtband-H\u00fcftgurt bietet Platz f\u00fcr alle Arten von Zubeh\u00f6r, und der Turkey Tracker ist mit drei abnehmbaren Taschen ausgestattet, die an jeder beliebigen Stelle des H\u00fcftgurts positioniert werden k\u00f6nnen. \u2022 Eine abnehmbare, geformte Topfruf-Tasche fasst 2 Topfrufe, 3 Schl\u00e4ger und Zubeh\u00f6r und bietet einen hervorragenden Schutz f\u00fcr teure Spezialrufe. \u2022 Eine neu gestaltete und verstellbare Boxruf-Tasche ist gepolstert und strukturiert, um Schutz zu bieten, ist ebenfalls abnehmbar und passt eng an Boxrufe, um unerw\u00fcnschte Ger\u00e4usche zu vermeiden. \u2022 Unsere ThermaCell-Tasche wurde ebenfalls verbessert und ist jetzt etwas gr\u00f6\u00dfer mit praktischeren Funktionen, die dazu beitragen, Ihre ThermaCell sicher aufzubewahren und sie leichter in die Tasche einzusetzen und aus ihr zu entfernen.     <\/p>\n<ul>\n<li>9410501 Mossy Oak\u00ae Greenleaf\u00ae<\/li>\n<\/ul>\n<ul>\n<li>Hybrides und vielseitiges Lenden-\/H\u00fcfttaschensystem<\/li>\n<li>Magnetischer Deckelverschluss<\/li>\n<li>Memory-Foam-H\u00fcftgurt mit MOLLE-Gurtband, bietet Platz f\u00fcr endloses Zubeh\u00f6r<\/li>\n<li>Abnehmbare 1,5-Zoll-Zweipunkt-Hosentr\u00e4ger<\/li>\n<li>Verstaubare Tasche f\u00fcr <a href=\"https:\/\/alpsoutdoorz.com\/summit.html\">Summit Trail Seat<\/a> (separat erh\u00e4ltlich)<\/li>\n<li>Abnehmbare Topfruf-Tasche fasst 2 Topfrufe, 3 Schl\u00e4ger und anderes Zubeh\u00f6r<\/li>\n<li>Die abnehmbare Boxruf-Tasche ist strukturiert, gepolstert und verstellbar, um eine breite Palette von Boxrufen aufzunehmen<\/li>\n<li>Abnehmbare ThermaCell-Tasche<\/li>\n<li>Vordere H\u00fcftgurtverstellung, um sicherzustellen, dass der H\u00fcftgurt fest sitzt<\/li>\n<li>Die seitliche Zubeh\u00f6rtasche eignet sich hervorragend f\u00fcr Entfernungsmesser oder eine Schachtel Patronen<\/li>\n<li>Stretch-Wasserflaschenhalter<\/li>\n<li>K\u00e4ngurutasche vorne f\u00fcr zus\u00e4tzliche Ausr\u00fcstung<\/li>\n<li>Kompressionsriemen unterhalb des Rucksacks f\u00fcr zus\u00e4tzliche Ausr\u00fcstung<\/li>\n<\/ul>\n<table>\n<tbody>\n<tr>\n<th scope=\"row\">Fassungsverm\u00f6gen<\/th>\n<td>8 l \/ 500 in\u00b3<\/td>\n<\/tr>\n<tr>\n<th scope=\"row\">Abmessungen des Hauptfachs<\/th>\n<td>17,8 cm H x 35,6 cm B x 10,2 cm T<\/td>\n<\/tr>\n<tr>\n<th scope=\"row\">H\u00fcftgurtbereich<\/th>\n<td>31 \u201e- 58\u201c<\/td>\n<\/tr>\n<tr>\n<th scope=\"row\">Gewicht<\/th>\n<td>2 lbs. 7 oz. <\/td>\n<\/tr>\n<\/tbody>\n<\/table>\n","protected":false},"excerpt":{"rendered":"<p>Als hybrides Lenden-\/H\u00fcfttaschensystem ist der Turkey Tracker f\u00fcr den passionierten Truthahnj\u00e4ger konzipiert, der Wendigkeit, Komfort, Modularit\u00e4t, Vielseitigkeit, Bequemlichkeit und ein unglaubliches Preis-Leistungs-Verh\u00e4ltnis als die wichtigsten Voraussetzungen f\u00fcr seine Truthahnausr\u00fcstung ansieht. Aufbauend auf den Erfolgen und den funktionsreichen Designqualit\u00e4ten unserer Long Spur-Serie haben die neu gestalteten Funktionen des Turkey Tracker bei passionierten Truthahnliebhabern f\u00fcr Aufsehen gesorgt. [&#8230;]\n","protected":false},"featured_media":284867,"comment_status":"open","ping_status":"closed","template":"","meta":[],"product_brand":[],"product_cat":[2565,1407],"product_tag":[],"class_list":{"0":"post-285005","1":"product","2":"type-product","3":"status-publish","4":"has-post-thumbnail","6":"product_cat-jaktryggsackar","7":"product_cat-jagdrucksacke","9":"first","10":"instock","11":"taxable","12":"shipping-taxable","13":"purchasable","14":"product-type-simple"},"composite_virtual":false,"composite_layout":"","composite_add_to_cart_form_location":"","composite_editable_in_cart":false,"composite_sold_individually_context":"","composite_shop_price_calc":"","composite_components":[],"composite_scenarios":[],"group_of_quantity":0,"min_quantity":0,"max_quantity":"","exclude_order_quantity_value_rules":"no","exclude_category_quantity_rules":"no","combine_variations":"no","exclude_global_add_ons":[],"addons":[],"_links":{"self":[{"href":"https:\/\/www.huntersfriend.eu\/de\/wp-json\/wp\/v2\/product\/285005","targetHints":{"allow":["GET"]}}],"collection":[{"href":"https:\/\/www.huntersfriend.eu\/de\/wp-json\/wp\/v2\/product"}],"about":[{"href":"https:\/\/www.huntersfriend.eu\/de\/wp-json\/wp\/v2\/types\/product"}],"replies":[{"embeddable":true,"href":"https:\/\/www.huntersfriend.eu\/de\/wp-json\/wp\/v2\/comments?post=285005"}],"wp:featuredmedia":[{"embeddable":true,"href":"https:\/\/www.huntersfriend.eu\/de\/wp-json\/wp\/v2\/media\/284867"}],"wp:attachment":[{"href":"https:\/\/www.huntersfriend.eu\/de\/wp-json\/wp\/v2\/media?parent=285005"}],"wp:term":[{"taxonomy":"product_brand","embeddable":true,"href":"https:\/\/www.huntersfriend.eu\/de\/wp-json\/wp\/v2\/product_brand?post=285005"},{"taxonomy":"product_cat","embeddable":true,"href":"https:\/\/www.huntersfriend.eu\/de\/wp-json\/wp\/v2\/product_cat?post=285005"},{"taxonomy":"product_tag","embeddable":true,"href":"https:\/\/www.huntersfriend.eu\/de\/wp-json\/wp\/v2\/product_tag?post=285005"}],"curies":[{"name":"wp","href":"https:\/\/api.w.org\/{rel}","templated":true}]}}