{"id":285004,"date":"2025-06-19T00:39:55","date_gmt":"2025-06-18T22:39:55","guid":{"rendered":"https:\/\/www.huntersfriend.eu\/product\/alpen-bergsteigen-low-rocker-stuhl\/"},"modified":"2025-08-14T13:23:48","modified_gmt":"2025-08-14T11:23:48","slug":"alpen-bergsteigen-low-rocker-stuhl","status":"publish","type":"product","link":"https:\/\/www.huntersfriend.eu\/de\/produkt\/alpen-bergsteigen-low-rocker-stuhl\/","title":{"rendered":"Alpen Bergsteigen Low Rocker Stuhl"},"content":{"rendered":"<p>Lehnen Sie sich einfach zur\u00fcck, schaukeln Sie und entspannen Sie sich im ALPS Low Rocker. Das Low-Profile-Design und die gepolsterten Armlehnen machen diesen Stuhl \u00e4u\u00dferst bequem, egal ob Sie am Lagerfeuer sitzen, bei einer Sportveranstaltung oder auf Ihrer hinteren Terrasse. Das TechMesh-R\u00fcckenteil erm\u00f6glicht die Luftzirkulation, um Sie k\u00fchl zu halten, und der ProTec-pulverbeschichtete Stahlrahmen sieht gut aus und ist extrem langlebig, mit einer Gewichtskapazit\u00e4t von 300 lbs. Wenn der Stuhl nicht verwendet wird, erm\u00f6glicht ein einfacher Schnellverschluss-O-Ring das Zusammenklappen und einfache Zusammenfalten des Stuhls. Der Stuhl kann bequem in der Tragebeutel mit Kordelzug und Schultergurt verstaut und transportiert werden.    <\/p>\n<ul>\n<li>Low-Profile-Schaukelstuhl<\/li>\n<li>Kompaktes, faltbares Design<\/li>\n<li>TechMesh-Gewebe<\/li>\n<li>Inklusive 10 \u201ex 34\u201c Tragetasche<\/li>\n<li>Pro-tec pulverbeschichteter Stahlrahmen<\/li>\n<\/ul>\n<table border=\"3\">\n<tbody>\n<tr>\n<th scope=\"row\">Sitzbreite vorne<\/th>\n<td>21&#8243;<\/td>\n<\/tr>\n<tr>\n<th scope=\"row\">Sitzbreite hinten<\/th>\n<td>20&#8243;<\/td>\n<\/tr>\n<tr>\n<th scope=\"row\">Sitztiefe<\/th>\n<td>15&#8243;<\/td>\n<\/tr>\n<tr>\n<th scope=\"row\">Sitzh\u00f6he vorne<\/th>\n<td>15&#8243;<\/td>\n<\/tr>\n<tr>\n<th scope=\"row\">Sitzh\u00f6he hinten<\/th>\n<td>13&#8243;<\/td>\n<\/tr>\n<tr>\n<th scope=\"row\">H\u00f6he der R\u00fcckenlehne<\/th>\n<td>22&#8243;<\/td>\n<\/tr>\n<tr>\n<th scope=\"row\">Verpackungsgr\u00f6\u00dfe<\/th>\n<td>32&#8243; L x 7&#8243; W x 11&#8243; H<\/td>\n<\/tr>\n<tr>\n<th scope=\"row\">Gewicht<\/th>\n<td>11 lbs.<\/td>\n<\/tr>\n<tr>\n<th scope=\"row\">Gewichtskapazit\u00e4t<\/th>\n<td>300 lbs.<\/td>\n<\/tr>\n<\/tbody>\n<\/table>\n","protected":false},"excerpt":{"rendered":"<p>Lehnen Sie sich einfach zur\u00fcck, schaukeln Sie und entspannen Sie sich im ALPS Low Rocker. Das Low-Profile-Design und die gepolsterten Armlehnen machen diesen Stuhl \u00e4u\u00dferst bequem, egal ob Sie am Lagerfeuer sitzen, bei einer Sportveranstaltung oder auf Ihrer hinteren Terrasse. Das TechMesh-R\u00fcckenteil erm\u00f6glicht die Luftzirkulation, um Sie k\u00fchl zu halten, und der ProTec-pulverbeschichtete Stahlrahmen sieht [&#8230;]\n","protected":false},"featured_media":284732,"comment_status":"open","ping_status":"closed","template":"","meta":[],"product_brand":[],"product_cat":[2050,1171],"product_tag":[],"class_list":{"0":"post-285004","1":"product","2":"type-product","3":"status-publish","4":"has-post-thumbnail","6":"product_cat-campingzubehor","7":"product_cat-sitz-und-schirm-zubehoer","9":"first","10":"instock","11":"sale","12":"taxable","13":"shipping-taxable","14":"purchasable","15":"product-type-simple"},"composite_virtual":false,"composite_layout":"","composite_add_to_cart_form_location":"","composite_editable_in_cart":false,"composite_sold_individually_context":"","composite_shop_price_calc":"","composite_components":[],"composite_scenarios":[],"group_of_quantity":0,"min_quantity":0,"max_quantity":"","exclude_order_quantity_value_rules":"no","exclude_category_quantity_rules":"no","combine_variations":"no","exclude_global_add_ons":[],"addons":[],"_links":{"self":[{"href":"https:\/\/www.huntersfriend.eu\/de\/wp-json\/wp\/v2\/product\/285004","targetHints":{"allow":["GET"]}}],"collection":[{"href":"https:\/\/www.huntersfriend.eu\/de\/wp-json\/wp\/v2\/product"}],"about":[{"href":"https:\/\/www.huntersfriend.eu\/de\/wp-json\/wp\/v2\/types\/product"}],"replies":[{"embeddable":true,"href":"https:\/\/www.huntersfriend.eu\/de\/wp-json\/wp\/v2\/comments?post=285004"}],"wp:featuredmedia":[{"embeddable":true,"href":"https:\/\/www.huntersfriend.eu\/de\/wp-json\/wp\/v2\/media\/284732"}],"wp:attachment":[{"href":"https:\/\/www.huntersfriend.eu\/de\/wp-json\/wp\/v2\/media?parent=285004"}],"wp:term":[{"taxonomy":"product_brand","embeddable":true,"href":"https:\/\/www.huntersfriend.eu\/de\/wp-json\/wp\/v2\/product_brand?post=285004"},{"taxonomy":"product_cat","embeddable":true,"href":"https:\/\/www.huntersfriend.eu\/de\/wp-json\/wp\/v2\/product_cat?post=285004"},{"taxonomy":"product_tag","embeddable":true,"href":"https:\/\/www.huntersfriend.eu\/de\/wp-json\/wp\/v2\/product_tag?post=285004"}],"curies":[{"name":"wp","href":"https:\/\/api.w.org\/{rel}","templated":true}]}}