{"id":285003,"date":"2025-06-19T00:39:55","date_gmt":"2025-06-18T22:39:55","guid":{"rendered":"https:\/\/www.huntersfriend.eu\/product\/alpen-bergsteigen-schaukelstuhl\/"},"modified":"2025-11-08T16:57:48","modified_gmt":"2025-11-08T14:57:48","slug":"alpen-bergsteigen-schaukelstuhl","status":"publish","type":"product","link":"https:\/\/www.huntersfriend.eu\/de\/produkt\/alpen-bergsteigen-schaukelstuhl\/","title":{"rendered":"Alpen Bergsteigen Schaukelstuhl"},"content":{"rendered":"<p>Der Schaukelstuhl verf\u00fcgt \u00fcber ein bequemes Polyestergewebe, das in Kombination mit seinem Pro-Tec-pulverbeschichteten Stahlrahmen f\u00fcr einen gro\u00dfartigen Sitz zum Entspannen am Ende des Tages sorgt. Das kompakte, faltbare Design dieses Schaukelstuhls macht den Transport und die Lagerung stressfrei und er rastet im Gebrauch ein, um ein sanftes und sicheres Schaukeln zu gew\u00e4hrleisten. Egal, ob Sie diese St\u00fchle auf der hinteren Terrasse oder am Lagerfeuer verwenden, sie werden die St\u00fchle sein, zu denen sich alle hingezogen f\u00fchlen.  <\/p>\n<ul>\n<li>Zusammenklappbar f\u00fcr Lagerung und Transport<\/li>\n<li>Arretiert im zusammengeklappten und ge\u00f6ffneten Zustand<\/li>\n<li>600D Polyestergewebe<\/li>\n<li>Pro-Tec pulverbeschichteter Stahlrahmen<\/li>\n<\/ul>\n<table>\n<tbody>\n<tr>\n<th scope=\"row\">Sitzbreite<\/th>\n<td>19&#8243;<\/td>\n<\/tr>\n<tr>\n<th scope=\"row\">Sitztiefe<\/th>\n<td>18&#8243;<\/td>\n<\/tr>\n<tr>\n<th scope=\"row\">Sitzh\u00f6he vorne<\/th>\n<td>21&#8243;<\/td>\n<\/tr>\n<tr>\n<th scope=\"row\">Sitzh\u00f6he hinten<\/th>\n<td>16&#8243;<\/td>\n<\/tr>\n<tr>\n<th scope=\"row\">H\u00f6he der R\u00fcckenlehne<\/th>\n<td>29&#8243;<\/td>\n<\/tr>\n<tr>\n<th scope=\"row\">Faltma\u00df<\/th>\n<td>47&#8243; L x 24&#8243; B x 6&#8243; H<\/td>\n<\/tr>\n<tr>\n<th scope=\"row\">Gewicht<\/th>\n<td>7,9 kg <\/td>\n<\/tr>\n<tr>\n<th scope=\"row\">Gewichtskapazit\u00e4t<\/th>\n<td>300 lbs.<\/td>\n<\/tr>\n<\/tbody>\n<\/table>\n","protected":false},"excerpt":{"rendered":"<p>Der Schaukelstuhl verf\u00fcgt \u00fcber ein bequemes Polyestergewebe, das in Kombination mit seinem Pro-Tec-pulverbeschichteten Stahlrahmen f\u00fcr einen gro\u00dfartigen Sitz zum Entspannen am Ende des Tages sorgt. Das kompakte, faltbare Design dieses Schaukelstuhls macht den Transport und die Lagerung stressfrei und er rastet im Gebrauch ein, um ein sanftes und sicheres Schaukeln zu gew\u00e4hrleisten. Egal, ob Sie [&#8230;]\n","protected":false},"featured_media":284716,"comment_status":"open","ping_status":"closed","template":"","meta":[],"product_brand":[],"product_cat":[2050,1171],"product_tag":[],"class_list":{"0":"post-285003","1":"product","2":"type-product","3":"status-publish","4":"has-post-thumbnail","6":"product_cat-campingzubehor","7":"product_cat-sitz-und-schirm-zubehoer","9":"first","10":"instock","11":"sale","12":"taxable","13":"shipping-taxable","14":"purchasable","15":"product-type-simple"},"composite_virtual":false,"composite_layout":"","composite_add_to_cart_form_location":"","composite_editable_in_cart":false,"composite_sold_individually_context":"","composite_shop_price_calc":"","composite_components":[],"composite_scenarios":[],"group_of_quantity":0,"min_quantity":0,"max_quantity":"","exclude_order_quantity_value_rules":"no","exclude_category_quantity_rules":"no","combine_variations":"no","exclude_global_add_ons":[],"addons":[],"_links":{"self":[{"href":"https:\/\/www.huntersfriend.eu\/de\/wp-json\/wp\/v2\/product\/285003","targetHints":{"allow":["GET"]}}],"collection":[{"href":"https:\/\/www.huntersfriend.eu\/de\/wp-json\/wp\/v2\/product"}],"about":[{"href":"https:\/\/www.huntersfriend.eu\/de\/wp-json\/wp\/v2\/types\/product"}],"replies":[{"embeddable":true,"href":"https:\/\/www.huntersfriend.eu\/de\/wp-json\/wp\/v2\/comments?post=285003"}],"wp:featuredmedia":[{"embeddable":true,"href":"https:\/\/www.huntersfriend.eu\/de\/wp-json\/wp\/v2\/media\/284716"}],"wp:attachment":[{"href":"https:\/\/www.huntersfriend.eu\/de\/wp-json\/wp\/v2\/media?parent=285003"}],"wp:term":[{"taxonomy":"product_brand","embeddable":true,"href":"https:\/\/www.huntersfriend.eu\/de\/wp-json\/wp\/v2\/product_brand?post=285003"},{"taxonomy":"product_cat","embeddable":true,"href":"https:\/\/www.huntersfriend.eu\/de\/wp-json\/wp\/v2\/product_cat?post=285003"},{"taxonomy":"product_tag","embeddable":true,"href":"https:\/\/www.huntersfriend.eu\/de\/wp-json\/wp\/v2\/product_tag?post=285003"}],"curies":[{"name":"wp","href":"https:\/\/api.w.org\/{rel}","templated":true}]}}