{"id":285002,"date":"2025-06-16T23:54:13","date_gmt":"2025-08-14T11:23:47","guid":{"rendered":"https:\/\/www.huntersfriend.eu\/product\/alps-outdoorz-slip-ring-tote\/"},"modified":"2026-01-31T15:49:08","modified_gmt":"2026-01-31T13:49:08","slug":"alps-outdoorz-slip-ring-tote","status":"publish","type":"product","link":"https:\/\/www.huntersfriend.eu\/de\/produkt\/alps-outdoorz-slip-ring-tote\/","title":{"rendered":"Alps Outdoorz Slip Ring Tote"},"content":{"rendered":"<p>Diese Slip Ring Wildtrage ist perfekt, um Ihr erlegtes Wild einfach vom Feld nach Hause zu transportieren. Die Slip Ring Wildtrage verf\u00fcgt \u00fcber mehrere integrierte Funktionen, darunter Stahl-Slip-Ringe, einen drehbaren Clip zum Aufh\u00e4ngen an Ihren Wathosen oder anderer Ausr\u00fcstung und einen verstellbaren \u201eUnterarm\u201c-Gurt, damit Sie die H\u00e4nde frei haben. Die Slip Ring Wildtrage verf\u00fcgt au\u00dferdem \u00fcber eine Gurtbandverst\u00e4rkung f\u00fcr zus\u00e4tzliche Festigkeit und eine rutschfeste R\u00fcckseite, um sicherzustellen, dass sie w\u00e4hrend des Transports auf Ihrer Schulter bleibt.  <\/p>\n<p>\u2022 Stahl-Slip-Ringe<\/p>\n<p>\u2022 Gurtbandverst\u00e4rkung f\u00fcr zus\u00e4tzliche Festigkeit<\/p>\n<p>\u2022 Verstellbarer \u201eUnterarm\u201c-Gurt, damit Sie die H\u00e4nde frei haben<\/p>\n<p>\u2022 Rutschfeste R\u00fcckseite<\/p>\n<p>\u2022 Drehbarer Clip zum Aufh\u00e4ngen an Wathosen<\/p>\n<table border=\"3\">\n<tbody>\n<tr align=\"CENTER\">\n<td><b>Gewicht<\/b><\/td>\n<td>8 oz.<\/td>\n<\/tr>\n<\/tbody>\n<\/table>\n","protected":false},"excerpt":{"rendered":"<p>Diese Slip Ring Wildtrage ist perfekt, um Ihr erlegtes Wild einfach vom Feld nach Hause zu transportieren. Die Slip Ring Wildtrage verf\u00fcgt \u00fcber mehrere integrierte Funktionen, darunter Stahl-Slip-Ringe, einen drehbaren Clip zum Aufh\u00e4ngen an Ihren Wathosen oder anderer Ausr\u00fcstung und einen verstellbaren \u201eUnterarm\u201c-Gurt, damit Sie die H\u00e4nde frei haben. Die Slip Ring Wildtrage verf\u00fcgt au\u00dferdem [&#8230;]\n","protected":false},"featured_media":284852,"comment_status":"open","ping_status":"closed","template":"","meta":[],"product_brand":[],"product_cat":[1405],"product_tag":[],"class_list":{"0":"post-285002","1":"product","2":"type-product","3":"status-publish","4":"has-post-thumbnail","6":"product_cat-wildtrager-taschen-und-hebevorrichtungen","8":"first","9":"instock","10":"taxable","11":"shipping-taxable","12":"purchasable","13":"product-type-simple"},"composite_virtual":false,"composite_layout":"","composite_add_to_cart_form_location":"","composite_editable_in_cart":false,"composite_sold_individually_context":"","composite_shop_price_calc":"","composite_components":[],"composite_scenarios":[],"group_of_quantity":0,"min_quantity":0,"max_quantity":"","exclude_order_quantity_value_rules":"no","exclude_category_quantity_rules":"no","combine_variations":"no","exclude_global_add_ons":[],"addons":[],"_links":{"self":[{"href":"https:\/\/www.huntersfriend.eu\/de\/wp-json\/wp\/v2\/product\/285002","targetHints":{"allow":["GET"]}}],"collection":[{"href":"https:\/\/www.huntersfriend.eu\/de\/wp-json\/wp\/v2\/product"}],"about":[{"href":"https:\/\/www.huntersfriend.eu\/de\/wp-json\/wp\/v2\/types\/product"}],"replies":[{"embeddable":true,"href":"https:\/\/www.huntersfriend.eu\/de\/wp-json\/wp\/v2\/comments?post=285002"}],"wp:featuredmedia":[{"embeddable":true,"href":"https:\/\/www.huntersfriend.eu\/de\/wp-json\/wp\/v2\/media\/284852"}],"wp:attachment":[{"href":"https:\/\/www.huntersfriend.eu\/de\/wp-json\/wp\/v2\/media?parent=285002"}],"wp:term":[{"taxonomy":"product_brand","embeddable":true,"href":"https:\/\/www.huntersfriend.eu\/de\/wp-json\/wp\/v2\/product_brand?post=285002"},{"taxonomy":"product_cat","embeddable":true,"href":"https:\/\/www.huntersfriend.eu\/de\/wp-json\/wp\/v2\/product_cat?post=285002"},{"taxonomy":"product_tag","embeddable":true,"href":"https:\/\/www.huntersfriend.eu\/de\/wp-json\/wp\/v2\/product_tag?post=285002"}],"curies":[{"name":"wp","href":"https:\/\/api.w.org\/{rel}","templated":true}]}}