{"id":285001,"date":"2025-06-19T00:39:56","date_gmt":"2025-06-18T22:39:56","guid":{"rendered":"https:\/\/www.huntersfriend.eu\/product\/alpen-bergsteigen-solace-hocker\/"},"modified":"2025-08-14T13:23:47","modified_gmt":"2025-08-14T11:23:47","slug":"alpen-bergsteigen-solace-hocker","status":"publish","type":"product","link":"https:\/\/www.huntersfriend.eu\/de\/produkt\/alpen-bergsteigen-solace-hocker\/","title":{"rendered":"Alpen Bergsteigen Solace Hocker"},"content":{"rendered":"<p>Der Solace Hocker bietet Komfort auf dem Trail. Das kompakte, leichte Design macht ihn ideal f\u00fcr die Aufbewahrung im Rucksack. Wenn der Platz im Rucksack ein Problem ist, befestigen Sie ihn einfach mit der praktischen Tragebeutel an Ihrem Rucksack. Der Aluminiumrahmen in Kombination mit dem 600D Ripstop-Gewebe bietet gen\u00fcgend Festigkeit, um 125 kg zu tragen, w\u00e4hrend er das Gewicht Ihres Rucksacks um weniger als ein Kilogramm erh\u00f6ht. Nehmen Sie Solace mit auf Ihr n\u00e4chstes Abenteuer und entspannen Sie sich am Lagerfeuer oder im Versteck.    <\/p>\n<ul>\n<li>Kompaktes, zusammenklappbares Design<\/li>\n<li>Aluminiumrahmen<\/li>\n<li>420D Polyester-Honeycomb-Ripstop-Gewebe<\/li>\n<li>Die praktische Rei\u00dfverschlusstragetasche kann einfach am Stuhl befestigt werden, sodass sie nicht verloren geht und gleichzeitig als praktische Zubeh\u00f6rtasche dient<\/li>\n<\/ul>\n<table>\n<tbody>\n<tr>\n<th scope=\"row\">Sitzbreite vorne<\/th>\n<td>23&#8243;<\/td>\n<\/tr>\n<tr>\n<th scope=\"row\">Sitzbreite hinten<\/th>\n<td>14&#8243;<\/td>\n<\/tr>\n<tr>\n<th scope=\"row\">Sitztiefe<\/th>\n<td>12&#8243;<\/td>\n<\/tr>\n<tr>\n<th scope=\"row\">Sitzh\u00f6he vorne<\/th>\n<td>18&#8243;<\/td>\n<\/tr>\n<tr>\n<th scope=\"row\">Sitzh\u00f6he hinten<\/th>\n<td>15&#8243;<\/td>\n<\/tr>\n<tr>\n<th scope=\"row\">H\u00f6he der R\u00fcckenlehne<\/th>\n<td>6&#8243;<\/td>\n<\/tr>\n<tr>\n<th scope=\"row\">Verpackungsgr\u00f6\u00dfe<\/th>\n<td>16&#8243; L x 3.5&#8243; B x 6&#8243; H<\/td>\n<\/tr>\n<tr>\n<th scope=\"row\">Gewicht<\/th>\n<td>880 g <\/td>\n<\/tr>\n<tr>\n<th scope=\"row\">Gewichtskapazit\u00e4t<\/th>\n<td>275 lbs.<\/td>\n<\/tr>\n<\/tbody>\n<\/table>\n","protected":false},"excerpt":{"rendered":"<p>Der Solace Hocker bietet Komfort auf dem Trail. Das kompakte, leichte Design macht ihn ideal f\u00fcr die Aufbewahrung im Rucksack. Wenn der Platz im Rucksack ein Problem ist, befestigen Sie ihn einfach mit der praktischen Tragebeutel an Ihrem Rucksack. Der Aluminiumrahmen in Kombination mit dem 600D Ripstop-Gewebe bietet gen\u00fcgend Festigkeit, um 125 kg zu tragen, [&#8230;]\n","protected":false},"featured_media":284436,"comment_status":"open","ping_status":"closed","template":"","meta":[],"product_brand":[],"product_cat":[2050,1171],"product_tag":[],"class_list":{"0":"post-285001","1":"product","2":"type-product","3":"status-publish","4":"has-post-thumbnail","6":"product_cat-campingzubehor","7":"product_cat-sitz-und-schirm-zubehoer","9":"first","10":"instock","11":"sale","12":"taxable","13":"shipping-taxable","14":"purchasable","15":"product-type-simple"},"composite_virtual":false,"composite_layout":"","composite_add_to_cart_form_location":"","composite_editable_in_cart":false,"composite_sold_individually_context":"","composite_shop_price_calc":"","composite_components":[],"composite_scenarios":[],"group_of_quantity":0,"min_quantity":0,"max_quantity":"","exclude_order_quantity_value_rules":"no","exclude_category_quantity_rules":"no","combine_variations":"no","exclude_global_add_ons":[],"addons":[],"_links":{"self":[{"href":"https:\/\/www.huntersfriend.eu\/de\/wp-json\/wp\/v2\/product\/285001","targetHints":{"allow":["GET"]}}],"collection":[{"href":"https:\/\/www.huntersfriend.eu\/de\/wp-json\/wp\/v2\/product"}],"about":[{"href":"https:\/\/www.huntersfriend.eu\/de\/wp-json\/wp\/v2\/types\/product"}],"replies":[{"embeddable":true,"href":"https:\/\/www.huntersfriend.eu\/de\/wp-json\/wp\/v2\/comments?post=285001"}],"wp:featuredmedia":[{"embeddable":true,"href":"https:\/\/www.huntersfriend.eu\/de\/wp-json\/wp\/v2\/media\/284436"}],"wp:attachment":[{"href":"https:\/\/www.huntersfriend.eu\/de\/wp-json\/wp\/v2\/media?parent=285001"}],"wp:term":[{"taxonomy":"product_brand","embeddable":true,"href":"https:\/\/www.huntersfriend.eu\/de\/wp-json\/wp\/v2\/product_brand?post=285001"},{"taxonomy":"product_cat","embeddable":true,"href":"https:\/\/www.huntersfriend.eu\/de\/wp-json\/wp\/v2\/product_cat?post=285001"},{"taxonomy":"product_tag","embeddable":true,"href":"https:\/\/www.huntersfriend.eu\/de\/wp-json\/wp\/v2\/product_tag?post=285001"}],"curies":[{"name":"wp","href":"https:\/\/api.w.org\/{rel}","templated":true}]}}