{"id":285000,"date":"2025-06-16T23:54:13","date_gmt":"2025-06-16T21:54:13","guid":{"rendered":"https:\/\/www.huntersfriend.eu\/product\/alps-outdoorz-endeavor-tasche\/"},"modified":"2025-08-14T13:23:46","modified_gmt":"2025-08-14T11:23:46","slug":"alps-outdoorz-endeavor-tasche","status":"publish","type":"product","link":"https:\/\/www.huntersfriend.eu\/de\/produkt\/alps-outdoorz-endeavor-tasche\/","title":{"rendered":"Alps Outdoorz Endeavor Tasche"},"content":{"rendered":"<p>Die herausragende Mischung aus Arbeitsnutzen: Der Endeavor ist clever gefertigt f\u00fcr den 9-5-Outdoor-Enthusiasten, der eine gesunde B\u00fcro-Abenteuer-Beziehung bevorzugt. Das vornehme und klassische Design tr\u00e4gt zu seiner Zweckm\u00e4\u00dfigkeit bei, von den morgendlichen Besprechungen bis zum Wochenendausflug. Entdecken Sie Ihren inneren Outdoor-Enthusiasten neu mit einer zeitgem\u00e4\u00dfen Adaption eines zeitlosen Klassikers.  <\/p>\n<p>Wenn Sie DU Licensed Gear kaufen, unterst\u00fctzen Sie direkt den Schutz von Lebensr\u00e4umen in ganz Nordamerika und tragen zur Erreichung der gemeinsamen Mission von Ducks Unlimited und ALPS OutdoorZ bei.<\/p>\n<p>Pflegehinweise: Mit zunehmendem Alter des gewachsten Stoffes entwickelt sich eine ansehnliche, abgenutzte Patina. \u00c4hnlich wie bei Leder empfehlen wir die punktuelle Reinigung mit einem feuchten Tuch. Die Pflege, das Nachwachsen oder die Aufarbeitung des Au\u00dfenstoffes kann bei Bedarf mehr als einmal pro Jahr mit geeignetem Paraffin- oder Sojawachs erfolgen.  <\/p>\n<ul>\n<li>Robustes, strapazierf\u00e4higes und hoch wasserabweisendes 16 oz. gewachstes Baumwoll-Canvas mit Akzenten und Besatz aus Vollnarbenleder <\/li>\n<li>Schnellverschluss mit magnetischen Schnallen in 2 Positionen<\/li>\n<li>Gepolsterter und gef\u00fctterter Innenraum mit speziellem Laptop- und Tabletfach<\/li>\n<li>An allen Seiten verst\u00e4rkt f\u00fcr zus\u00e4tzlichen Schutz<\/li>\n<li>Messingrei\u00dfverschl\u00fcsse und -beschl\u00e4ge<\/li>\n<\/ul>\n<table>\n<tbody>\n<tr>\n<th scope=\"row\">Abmessungen<\/th>\n<td>31,75 cm H x 43,18 cm B x 11,43 cm T<\/td>\n<\/tr>\n<tr>\n<th scope=\"row\">Gewicht<\/th>\n<td>1,98 kg <\/td>\n<\/tr>\n<\/tbody>\n<\/table>\n","protected":false},"excerpt":{"rendered":"<p>Die herausragende Mischung aus Arbeitsnutzen: Der Endeavor ist clever gefertigt f\u00fcr den 9-5-Outdoor-Enthusiasten, der eine gesunde B\u00fcro-Abenteuer-Beziehung bevorzugt. Das vornehme und klassische Design tr\u00e4gt zu seiner Zweckm\u00e4\u00dfigkeit bei, von den morgendlichen Besprechungen bis zum Wochenendausflug. Entdecken Sie Ihren inneren Outdoor-Enthusiasten neu mit einer zeitgem\u00e4\u00dfen Adaption eines zeitlosen Klassikers. Wenn Sie DU Licensed Gear kaufen, unterst\u00fctzen [&#8230;]\n","protected":false},"featured_media":284829,"comment_status":"open","ping_status":"closed","template":"","meta":[],"product_brand":[],"product_cat":[1145],"product_tag":[],"class_list":{"0":"post-285000","1":"product","2":"type-product","3":"status-publish","4":"has-post-thumbnail","6":"product_cat-sonstiges","8":"first","9":"outofstock","10":"taxable","11":"shipping-taxable","12":"purchasable","13":"product-type-simple"},"composite_virtual":false,"composite_layout":"","composite_add_to_cart_form_location":"","composite_editable_in_cart":false,"composite_sold_individually_context":"","composite_shop_price_calc":"","composite_components":[],"composite_scenarios":[],"group_of_quantity":0,"min_quantity":0,"max_quantity":"","exclude_order_quantity_value_rules":"no","exclude_category_quantity_rules":"no","combine_variations":"no","exclude_global_add_ons":[],"addons":[],"_links":{"self":[{"href":"https:\/\/www.huntersfriend.eu\/de\/wp-json\/wp\/v2\/product\/285000","targetHints":{"allow":["GET"]}}],"collection":[{"href":"https:\/\/www.huntersfriend.eu\/de\/wp-json\/wp\/v2\/product"}],"about":[{"href":"https:\/\/www.huntersfriend.eu\/de\/wp-json\/wp\/v2\/types\/product"}],"replies":[{"embeddable":true,"href":"https:\/\/www.huntersfriend.eu\/de\/wp-json\/wp\/v2\/comments?post=285000"}],"wp:featuredmedia":[{"embeddable":true,"href":"https:\/\/www.huntersfriend.eu\/de\/wp-json\/wp\/v2\/media\/284829"}],"wp:attachment":[{"href":"https:\/\/www.huntersfriend.eu\/de\/wp-json\/wp\/v2\/media?parent=285000"}],"wp:term":[{"taxonomy":"product_brand","embeddable":true,"href":"https:\/\/www.huntersfriend.eu\/de\/wp-json\/wp\/v2\/product_brand?post=285000"},{"taxonomy":"product_cat","embeddable":true,"href":"https:\/\/www.huntersfriend.eu\/de\/wp-json\/wp\/v2\/product_cat?post=285000"},{"taxonomy":"product_tag","embeddable":true,"href":"https:\/\/www.huntersfriend.eu\/de\/wp-json\/wp\/v2\/product_tag?post=285000"}],"curies":[{"name":"wp","href":"https:\/\/api.w.org\/{rel}","templated":true}]}}