{"id":284999,"date":"2025-08-06T00:38:15","date_gmt":"2025-08-14T10:37:33","guid":{"rendered":"https:\/\/www.huntersfriend.eu\/product\/mtm-ac15-munitionskiste\/"},"modified":"2026-02-04T23:07:50","modified_gmt":"2026-02-04T21:07:50","slug":"mtm-ac15-munitionskiste","status":"publish","type":"product","link":"https:\/\/www.huntersfriend.eu\/de\/produkt\/mtm-ac15-munitionskiste\/","title":{"rendered":"MTM AC15 Munitionskiste"},"content":{"rendered":"<p>Die MTM AC15 ist eine praktische, wasserabweisende Munitionskiste aus robustem Polypropylen. Der Deckel hat einen Schnappverschluss mit \u00d6ffnungen f\u00fcr ein oder zwei Vorh\u00e4ngeschl\u00f6sser (nicht im Lieferumfang enthalten) f\u00fcr einen sicheren Transport. Der Griff ist zur einfachen Aufbewahrung herunterklappbar. Maximale Belastung 6 kg. Stapelbar. Abmessungen ca. 21 x 11 x 17 cm. Gewicht ca. 275 g. Lieferung erfolgt ohne Inhalt.       <\/p>\n","protected":false},"excerpt":{"rendered":"<p>Die MTM AC15 ist eine praktische, wasserabweisende Munitionskiste aus robustem Polypropylen. Der Deckel hat einen Schnappverschluss mit \u00d6ffnungen f\u00fcr ein oder zwei Vorh\u00e4ngeschl\u00f6sser (nicht im Lieferumfang enthalten) f\u00fcr einen sicheren Transport. Der Griff ist zur einfachen Aufbewahrung herunterklappbar. Maximale Belastung 6 kg. Stapelbar. Abmessungen ca. 21 x 11 x 17 cm. Gewicht ca. 275 g. [&#8230;]\n","protected":false},"featured_media":284684,"comment_status":"open","ping_status":"closed","template":"","meta":[],"product_brand":[],"product_cat":[1422],"product_tag":[],"class_list":{"0":"post-284999","1":"product","2":"type-product","3":"status-publish","4":"has-post-thumbnail","6":"product_cat-munitions-und-versorgungsboxen","8":"first","9":"instock","10":"taxable","11":"shipping-taxable","12":"purchasable","13":"product-type-simple"},"composite_virtual":false,"composite_layout":"","composite_add_to_cart_form_location":"","composite_editable_in_cart":false,"composite_sold_individually_context":"","composite_shop_price_calc":"","composite_components":[],"composite_scenarios":[],"group_of_quantity":0,"min_quantity":0,"max_quantity":"","exclude_order_quantity_value_rules":"no","exclude_category_quantity_rules":"no","combine_variations":"no","exclude_global_add_ons":[],"addons":[],"_links":{"self":[{"href":"https:\/\/www.huntersfriend.eu\/de\/wp-json\/wp\/v2\/product\/284999","targetHints":{"allow":["GET"]}}],"collection":[{"href":"https:\/\/www.huntersfriend.eu\/de\/wp-json\/wp\/v2\/product"}],"about":[{"href":"https:\/\/www.huntersfriend.eu\/de\/wp-json\/wp\/v2\/types\/product"}],"replies":[{"embeddable":true,"href":"https:\/\/www.huntersfriend.eu\/de\/wp-json\/wp\/v2\/comments?post=284999"}],"wp:featuredmedia":[{"embeddable":true,"href":"https:\/\/www.huntersfriend.eu\/de\/wp-json\/wp\/v2\/media\/284684"}],"wp:attachment":[{"href":"https:\/\/www.huntersfriend.eu\/de\/wp-json\/wp\/v2\/media?parent=284999"}],"wp:term":[{"taxonomy":"product_brand","embeddable":true,"href":"https:\/\/www.huntersfriend.eu\/de\/wp-json\/wp\/v2\/product_brand?post=284999"},{"taxonomy":"product_cat","embeddable":true,"href":"https:\/\/www.huntersfriend.eu\/de\/wp-json\/wp\/v2\/product_cat?post=284999"},{"taxonomy":"product_tag","embeddable":true,"href":"https:\/\/www.huntersfriend.eu\/de\/wp-json\/wp\/v2\/product_tag?post=284999"}],"curies":[{"name":"wp","href":"https:\/\/api.w.org\/{rel}","templated":true}]}}