{"id":284998,"date":"2025-08-06T00:38:14","date_gmt":"2025-08-14T10:37:33","guid":{"rendered":"https:\/\/www.huntersfriend.eu\/product\/mtm-ac30t-munitionskiste\/"},"modified":"2025-11-16T21:40:11","modified_gmt":"2025-11-16T19:40:11","slug":"mtm-ac30t-munitionskiste","status":"publish","type":"product","link":"https:\/\/www.huntersfriend.eu\/de\/produkt\/mtm-ac30t-munitionskiste\/","title":{"rendered":"MTM AC30T Munitionskiste"},"content":{"rendered":"<p>Die MTM AC30T ist eine mittelgro\u00dfe Munitionskiste aus robustem Polypropylen. Sie ist mit einem Klappdeckel ausgestattet, der mit einem Vorh\u00e4ngeschloss gesichert werden kann, um unbefugten Zugriff zu verhindern (Vorh\u00e4ngeschloss nicht im Lieferumfang enthalten). Der Griff l\u00e4sst sich herunterklappen, was das Stapeln erleichtert. Maximale Belastung 7,5 kg. Stapelbar. Abmessungen ca. 34 x 13 x 19 cm. Gewicht ca. 410 g. Lieferung ohne Inhalt.       <\/p>\n","protected":false},"excerpt":{"rendered":"<p>Die MTM AC30T ist eine mittelgro\u00dfe Munitionskiste aus robustem Polypropylen. Sie ist mit einem Klappdeckel ausgestattet, der mit einem Vorh\u00e4ngeschloss gesichert werden kann, um unbefugten Zugriff zu verhindern (Vorh\u00e4ngeschloss nicht im Lieferumfang enthalten). Der Griff l\u00e4sst sich herunterklappen, was das Stapeln erleichtert. Maximale Belastung 7,5 kg. Stapelbar. Abmessungen ca. 34 x 13 x 19 cm. [&#8230;]\n","protected":false},"featured_media":284663,"comment_status":"open","ping_status":"closed","template":"","meta":[],"product_brand":[],"product_cat":[1422],"product_tag":[],"class_list":{"0":"post-284998","1":"product","2":"type-product","3":"status-publish","4":"has-post-thumbnail","6":"product_cat-munitions-und-versorgungsboxen","8":"first","9":"instock","10":"taxable","11":"shipping-taxable","12":"purchasable","13":"product-type-simple"},"composite_virtual":false,"composite_layout":"","composite_add_to_cart_form_location":"","composite_editable_in_cart":false,"composite_sold_individually_context":"","composite_shop_price_calc":"","composite_components":[],"composite_scenarios":[],"group_of_quantity":0,"min_quantity":0,"max_quantity":"","exclude_order_quantity_value_rules":"no","exclude_category_quantity_rules":"no","combine_variations":"no","exclude_global_add_ons":[],"addons":[],"_links":{"self":[{"href":"https:\/\/www.huntersfriend.eu\/de\/wp-json\/wp\/v2\/product\/284998","targetHints":{"allow":["GET"]}}],"collection":[{"href":"https:\/\/www.huntersfriend.eu\/de\/wp-json\/wp\/v2\/product"}],"about":[{"href":"https:\/\/www.huntersfriend.eu\/de\/wp-json\/wp\/v2\/types\/product"}],"replies":[{"embeddable":true,"href":"https:\/\/www.huntersfriend.eu\/de\/wp-json\/wp\/v2\/comments?post=284998"}],"wp:featuredmedia":[{"embeddable":true,"href":"https:\/\/www.huntersfriend.eu\/de\/wp-json\/wp\/v2\/media\/284663"}],"wp:attachment":[{"href":"https:\/\/www.huntersfriend.eu\/de\/wp-json\/wp\/v2\/media?parent=284998"}],"wp:term":[{"taxonomy":"product_brand","embeddable":true,"href":"https:\/\/www.huntersfriend.eu\/de\/wp-json\/wp\/v2\/product_brand?post=284998"},{"taxonomy":"product_cat","embeddable":true,"href":"https:\/\/www.huntersfriend.eu\/de\/wp-json\/wp\/v2\/product_cat?post=284998"},{"taxonomy":"product_tag","embeddable":true,"href":"https:\/\/www.huntersfriend.eu\/de\/wp-json\/wp\/v2\/product_tag?post=284998"}],"curies":[{"name":"wp","href":"https:\/\/api.w.org\/{rel}","templated":true}]}}