{"id":284997,"date":"2025-08-06T00:38:14","date_gmt":"2025-08-14T10:37:32","guid":{"rendered":"https:\/\/www.huntersfriend.eu\/product\/mtm-ac11-munitionskiste\/"},"modified":"2025-08-14T12:37:32","modified_gmt":"2025-08-14T10:37:32","slug":"mtm-ac11-munitionskiste","status":"publish","type":"product","link":"https:\/\/www.huntersfriend.eu\/de\/produkt\/mtm-ac11-munitionskiste\/","title":{"rendered":"MTM AC11 Munitionskiste"},"content":{"rendered":"<p>Die MTM AC11 ist eine gro\u00dfe, wasserabweisende Munitionskiste mit einem Klappdeckel. Zwei leicht zug\u00e4ngliche Schnappverschl\u00fcsse sorgen f\u00fcr einen dichten Verschluss. Der Griff l\u00e4sst sich einklappen, was das Stapeln erleichtert. Es gibt drei \u00d6ffnungen f\u00fcr ein oder mehrere Vorh\u00e4ngeschl\u00f6sser, um einen sicheren Transport zu gew\u00e4hrleisten (nicht im Lieferumfang enthalten). Hergestellt aus robustem Polypropylen. Maximale Belastung bis zu 15 kg. Abmessungen ca. 39 x 22 x 23,5 cm. Gewicht ca. 1023 g. Lieferung ohne Inhalt.        <\/p>\n","protected":false},"excerpt":{"rendered":"<p>Die MTM AC11 ist eine gro\u00dfe, wasserabweisende Munitionskiste mit einem Klappdeckel. Zwei leicht zug\u00e4ngliche Schnappverschl\u00fcsse sorgen f\u00fcr einen dichten Verschluss. Der Griff l\u00e4sst sich einklappen, was das Stapeln erleichtert. Es gibt drei \u00d6ffnungen f\u00fcr ein oder mehrere Vorh\u00e4ngeschl\u00f6sser, um einen sicheren Transport zu gew\u00e4hrleisten (nicht im Lieferumfang enthalten). Hergestellt aus robustem Polypropylen. Maximale Belastung bis [&#8230;]\n","protected":false},"featured_media":284667,"comment_status":"open","ping_status":"closed","template":"","meta":[],"product_brand":[],"product_cat":[1422],"product_tag":[],"class_list":{"0":"post-284997","1":"product","2":"type-product","3":"status-publish","4":"has-post-thumbnail","6":"product_cat-munitions-und-versorgungsboxen","8":"first","9":"instock","10":"taxable","11":"shipping-taxable","12":"purchasable","13":"product-type-simple"},"composite_virtual":false,"composite_layout":"","composite_add_to_cart_form_location":"","composite_editable_in_cart":false,"composite_sold_individually_context":"","composite_shop_price_calc":"","composite_components":[],"composite_scenarios":[],"group_of_quantity":0,"min_quantity":0,"max_quantity":"","exclude_order_quantity_value_rules":"no","exclude_category_quantity_rules":"no","combine_variations":"no","exclude_global_add_ons":[],"addons":[],"_links":{"self":[{"href":"https:\/\/www.huntersfriend.eu\/de\/wp-json\/wp\/v2\/product\/284997","targetHints":{"allow":["GET"]}}],"collection":[{"href":"https:\/\/www.huntersfriend.eu\/de\/wp-json\/wp\/v2\/product"}],"about":[{"href":"https:\/\/www.huntersfriend.eu\/de\/wp-json\/wp\/v2\/types\/product"}],"replies":[{"embeddable":true,"href":"https:\/\/www.huntersfriend.eu\/de\/wp-json\/wp\/v2\/comments?post=284997"}],"wp:featuredmedia":[{"embeddable":true,"href":"https:\/\/www.huntersfriend.eu\/de\/wp-json\/wp\/v2\/media\/284667"}],"wp:attachment":[{"href":"https:\/\/www.huntersfriend.eu\/de\/wp-json\/wp\/v2\/media?parent=284997"}],"wp:term":[{"taxonomy":"product_brand","embeddable":true,"href":"https:\/\/www.huntersfriend.eu\/de\/wp-json\/wp\/v2\/product_brand?post=284997"},{"taxonomy":"product_cat","embeddable":true,"href":"https:\/\/www.huntersfriend.eu\/de\/wp-json\/wp\/v2\/product_cat?post=284997"},{"taxonomy":"product_tag","embeddable":true,"href":"https:\/\/www.huntersfriend.eu\/de\/wp-json\/wp\/v2\/product_tag?post=284997"}],"curies":[{"name":"wp","href":"https:\/\/api.w.org\/{rel}","templated":true}]}}