{"id":284996,"date":"2025-08-06T00:38:14","date_gmt":"2025-08-14T10:37:31","guid":{"rendered":"https:\/\/www.huntersfriend.eu\/product\/mtm-acr7-munitionskiste\/"},"modified":"2025-08-14T12:37:31","modified_gmt":"2025-08-14T10:37:31","slug":"mtm-acr7-munitionskiste","status":"publish","type":"product","link":"https:\/\/www.huntersfriend.eu\/de\/produkt\/mtm-acr7-munitionskiste\/","title":{"rendered":"MTM ACR7 Munitionskiste"},"content":{"rendered":"<p>Die MTM ACR7 ist eine Universall\u00f6sung f\u00fcr den Transport von Ausr\u00fcstung und Munition. Sie ist aus robustem Kunststoff mit einem O-Ring gefertigt, um sie spritzwassergesch\u00fctzt zu machen. Zwei Griffe und zwei Verschl\u00fcsse erleichtern die Handhabung. Um unbefugten Zugriff zu verhindern, kann die MTM ACR7 mit einem oder zwei Vorh\u00e4ngeschl\u00f6ssern (nicht im Lieferumfang enthalten) gesichert werden. Abmessungen ca. 31,5 x 22 x 21,5 cm innen und ca. 44 x 27 x 23 cm au\u00dfen (L x B x H). H\u00f6chstlast 30 kg. Gewicht 1,2 kg. Lieferung ohne Inhalt.       <\/p>\n","protected":false},"excerpt":{"rendered":"<p>Die MTM ACR7 ist eine Universall\u00f6sung f\u00fcr den Transport von Ausr\u00fcstung und Munition. Sie ist aus robustem Kunststoff mit einem O-Ring gefertigt, um sie spritzwassergesch\u00fctzt zu machen. Zwei Griffe und zwei Verschl\u00fcsse erleichtern die Handhabung. Um unbefugten Zugriff zu verhindern, kann die MTM ACR7 mit einem oder zwei Vorh\u00e4ngeschl\u00f6ssern (nicht im Lieferumfang enthalten) gesichert werden. [&#8230;]\n","protected":false},"featured_media":284674,"comment_status":"open","ping_status":"closed","template":"","meta":[],"product_brand":[],"product_cat":[1422],"product_tag":[],"class_list":{"0":"post-284996","1":"product","2":"type-product","3":"status-publish","4":"has-post-thumbnail","6":"product_cat-munitions-und-versorgungsboxen","7":"product_shipping_class-medium-de","9":"first","10":"instock","11":"taxable","12":"shipping-taxable","13":"purchasable","14":"product-type-simple"},"composite_virtual":false,"composite_layout":"","composite_add_to_cart_form_location":"","composite_editable_in_cart":false,"composite_sold_individually_context":"","composite_shop_price_calc":"","composite_components":[],"composite_scenarios":[],"group_of_quantity":0,"min_quantity":0,"max_quantity":"","exclude_order_quantity_value_rules":"no","exclude_category_quantity_rules":"no","combine_variations":"no","exclude_global_add_ons":[],"addons":[],"_links":{"self":[{"href":"https:\/\/www.huntersfriend.eu\/de\/wp-json\/wp\/v2\/product\/284996","targetHints":{"allow":["GET"]}}],"collection":[{"href":"https:\/\/www.huntersfriend.eu\/de\/wp-json\/wp\/v2\/product"}],"about":[{"href":"https:\/\/www.huntersfriend.eu\/de\/wp-json\/wp\/v2\/types\/product"}],"replies":[{"embeddable":true,"href":"https:\/\/www.huntersfriend.eu\/de\/wp-json\/wp\/v2\/comments?post=284996"}],"wp:featuredmedia":[{"embeddable":true,"href":"https:\/\/www.huntersfriend.eu\/de\/wp-json\/wp\/v2\/media\/284674"}],"wp:attachment":[{"href":"https:\/\/www.huntersfriend.eu\/de\/wp-json\/wp\/v2\/media?parent=284996"}],"wp:term":[{"taxonomy":"product_brand","embeddable":true,"href":"https:\/\/www.huntersfriend.eu\/de\/wp-json\/wp\/v2\/product_brand?post=284996"},{"taxonomy":"product_cat","embeddable":true,"href":"https:\/\/www.huntersfriend.eu\/de\/wp-json\/wp\/v2\/product_cat?post=284996"},{"taxonomy":"product_tag","embeddable":true,"href":"https:\/\/www.huntersfriend.eu\/de\/wp-json\/wp\/v2\/product_tag?post=284996"}],"curies":[{"name":"wp","href":"https:\/\/api.w.org\/{rel}","templated":true}]}}