{"id":284995,"date":"2025-07-31T13:47:36","date_gmt":"2025-08-14T10:37:30","guid":{"rendered":"https:\/\/www.huntersfriend.eu\/product\/primos-apex-waffenhalterung\/"},"modified":"2025-08-14T12:37:30","modified_gmt":"2025-08-14T10:37:30","slug":"primos-apex-waffenhalterung","status":"publish","type":"product","link":"https:\/\/www.huntersfriend.eu\/de\/produkt\/primos-apex-waffenhalterung\/","title":{"rendered":"Primos Apex Waffenhalterung"},"content":{"rendered":"<p data-start=\"113\" data-end=\"424\"><strong data-start=\"113\" data-end=\"151\">Primos TriggerStick Apex Waffenhalterung<\/strong><br data-start=\"151\" data-end=\"154\">Eine optimierte Wahl f\u00fcr alle, die das Primos TriggerStick Apex Stativ verwenden und ihrem Setup eine pr\u00e4zise und stabile Waffenauflage hinzuf\u00fcgen m\u00f6chten. Diese Pr\u00e4zisionsklemme wurde speziell f\u00fcr das Apex-Modell entwickelt \u2013 <strong data-start=\"374\" data-end=\"382\">nur<\/strong> damit kompatibel und <strong data-start=\"396\" data-end=\"403\">nicht<\/strong> mit den Modellen GEN 1\u20133. <\/p>\n<p data-start=\"426\" data-end=\"694\">Leicht und dennoch robust bietet diese Klemme eine sichere Unterst\u00fctzung f\u00fcr Schusswaffen. Sie passt f\u00fcr Schaftbreiten von 1,5\u2033 bis 3,5\u2033 (3,81 cm \u2013 8,89 cm) und verwendet einen Verriegelungsmechanismus f\u00fcr einen festen und sicheren Halt. Das weiche Gummi im Inneren sch\u00fctzt den Schaft vor Kratzern und \u00dcberziehen.  <\/p>\n<hr data-start=\"696\" data-end=\"699\">\n<h3 data-start=\"701\" data-end=\"726\">Merkmale und Vorteile<\/h3>\n<ul data-start=\"728\" data-end=\"1348\">\n<li data-start=\"728\" data-end=\"883\">\n<p data-start=\"730\" data-end=\"883\"><strong data-start=\"730\" data-end=\"763\">Entwickelt f\u00fcr das Apex-Stativ:<\/strong> Nur kompatibel mit dem Primos TriggerStick Apex Carbon Fiber Stativ \u2013 <em data-start=\"836\" data-end=\"841\">nicht<\/em> kompatibel mit fr\u00fcheren GEN 1\u20133 Modellen.<\/p>\n<\/li>\n<li data-start=\"884\" data-end=\"983\">\n<p data-start=\"886\" data-end=\"983\"><strong data-start=\"886\" data-end=\"909\">Breite Kompatibilit\u00e4t:<\/strong> Passend f\u00fcr Schusswaffen mit Schaftbreiten zwischen 1,5\u2033 und 3,5\u2033 (3,81 \u2013 8,89 cm).<\/p>\n<\/li>\n<li data-start=\"984\" data-end=\"1094\">\n<p data-start=\"986\" data-end=\"1094\"><strong data-start=\"986\" data-end=\"1005\">Sichere Verriegelung:<\/strong> Der Verriegelungsmechanismus und die Gummierung sorgen f\u00fcr einen festen Halt ohne Kratzer oder Verrutschen.<\/p>\n<\/li>\n<li data-start=\"1095\" data-end=\"1228\">\n<p data-start=\"1097\" data-end=\"1228\"><strong data-start=\"1097\" data-end=\"1119\">Vielseitiger Adapter:<\/strong> Das \u00bc\u2033\u201120-Gewinde erm\u00f6glicht die Anbringung einer Kamera, eines Spektivs oder eines Bino-Adapters, wenn die Waffenhalterung entfernt wird.<\/p>\n<\/li>\n<li data-start=\"1229\" data-end=\"1348\">\n<p data-start=\"1231\" data-end=\"1348\"><strong data-start=\"1231\" data-end=\"1272\">Robuste und leichte Konstruktion:<\/strong> Hergestellt aus starkem Polymer, wiegt weniger als 1 kg \u2013 ideal f\u00fcr den Einsatz im Freien.<\/p>\n<\/li>\n<\/ul>\n<hr data-start=\"1350\" data-end=\"1353\">\n<h3 data-start=\"1355\" data-end=\"1375\">F\u00fcr wen ist das?<\/h3>\n<p data-start=\"1377\" data-end=\"1674\">Diese Klemme ist ideal f\u00fcr <strong data-start=\"1401\" data-end=\"1435\">J\u00e4ger und Pr\u00e4zisionssch\u00fctzen<\/strong>, die eine stabile Schussposition mit einem Stativ gew\u00e4hrleisten m\u00f6chten. Sie erm\u00f6glicht einen schnellen und sicheren Wechsel zwischen Schusswaffen und Optiken \u2013 was sie zu einer gro\u00dfartigen Erg\u00e4nzung f\u00fcr den Feldeinsatz, das taktische Schie\u00dfen oder die Jagd macht, wo Geschwindigkeit und Stabilit\u00e4t unerl\u00e4sslich sind. <\/p>\n<hr data-start=\"1676\" data-end=\"1679\">\n<h3 data-start=\"1681\" data-end=\"1711\">Warum diese Waffenhalterung w\u00e4hlen?<\/h3>\n<ul data-start=\"1713\" data-end=\"2003\">\n<li data-start=\"1713\" data-end=\"1767\">\n<p data-start=\"1715\" data-end=\"1767\">Schnelle, werkzeuglose Befestigung am Apex-Stativkopf<\/p>\n<\/li>\n<li data-start=\"1768\" data-end=\"1821\">\n<p data-start=\"1770\" data-end=\"1821\">Sichere, pr\u00e4zise Verriegelung h\u00e4lt Ihre Schusswaffe fest<\/p>\n<\/li>\n<li data-start=\"1822\" data-end=\"1880\">\n<p data-start=\"1824\" data-end=\"1880\">Sch\u00fctzende Gummierung f\u00fcr sicheren Kontakt mit der Waffe<\/p>\n<\/li>\n<li data-start=\"1881\" data-end=\"1951\">\n<p data-start=\"1883\" data-end=\"1951\">Kompatibel mit Kameras und Fernglasadaptern, wenn die Waffe entfernt wird<\/p>\n<\/li>\n<li data-start=\"1952\" data-end=\"2003\">\n<p data-start=\"1954\" data-end=\"2003\">Leicht und kompakt \u2013 einfach zu verstauen und zu transportieren<\/p>\n<\/li>\n<\/ul>\n<hr data-start=\"2005\" data-end=\"2008\">\n<h3 data-start=\"2010\" data-end=\"2038\">Technische Daten<\/h3>\n<ul data-start=\"2040\" data-end=\"2362\">\n<li data-start=\"2040\" data-end=\"2105\">\n<p data-start=\"2042\" data-end=\"2105\"><strong data-start=\"2042\" data-end=\"2060\">Kompatibilit\u00e4t:<\/strong> Nur TriggerStick Apex Carbon Fiber Stativ<\/p>\n<\/li>\n<li data-start=\"2106\" data-end=\"2169\">\n<p data-start=\"2108\" data-end=\"2169\"><strong data-start=\"2108\" data-end=\"2126\">Tragf\u00e4higkeit:<\/strong> Unterst\u00fctzt m\u00e4\u00dfig schwere Schusswaffen-Setups<\/p>\n<\/li>\n<li data-start=\"2170\" data-end=\"2223\">\n<p data-start=\"2172\" data-end=\"2223\"><strong data-start=\"2172\" data-end=\"2192\">Passende Schaftbreite:<\/strong> 1,5\u2033\u20133,5\u2033 (ca. 38\u201389 mm)<\/p>\n<\/li>\n<li data-start=\"2224\" data-end=\"2289\">\n<p data-start=\"2226\" data-end=\"2289\"><strong data-start=\"2226\" data-end=\"2236\">Montage:<\/strong> Hebelverriegelung mit \u00bc\u2033\u201320-Gewinde f\u00fcr Optik-\/Kameranutzung<\/p>\n<\/li>\n<li data-start=\"2290\" data-end=\"2362\">\n<p data-start=\"2292\" data-end=\"2362\"><strong data-start=\"2292\" data-end=\"2307\">Schutz:<\/strong> Interne Gummierung verhindert Kratzer und Rutschen<\/p>\n<\/li>\n<\/ul>\n","protected":false},"excerpt":{"rendered":"<p>Primos TriggerStick Apex WaffenhalterungEine optimierte Wahl f\u00fcr alle, die das Primos TriggerStick Apex Stativ verwenden und ihrem Setup eine pr\u00e4zise und stabile Waffenauflage hinzuf\u00fcgen m\u00f6chten. Diese Pr\u00e4zisionsklemme wurde speziell f\u00fcr das Apex-Modell entwickelt \u2013 nur damit kompatibel und nicht mit den Modellen GEN 1\u20133. Leicht und dennoch robust bietet diese Klemme eine sichere Unterst\u00fctzung f\u00fcr [&#8230;]\n","protected":false},"featured_media":284713,"comment_status":"open","ping_status":"closed","template":"","meta":[],"product_brand":[],"product_cat":[1417],"product_tag":[],"class_list":{"0":"post-284995","1":"product","2":"type-product","3":"status-publish","4":"has-post-thumbnail","6":"product_cat-schiesauflagen","8":"first","9":"outofstock","10":"taxable","11":"shipping-taxable","12":"purchasable","13":"product-type-simple"},"composite_virtual":false,"composite_layout":"","composite_add_to_cart_form_location":"","composite_editable_in_cart":false,"composite_sold_individually_context":"","composite_shop_price_calc":"","composite_components":[],"composite_scenarios":[],"group_of_quantity":0,"min_quantity":0,"max_quantity":"","exclude_order_quantity_value_rules":"no","exclude_category_quantity_rules":"no","combine_variations":"no","exclude_global_add_ons":[],"addons":[],"_links":{"self":[{"href":"https:\/\/www.huntersfriend.eu\/de\/wp-json\/wp\/v2\/product\/284995","targetHints":{"allow":["GET"]}}],"collection":[{"href":"https:\/\/www.huntersfriend.eu\/de\/wp-json\/wp\/v2\/product"}],"about":[{"href":"https:\/\/www.huntersfriend.eu\/de\/wp-json\/wp\/v2\/types\/product"}],"replies":[{"embeddable":true,"href":"https:\/\/www.huntersfriend.eu\/de\/wp-json\/wp\/v2\/comments?post=284995"}],"wp:featuredmedia":[{"embeddable":true,"href":"https:\/\/www.huntersfriend.eu\/de\/wp-json\/wp\/v2\/media\/284713"}],"wp:attachment":[{"href":"https:\/\/www.huntersfriend.eu\/de\/wp-json\/wp\/v2\/media?parent=284995"}],"wp:term":[{"taxonomy":"product_brand","embeddable":true,"href":"https:\/\/www.huntersfriend.eu\/de\/wp-json\/wp\/v2\/product_brand?post=284995"},{"taxonomy":"product_cat","embeddable":true,"href":"https:\/\/www.huntersfriend.eu\/de\/wp-json\/wp\/v2\/product_cat?post=284995"},{"taxonomy":"product_tag","embeddable":true,"href":"https:\/\/www.huntersfriend.eu\/de\/wp-json\/wp\/v2\/product_tag?post=284995"}],"curies":[{"name":"wp","href":"https:\/\/api.w.org\/{rel}","templated":true}]}}