{"id":284644,"date":"2025-07-30T11:23:55","date_gmt":"2025-07-30T09:23:55","guid":{"rendered":"https:\/\/www.huntersfriend.eu\/product\/rogers-toughman-2n1-wathose-mo-habitat\/"},"modified":"2026-04-12T16:44:52","modified_gmt":"2026-04-12T14:44:52","slug":"rogers-toughman-2n1-wathose-mo-habitat","status":"publish","type":"product","link":"https:\/\/www.huntersfriend.eu\/de\/produkt\/rogers-toughman-2n1-wathose-mo-habitat\/","title":{"rendered":"Rogers Toughman 2N1 Wathose MO Habitat"},"content":{"rendered":"<h1>Toughman 2-in-1 isolierte, atmungsaktive Wathose &#8211; Mossy Oak Habitat Camo<\/h1>\n<p>Dies ist unsere meistverkaufte Wathose, weil sie das beste Preis-Leistungs-Verh\u00e4ltnis bietet! Das 2-in-1-System erm\u00f6glicht es Ihnen, die ganze Saison \u00fcber bequem zu jagen. Entfernen Sie das Isolationsfutter f\u00fcr Ihre Jagden in der fr\u00fchen Saison und ziehen Sie es wieder ein, wenn es k\u00e4lter wird. Das atmungsaktive Material bietet volle Bewegungsfreiheit und Komfort. Das abriebfeste Nylon an Schienbein, Knien und Ges\u00e4\u00df sch\u00fctzt Ihre Wathose vor unerw\u00fcnschter Abnutzung im Feld. Kalte F\u00fc\u00dfe geh\u00f6ren mit den verbesserten, mit 1600 Gramm Thinsulate gef\u00fctterten Stiefeln der Vergangenheit an. Wir sind zuversichtlich, dass dies Ihre n\u00e4chste Lieblingswathose sein wird! Sind Sie versehentlich zu tief getreten und haben Ihre Wathose eingetaucht? Ziehen Sie einfach die Isolierung heraus und werfen Sie sie bei niedrigster Hitzestufe in den Trockner.        <\/p>\n<h2>Merkmale<\/h2>\n<ul>\n<li>Verstellbare Schultergurte<\/li>\n<li>Unauff\u00e4llige Schnellverschluss-Schl\u00fcsselanh\u00e4nger<\/li>\n<li>120 Gramm herausnehmbares Futter<\/li>\n<li>1600 Gramm Stiefel<\/li>\n<li>Interne wasserabweisende Handytasche<\/li>\n<li>Externe, mit Fleece gef\u00fctterte Handw\u00e4rmertasche<\/li>\n<li>Externe Aufbewahrungstasche mit Rei\u00dfverschluss<\/li>\n<li>10 Patronenschlaufen<\/li>\n<li>Hochbelastbares, abriebfestes Nylon an Schienbein, Knien und Ges\u00e4\u00df<\/li>\n<li>Seitliche Zuggurte<\/li>\n<li>Kordelzug oben<\/li>\n<li>D-Ringe<\/li>\n<\/ul>\n","protected":false},"excerpt":{"rendered":"<p>Toughman 2-in-1 isolierte, atmungsaktive Wathose &#8211; Mossy Oak Habitat Camo Dies ist unsere meistverkaufte Wathose, weil sie das beste Preis-Leistungs-Verh\u00e4ltnis bietet! Das 2-in-1-System erm\u00f6glicht es Ihnen, die ganze Saison \u00fcber bequem zu jagen. Entfernen Sie das Isolationsfutter f\u00fcr Ihre Jagden in der fr\u00fchen Saison und ziehen Sie es wieder ein, wenn es k\u00e4lter wird. Das [&#8230;]\n","protected":false},"featured_media":284627,"comment_status":"open","ping_status":"closed","template":"","meta":[],"product_brand":[],"product_cat":[1387],"product_tag":[],"class_list":{"0":"post-284644","1":"product","2":"type-product","3":"status-publish","4":"has-post-thumbnail","6":"product_cat-wathosen","7":"product_shipping_class-medium-de","9":"first","10":"instock","11":"sale","12":"featured","13":"taxable","14":"shipping-taxable","15":"purchasable","16":"product-type-variable"},"composite_virtual":false,"composite_layout":"","composite_add_to_cart_form_location":"","composite_editable_in_cart":false,"composite_sold_individually_context":"","composite_shop_price_calc":"","composite_components":[],"composite_scenarios":[],"group_of_quantity":0,"min_quantity":0,"max_quantity":"","exclude_order_quantity_value_rules":"no","exclude_category_quantity_rules":"no","combine_variations":"no","exclude_global_add_ons":[],"addons":[],"_links":{"self":[{"href":"https:\/\/www.huntersfriend.eu\/de\/wp-json\/wp\/v2\/product\/284644","targetHints":{"allow":["GET"]}}],"collection":[{"href":"https:\/\/www.huntersfriend.eu\/de\/wp-json\/wp\/v2\/product"}],"about":[{"href":"https:\/\/www.huntersfriend.eu\/de\/wp-json\/wp\/v2\/types\/product"}],"replies":[{"embeddable":true,"href":"https:\/\/www.huntersfriend.eu\/de\/wp-json\/wp\/v2\/comments?post=284644"}],"wp:featuredmedia":[{"embeddable":true,"href":"https:\/\/www.huntersfriend.eu\/de\/wp-json\/wp\/v2\/media\/284627"}],"wp:attachment":[{"href":"https:\/\/www.huntersfriend.eu\/de\/wp-json\/wp\/v2\/media?parent=284644"}],"wp:term":[{"taxonomy":"product_brand","embeddable":true,"href":"https:\/\/www.huntersfriend.eu\/de\/wp-json\/wp\/v2\/product_brand?post=284644"},{"taxonomy":"product_cat","embeddable":true,"href":"https:\/\/www.huntersfriend.eu\/de\/wp-json\/wp\/v2\/product_cat?post=284644"},{"taxonomy":"product_tag","embeddable":true,"href":"https:\/\/www.huntersfriend.eu\/de\/wp-json\/wp\/v2\/product_tag?post=284644"}],"curies":[{"name":"wp","href":"https:\/\/api.w.org\/{rel}","templated":true}]}}