{"id":284579,"date":"2025-06-16T23:54:13","date_gmt":"2025-08-07T11:32:08","guid":{"rendered":"https:\/\/www.huntersfriend.eu\/product\/alps-outdoorz-loafing-stuhl\/"},"modified":"2025-08-07T13:32:08","modified_gmt":"2025-08-07T11:32:08","slug":"alps-outdoorz-loafing-stuhl","status":"publish","type":"product","link":"https:\/\/www.huntersfriend.eu\/de\/produkt\/alps-outdoorz-loafing-stuhl\/","title":{"rendered":"Alps Outdoorz Loafing Stuhl"},"content":{"rendered":"<p>Es ist leicht zu verstehen, warum dieser attraktive Campingstuhl unser meistverkaufter Stuhl ist. Er ist nicht nur stabiler und breiter als die meisten transportablen St\u00fchle, was ihn komfortabler macht, sondern er hat auch gepolsterte, gebogene Armlehnen, einen pulverbeschichteten Rahmen und einen Getr\u00e4nkehalter\/eine Tasche, was dem Stuhl alle Funktionen verleiht, die man sich w\u00fcnschen kann. Der DU Loafing Chair l\u00e4sst sich flach zusammenlegen, um ihn zu transportieren und zu lagern, und \u201espringt\u201c auf, wenn Sie sich zur\u00fccklehnen und entspannen m\u00f6chten. Der hintere Rahmen ist jetzt abnehmbar, so dass die Pack- und Lagergr\u00f6\u00dfe reduziert wird! Dies ist ein gro\u00dfartiger Stuhl f\u00fcr Camping, Sportveranstaltungen, Grillpartys und einfach nur zum Sitzen auf Ihrer Terrasse.    <\/p>\n<ul>\n<li>600D Polyester mit verst\u00e4rkter TechMesh-Mitte<\/li>\n<li>Die h\u00f6here R\u00fcckenlehne bietet mehr Komfort<\/li>\n<li>Pro-Tec pulverbeschichteter Aluminiumrahmen<\/li>\n<li>Stabile Stahlrohre und -verbinder<\/li>\n<li>Abnehmbarer hinterer Rahmen<\/li>\n<li>\u00dcbergro\u00dfer Getr\u00e4nkehalter<\/li>\n<\/ul>\n<table>\n<tbody>\n<tr>\n<th scope=\"row\">Sitzbreite<\/th>\n<td>19&#8243;<\/td>\n<\/tr>\n<tr>\n<th scope=\"row\">Sitztiefe<\/th>\n<td>16&#8243;<\/td>\n<\/tr>\n<tr>\n<th scope=\"row\">Sitzh\u00f6he<\/th>\n<td>17.5&#8243;<\/td>\n<\/tr>\n<tr>\n<th scope=\"row\">H\u00f6he der R\u00fcckenlehne<\/th>\n<td>19.5&#8243;<\/td>\n<\/tr>\n<tr>\n<th scope=\"row\">Gefaltete Gr\u00f6\u00dfe<\/th>\n<td>30&#8243; L x 23&#8243; W x 6.5&#8243; H<\/td>\n<\/tr>\n<tr>\n<th scope=\"row\">Gewicht<\/th>\n<td>11 lbs.<\/td>\n<\/tr>\n<tr>\n<th scope=\"row\">Gewichtskapazit\u00e4t<\/th>\n<td>425 lbs.<\/td>\n<\/tr>\n<\/tbody>\n<\/table>\n","protected":false},"excerpt":{"rendered":"<p>Es ist leicht zu verstehen, warum dieser attraktive Campingstuhl unser meistverkaufter Stuhl ist. Er ist nicht nur stabiler und breiter als die meisten transportablen St\u00fchle, was ihn komfortabler macht, sondern er hat auch gepolsterte, gebogene Armlehnen, einen pulverbeschichteten Rahmen und einen Getr\u00e4nkehalter\/eine Tasche, was dem Stuhl alle Funktionen verleiht, die man sich w\u00fcnschen kann. Der [&#8230;]\n","protected":false},"featured_media":284410,"comment_status":"open","ping_status":"closed","template":"","meta":[],"product_brand":[],"product_cat":[2050,1171],"product_tag":[],"class_list":{"0":"post-284579","1":"product","2":"type-product","3":"status-publish","4":"has-post-thumbnail","6":"product_cat-campingzubehor","7":"product_cat-sitz-und-schirm-zubehoer","9":"first","10":"instock","11":"taxable","12":"shipping-taxable","13":"purchasable","14":"product-type-simple"},"composite_virtual":false,"composite_layout":"","composite_add_to_cart_form_location":"","composite_editable_in_cart":false,"composite_sold_individually_context":"","composite_shop_price_calc":"","composite_components":[],"composite_scenarios":[],"group_of_quantity":0,"min_quantity":0,"max_quantity":"","exclude_order_quantity_value_rules":"no","exclude_category_quantity_rules":"no","combine_variations":"no","exclude_global_add_ons":[],"addons":[],"_links":{"self":[{"href":"https:\/\/www.huntersfriend.eu\/de\/wp-json\/wp\/v2\/product\/284579","targetHints":{"allow":["GET"]}}],"collection":[{"href":"https:\/\/www.huntersfriend.eu\/de\/wp-json\/wp\/v2\/product"}],"about":[{"href":"https:\/\/www.huntersfriend.eu\/de\/wp-json\/wp\/v2\/types\/product"}],"replies":[{"embeddable":true,"href":"https:\/\/www.huntersfriend.eu\/de\/wp-json\/wp\/v2\/comments?post=284579"}],"wp:featuredmedia":[{"embeddable":true,"href":"https:\/\/www.huntersfriend.eu\/de\/wp-json\/wp\/v2\/media\/284410"}],"wp:attachment":[{"href":"https:\/\/www.huntersfriend.eu\/de\/wp-json\/wp\/v2\/media?parent=284579"}],"wp:term":[{"taxonomy":"product_brand","embeddable":true,"href":"https:\/\/www.huntersfriend.eu\/de\/wp-json\/wp\/v2\/product_brand?post=284579"},{"taxonomy":"product_cat","embeddable":true,"href":"https:\/\/www.huntersfriend.eu\/de\/wp-json\/wp\/v2\/product_cat?post=284579"},{"taxonomy":"product_tag","embeddable":true,"href":"https:\/\/www.huntersfriend.eu\/de\/wp-json\/wp\/v2\/product_tag?post=284579"}],"curies":[{"name":"wp","href":"https:\/\/api.w.org\/{rel}","templated":true}]}}