{"id":284578,"date":"2025-06-16T23:54:13","date_gmt":"2025-08-07T11:32:07","guid":{"rendered":"https:\/\/www.huntersfriend.eu\/product\/alps-outdoorz-wing-shooter-blind-bag\/"},"modified":"2025-08-07T13:32:07","modified_gmt":"2025-08-07T11:32:07","slug":"alps-outdoorz-wing-shooter-blind-bag","status":"publish","type":"product","link":"https:\/\/www.huntersfriend.eu\/de\/produkt\/alps-outdoorz-wing-shooter-blind-bag\/","title":{"rendered":"Alps Outdoorz Wing-Shooter Blind Bag"},"content":{"rendered":"<p>Klassischer Stil trifft auf zweckorientierte Funktionalit\u00e4t, wenn Sie diesen Favoriten der Fl\u00fcgelsch\u00fctzen mit ins Feld nehmen. Das zeitlose und robuste Design ist auf Langlebigkeit ausgelegt und im Holz, im Versteck oder auf dem Schie\u00dfstand grundlegend funktional. Der vollst\u00e4ndig wasserdichte, geformte Schaumboden h\u00e4lt das Innere knochentrocken, egal unter welchen Bedingungen. Die weit zu \u00f6ffnende Werkzeugtasche bietet bequemen Zugriff auf die Ausr\u00fcstung im \u00fcbergro\u00dfen offenen Fach, damit Sie bei all Ihren Vorhaben schnell am Abzug sind.   <\/p>\n<p>Pflegehinweise: Mit zunehmendem Alter des gewachsten Stoffes entwickelt sich eine ansehnliche und abgenutzte Patina. \u00c4hnlich wie bei Leder empfehlen wir die Reinigung mit einem feuchten Tuch. Die Konditionierung, das Nachwachsen oder die Aufarbeitung des Oberstoffes kann bei Bedarf mehr als einmal pro Jahr mit geeignetem Paraffin- oder Sojawachs erfolgen.  <\/p>\n<ul>\n<li>Klassisches, gewachstes 16-oz-Baumwollcanvas-Material ist robust, strapazierf\u00e4hig und hoch wasserabweisend <\/li>\n<li>Das Design des Hauptfachs mit \u201ePop-Open\u201c erm\u00f6glicht einen einfachen Zugriff auf die Ausr\u00fcstung<\/li>\n<li>Zwei \u201eoffen haltende\u201c Patronentaschen f\u00fcr einfachen und schnellen Zugriff auf Patronen und andere Ausr\u00fcstung<\/li>\n<li>Wasserdichte, geformte Bodenplatte, um dem Hauptfach zus\u00e4tzlichen Schutz zu bieten, wenn es in nassen Feldern steht<\/li>\n<li>Messingrei\u00dfverschl\u00fcsse und -beschl\u00e4ge mit Lederbesatz<\/li>\n<\/ul>\n<table>\n<tbody>\n<tr>\n<th scope=\"row\">Abmessungen<\/th>\n<td>27,9 cm H x 45,7 cm B x 24,8 cm T<\/td>\n<\/tr>\n<tr>\n<th scope=\"row\">Gewicht<\/th>\n<td>2,3 kg<\/td>\n<\/tr>\n<\/tbody>\n<\/table>\n","protected":false},"excerpt":{"rendered":"<p>Klassischer Stil trifft auf zweckorientierte Funktionalit\u00e4t, wenn Sie diesen Favoriten der Fl\u00fcgelsch\u00fctzen mit ins Feld nehmen. Das zeitlose und robuste Design ist auf Langlebigkeit ausgelegt und im Holz, im Versteck oder auf dem Schie\u00dfstand grundlegend funktional. Der vollst\u00e4ndig wasserdichte, geformte Schaumboden h\u00e4lt das Innere knochentrocken, egal unter welchen Bedingungen. Die weit zu \u00f6ffnende Werkzeugtasche bietet [&#8230;]\n","protected":false},"featured_media":284471,"comment_status":"open","ping_status":"closed","template":"","meta":[],"product_brand":[],"product_cat":[1774],"product_tag":[],"class_list":{"0":"post-284578","1":"product","2":"type-product","3":"status-publish","4":"has-post-thumbnail","6":"product_cat-jagd-rucksacke","8":"first","9":"instock","10":"taxable","11":"shipping-taxable","12":"purchasable","13":"product-type-simple"},"composite_virtual":false,"composite_layout":"","composite_add_to_cart_form_location":"","composite_editable_in_cart":false,"composite_sold_individually_context":"","composite_shop_price_calc":"","composite_components":[],"composite_scenarios":[],"group_of_quantity":0,"min_quantity":0,"max_quantity":"","exclude_order_quantity_value_rules":"no","exclude_category_quantity_rules":"no","combine_variations":"no","exclude_global_add_ons":[],"addons":[],"_links":{"self":[{"href":"https:\/\/www.huntersfriend.eu\/de\/wp-json\/wp\/v2\/product\/284578","targetHints":{"allow":["GET"]}}],"collection":[{"href":"https:\/\/www.huntersfriend.eu\/de\/wp-json\/wp\/v2\/product"}],"about":[{"href":"https:\/\/www.huntersfriend.eu\/de\/wp-json\/wp\/v2\/types\/product"}],"replies":[{"embeddable":true,"href":"https:\/\/www.huntersfriend.eu\/de\/wp-json\/wp\/v2\/comments?post=284578"}],"wp:featuredmedia":[{"embeddable":true,"href":"https:\/\/www.huntersfriend.eu\/de\/wp-json\/wp\/v2\/media\/284471"}],"wp:attachment":[{"href":"https:\/\/www.huntersfriend.eu\/de\/wp-json\/wp\/v2\/media?parent=284578"}],"wp:term":[{"taxonomy":"product_brand","embeddable":true,"href":"https:\/\/www.huntersfriend.eu\/de\/wp-json\/wp\/v2\/product_brand?post=284578"},{"taxonomy":"product_cat","embeddable":true,"href":"https:\/\/www.huntersfriend.eu\/de\/wp-json\/wp\/v2\/product_cat?post=284578"},{"taxonomy":"product_tag","embeddable":true,"href":"https:\/\/www.huntersfriend.eu\/de\/wp-json\/wp\/v2\/product_tag?post=284578"}],"curies":[{"name":"wp","href":"https:\/\/api.w.org\/{rel}","templated":true}]}}