{"id":284518,"date":"2025-08-07T11:16:15","date_gmt":"2025-08-07T11:08:55","guid":{"rendered":"https:\/\/www.huntersfriend.eu\/product\/kicks-howler-chokes\/"},"modified":"2026-03-20T13:32:42","modified_gmt":"2026-03-20T11:32:42","slug":"kicks-howler-chokes","status":"publish","type":"product","link":"https:\/\/www.huntersfriend.eu\/de\/produkt\/kicks-howler-chokes\/","title":{"rendered":"Kicks Howler Chokes"},"content":{"rendered":"<p data-start=\"51\" data-end=\"368\"><strong data-start=\"51\" data-end=\"67\">Kicks Howler<\/strong> ist ein Choke, der speziell f\u00fcr das Schie\u00dfen mit Wolframschrot entwickelt wurde, aber auch mit Blei, Stahl, Wismut und Kupfer verwendet werden kann. Der Howler wurde auf Wunsch unserer Kunden in unser Sortiment aufgenommen. Dar\u00fcber hinaus haben wir den Choke in Finnland gemessen und testgeschossen, um zu best\u00e4tigen, dass er tats\u00e4chlich f\u00fcr diesen Zweck geeignet ist.  <\/p>\n<p data-start=\"370\" data-end=\"602\">Der portierte Howler Aftermarket-Choke wird aus hochwertigen Materialien hergestellt. Er ist aus w\u00e4rmebehandeltem 17-4PH-Edelstahl gefertigt. Der Herstellungsprozess verwendet die neueste computergesteuerte Technologie und hohe Standards.  <\/p>\n<p data-start=\"604\" data-end=\"674\">Der Choke wurde speziell f\u00fcr die Jagd auf kleine und gro\u00dfe Raubtiere entwickelt.<\/p>\n<p data-start=\"676\" data-end=\"1025\">Aufgrund seiner Struktur reduziert der Choke den R\u00fccksto\u00df und erm\u00f6glicht schnellere Folgesch\u00fcsse. Er verbessert auch die Schussmuster um bis zu 20 % im Vergleich zum Original-Choke. Der Kicks Aftermarket-Choke ist f\u00fcr die Verwendung mit fabrikgefertigter Munition ausgelegt, sodass Benutzer und Wiederlader von handgeladener Munition allein f\u00fcr alle Probleme verantwortlich sind, die durch ihre Patronen verursacht werden.  <\/p>\n<p data-start=\"1027\" data-end=\"1073\">Mattschwarze Beschichtung. Kann von Hand festgezogen werden. <\/p>\n<p data-start=\"1075\" data-end=\"1117\">Erh\u00e4ltlich mit den folgenden Gewindearten:<\/p>\n<ul data-start=\"1119\" data-end=\"1241\">\n<li data-start=\"1119\" data-end=\"1136\">\n<p data-start=\"1121\" data-end=\"1136\">Benelli Crio+<\/p>\n<\/li>\n<li data-start=\"1137\" data-end=\"1167\">\n<p data-start=\"1139\" data-end=\"1167\">Beretta\/Benelli Mobilchoke<\/p>\n<\/li>\n<li data-start=\"1168\" data-end=\"1187\">\n<p data-start=\"1170\" data-end=\"1187\">Beretta Optima+<\/p>\n<\/li>\n<li data-start=\"1188\" data-end=\"1212\">\n<p data-start=\"1190\" data-end=\"1212\">Invector+ (Browning)<\/p>\n<\/li>\n<li data-start=\"1213\" data-end=\"1226\">\n<p data-start=\"1215\" data-end=\"1226\">Remington<\/p>\n<\/li>\n<li data-start=\"1227\" data-end=\"1241\">\n<p data-start=\"1229\" data-end=\"1241\">Winchester<\/p>\n<\/li>\n<\/ul>\n<p data-start=\"1243\" data-end=\"1560\">Der Kicks Howler wird mit einem Verengungsgrad von Howler H (Hevi-Shot) geliefert, was im Wesentlichen <strong data-start=\"1338\" data-end=\"1364\">Improved Modified (IM)<\/strong> entspricht. Stellen Sie immer sicher, dass das Kicks Aftermarket-Chokegewinde mit Ihrer Schusswaffe kompatibel ist. Sie k\u00f6nnen den korrekten Choke \u00fcberpr\u00fcfen, indem Sie die Markierungen auf dem originalen, austauschbaren Choke Ihrer Schusswaffe \u00fcberpr\u00fcfen.  <\/p>\n<p data-start=\"1562\" data-end=\"1759\"><strong data-start=\"1562\" data-end=\"1571\">HINWEIS:<\/strong> Der Kicks Howler Choke wird <strong data-start=\"1598\" data-end=\"1618\">nicht f\u00fcr<\/strong> Schusswaffen mit <strong data-start=\"1637\" data-end=\"1658\">Beretta Optima HP<\/strong> Gewinde hergestellt. Eine vollst\u00e4ndig identische Alternative ist der <strong data-start=\"1707\" data-end=\"1758\">Kicks Buck Kicker Beretta Optima HP, Light Full<\/strong>. <\/p>\n","protected":false},"excerpt":{"rendered":"<p>Kicks Howler ist ein Choke, der speziell f\u00fcr das Schie\u00dfen mit Wolframschrot entwickelt wurde, aber auch mit Blei, Stahl, Wismut und Kupfer verwendet werden kann. Der Howler wurde auf Wunsch unserer Kunden in unser Sortiment aufgenommen. Dar\u00fcber hinaus haben wir den Choke in Finnland gemessen und testgeschossen, um zu best\u00e4tigen, dass er tats\u00e4chlich f\u00fcr diesen [&#8230;]\n","protected":false},"featured_media":284396,"comment_status":"open","ping_status":"closed","template":"","meta":[],"product_brand":[],"product_cat":[1423],"product_tag":[],"class_list":{"0":"post-284518","1":"product","2":"type-product","3":"status-publish","4":"has-post-thumbnail","6":"product_cat-chokes","8":"first","9":"instock","10":"taxable","11":"shipping-taxable","12":"purchasable","13":"product-type-variable"},"composite_virtual":false,"composite_layout":"","composite_add_to_cart_form_location":"","composite_editable_in_cart":false,"composite_sold_individually_context":"","composite_shop_price_calc":"","composite_components":[],"composite_scenarios":[],"group_of_quantity":0,"min_quantity":0,"max_quantity":"","exclude_order_quantity_value_rules":"no","exclude_category_quantity_rules":"no","combine_variations":"no","exclude_global_add_ons":[],"addons":[],"_links":{"self":[{"href":"https:\/\/www.huntersfriend.eu\/de\/wp-json\/wp\/v2\/product\/284518","targetHints":{"allow":["GET"]}}],"collection":[{"href":"https:\/\/www.huntersfriend.eu\/de\/wp-json\/wp\/v2\/product"}],"about":[{"href":"https:\/\/www.huntersfriend.eu\/de\/wp-json\/wp\/v2\/types\/product"}],"replies":[{"embeddable":true,"href":"https:\/\/www.huntersfriend.eu\/de\/wp-json\/wp\/v2\/comments?post=284518"}],"wp:featuredmedia":[{"embeddable":true,"href":"https:\/\/www.huntersfriend.eu\/de\/wp-json\/wp\/v2\/media\/284396"}],"wp:attachment":[{"href":"https:\/\/www.huntersfriend.eu\/de\/wp-json\/wp\/v2\/media?parent=284518"}],"wp:term":[{"taxonomy":"product_brand","embeddable":true,"href":"https:\/\/www.huntersfriend.eu\/de\/wp-json\/wp\/v2\/product_brand?post=284518"},{"taxonomy":"product_cat","embeddable":true,"href":"https:\/\/www.huntersfriend.eu\/de\/wp-json\/wp\/v2\/product_cat?post=284518"},{"taxonomy":"product_tag","embeddable":true,"href":"https:\/\/www.huntersfriend.eu\/de\/wp-json\/wp\/v2\/product_tag?post=284518"}],"curies":[{"name":"wp","href":"https:\/\/api.w.org\/{rel}","templated":true}]}}