{"id":284517,"date":"2025-08-07T09:31:58","date_gmt":"2025-08-07T07:31:58","guid":{"rendered":"https:\/\/www.huntersfriend.eu\/product\/dex-fingerlight-kombipack\/"},"modified":"2026-03-26T13:45:47","modified_gmt":"2026-03-26T11:45:47","slug":"dex-fingerlight-kombipack","status":"publish","type":"product","link":"https:\/\/www.huntersfriend.eu\/de\/produkt\/dex-fingerlight-kombipack\/","title":{"rendered":"DEX FingerLight Kombipack"},"content":{"rendered":"<p>Fingerlight und Tragetasche enthalten.<\/p>\n<p>Mit dem universell passenden DEXFLEX-Verstellring und drei Lichtmodi bietet DEX FingerLight freih\u00e4ndiges Licht f\u00fcr Jagd, Arbeit und Hobbys.<\/p>\n<p>Willkommen in der Zukunft der tragbaren Beleuchtung!<\/p>\n<p>CE-gepr\u00fcft<\/p>\n<div class=\"icon-item\">\n<h3 class=\"portfolio-item__heading text-lg font-bold mt-4\">HALTEN SIE IHR LICHT NICHT. TRAGEN SIE ES. <\/h3>\n<div class=\"portfolio-item__description text-base mt-2\">\n<p>Halten Sie beide H\u00e4nde frei, w\u00e4hrend Sie das Licht auf nat\u00fcrliche Weise genau dorthin richten, wo Sie es ben\u00f6tigen.<\/p>\n<h3 class=\"portfolio-item__heading text-lg font-bold mt-4\">SCHNELL. EINFACH. PRAKTISCH.  <\/h3>\n<div class=\"portfolio-item__description text-base mt-2\">\n<p>Liefern Sie pr\u00e4zises, kontrolliertes Licht ohne zus\u00e4tzlichen Aufwand.<\/p>\n<h3 class=\"portfolio-item__heading text-lg font-bold mt-4\">LANGLEBIGE MATERIALIEN. GEMACHT F\u00dcR ABENTEUER. <\/h3>\n<div class=\"portfolio-item__description text-base mt-2\">\n<p>Ultra kompakt, superleicht und extrem langlebig \u2013 bereit f\u00fcr die h\u00e4rtesten Umgebungen.<\/p>\n<\/div>\n<\/div>\n<\/div>\n<div>\n<h3>WIEDERAUFLADBAR<\/h3>\n<p>Bleiben Sie mit Strom versorgt, wenn Sie ihn am meisten brauchen<\/p>\n<\/div>\n<\/div>\n<div class=\"icon-item\">\n<div>\n<h3>MASSGESCHNEIDERTER RING<\/h3>\n<p>An jedem Finger in jeder Position tragbar<\/p>\n<\/div>\n<\/div>\n<div class=\"icon-item\">\n<div>\n<h3>IPX7 WASSERDICHT<\/h3>\n<p>Gebaut f\u00fcr die h\u00e4rtesten Umgebungen<\/p>\n<\/div>\n<\/div>\n<div class=\"icon-item\">\n<div>\n<h3>MODUS-SPEICHER<\/h3>\n<p>Ein- und Ausschalten aus jedem Modus, ohne die anderen zu durchlaufen<\/p>\n<\/div>\n<\/div>\n","protected":false},"excerpt":{"rendered":"<p>Fingerlight und Tragetasche enthalten. Mit dem universell passenden DEXFLEX-Verstellring und drei Lichtmodi bietet DEX FingerLight freih\u00e4ndiges Licht f\u00fcr Jagd, Arbeit und Hobbys. Willkommen in der Zukunft der tragbaren Beleuchtung! CE-gepr\u00fcft HALTEN SIE IHR LICHT NICHT. TRAGEN SIE ES. Halten Sie beide H\u00e4nde frei, w\u00e4hrend Sie das Licht auf nat\u00fcrliche Weise genau dorthin richten, wo Sie [&#8230;]\n","protected":false},"featured_media":284372,"comment_status":"open","ping_status":"closed","template":"","meta":[],"product_brand":[],"product_cat":[2567,2765,2568,2525,2563,1497],"product_tag":[],"class_list":{"0":"post-284517","1":"product","2":"type-product","3":"status-publish","4":"has-post-thumbnail","6":"product_cat-campingtillbehor","7":"product_cat-fyndlada-slutrea","8":"product_cat-jakt-tillbehor","9":"product_cat-jaktlampor","10":"product_cat-tillbehor-for-jakt-torn-och-gomslen","11":"product_cat-camping-stoves-pans-accessories","13":"first","14":"instock","15":"sale","16":"featured","17":"taxable","18":"shipping-taxable","19":"purchasable","20":"product-type-simple"},"composite_virtual":false,"composite_layout":"","composite_add_to_cart_form_location":"","composite_editable_in_cart":false,"composite_sold_individually_context":"","composite_shop_price_calc":"","composite_components":[],"composite_scenarios":[],"group_of_quantity":0,"min_quantity":0,"max_quantity":"","exclude_order_quantity_value_rules":"no","exclude_category_quantity_rules":"no","combine_variations":"no","exclude_global_add_ons":[],"addons":[],"_links":{"self":[{"href":"https:\/\/www.huntersfriend.eu\/de\/wp-json\/wp\/v2\/product\/284517","targetHints":{"allow":["GET"]}}],"collection":[{"href":"https:\/\/www.huntersfriend.eu\/de\/wp-json\/wp\/v2\/product"}],"about":[{"href":"https:\/\/www.huntersfriend.eu\/de\/wp-json\/wp\/v2\/types\/product"}],"replies":[{"embeddable":true,"href":"https:\/\/www.huntersfriend.eu\/de\/wp-json\/wp\/v2\/comments?post=284517"}],"wp:featuredmedia":[{"embeddable":true,"href":"https:\/\/www.huntersfriend.eu\/de\/wp-json\/wp\/v2\/media\/284372"}],"wp:attachment":[{"href":"https:\/\/www.huntersfriend.eu\/de\/wp-json\/wp\/v2\/media?parent=284517"}],"wp:term":[{"taxonomy":"product_brand","embeddable":true,"href":"https:\/\/www.huntersfriend.eu\/de\/wp-json\/wp\/v2\/product_brand?post=284517"},{"taxonomy":"product_cat","embeddable":true,"href":"https:\/\/www.huntersfriend.eu\/de\/wp-json\/wp\/v2\/product_cat?post=284517"},{"taxonomy":"product_tag","embeddable":true,"href":"https:\/\/www.huntersfriend.eu\/de\/wp-json\/wp\/v2\/product_tag?post=284517"}],"curies":[{"name":"wp","href":"https:\/\/api.w.org\/{rel}","templated":true}]}}