{"id":284513,"date":"2025-08-07T12:39:58","date_gmt":"2025-08-07T10:39:58","guid":{"rendered":"https:\/\/www.huntersfriend.eu\/product\/alpen-bergsteigen-eclipse-tisch\/"},"modified":"2025-08-09T05:42:40","modified_gmt":"2025-08-09T03:42:40","slug":"alpen-bergsteigen-eclipse-tisch","status":"publish","type":"product","link":"https:\/\/www.huntersfriend.eu\/de\/produkt\/alpen-bergsteigen-eclipse-tisch\/","title":{"rendered":"Alpen Bergsteigen Eclipse Tisch"},"content":{"rendered":"<p>Wenn Sie einen Tisch suchen, der schnell und einfach aufzubauen ist, Platz f\u00fcr Ihre Getr\u00e4nke und Spiele bietet und leicht ist, dann ist der Eclipse Table genau das Richtige f\u00fcr Sie. Sie schnallen einfach die Gurte an jeder Ecke fest und passen sie so an, dass die von Ihnen bevorzugte Straffheit erreicht wird. Da es zwei Ebenen gibt, verf\u00fcgt die untere Ebene \u00fcber 4 eingebaute Getr\u00e4nkehalter, sodass Sie sich keine Sorgen machen m\u00fcssen, dass Ihre Getr\u00e4nke umgesto\u00dfen werden, w\u00e4hrend Sie essen oder spielen, und die obere Ebene ist flach f\u00fcr Ihre anderen Aktivit\u00e4ten. Sie m\u00fcssen sich keine Sorgen mehr machen, dass Ihre Getr\u00e4nke auf Ihre Karten versch\u00fcttet werden oder einem schnellen Spiel im Wege stehen. Wenn es Zeit ist, nach Hause zu gehen, l\u00f6sen Sie die Schnallen und schieben Sie den Tisch in die mitgelieferte Tragetasche, und Sie sind bereit f\u00fcr Ihren n\u00e4chsten Ausflug.    <\/p>\n<ul>\n<li>Zwei verschiedene Tischh\u00f6hen<\/li>\n<li>Vier eingebaute Getr\u00e4nkehalter<\/li>\n<li>Eckenschnallen erm\u00f6glichen einen schnellen Aufbau<\/li>\n<li>Schnallen erm\u00f6glichen es dem Benutzer, die Straffheit einzustellen<\/li>\n<li>Seitliche Organizer-Tasche<\/li>\n<li>600D Polyestergewebe<\/li>\n<li>Inklusive 8 \u201ex 36\u201c Schultertragetasche<\/li>\n<\/ul>\n<table>\n<tbody>\n<tr>\n<th scope=\"row\">Abmessungen<\/th>\n<td>27&#8243; L x 27&#8243; B x 26&#8243; H<\/td>\n<\/tr>\n<tr>\n<th scope=\"row\">Verpackungsgr\u00f6\u00dfe<\/th>\n<td>36.5&#8243; L x 7&#8243; B x 5&#8243; H<\/td>\n<\/tr>\n<tr>\n<th scope=\"row\">Gewicht<\/th>\n<td>7 lbs.<\/td>\n<\/tr>\n<\/tbody>\n<\/table>\n","protected":false},"excerpt":{"rendered":"<p>Wenn Sie einen Tisch suchen, der schnell und einfach aufzubauen ist, Platz f\u00fcr Ihre Getr\u00e4nke und Spiele bietet und leicht ist, dann ist der Eclipse Table genau das Richtige f\u00fcr Sie. Sie schnallen einfach die Gurte an jeder Ecke fest und passen sie so an, dass die von Ihnen bevorzugte Straffheit erreicht wird. Da es [&#8230;]\n","protected":false},"featured_media":284453,"comment_status":"open","ping_status":"closed","template":"","meta":[],"product_brand":[],"product_cat":[2050],"product_tag":[],"class_list":{"0":"post-284513","1":"product","2":"type-product","3":"status-publish","4":"has-post-thumbnail","6":"product_cat-campingzubehor","7":"product_shipping_class-medium-de","9":"first","10":"instock","11":"sale","12":"taxable","13":"shipping-taxable","14":"purchasable","15":"product-type-variable"},"composite_virtual":false,"composite_layout":"","composite_add_to_cart_form_location":"","composite_editable_in_cart":false,"composite_sold_individually_context":"","composite_shop_price_calc":"","composite_components":[],"composite_scenarios":[],"group_of_quantity":0,"min_quantity":0,"max_quantity":"","exclude_order_quantity_value_rules":"no","exclude_category_quantity_rules":"no","combine_variations":"no","exclude_global_add_ons":[],"addons":[],"_links":{"self":[{"href":"https:\/\/www.huntersfriend.eu\/de\/wp-json\/wp\/v2\/product\/284513","targetHints":{"allow":["GET"]}}],"collection":[{"href":"https:\/\/www.huntersfriend.eu\/de\/wp-json\/wp\/v2\/product"}],"about":[{"href":"https:\/\/www.huntersfriend.eu\/de\/wp-json\/wp\/v2\/types\/product"}],"replies":[{"embeddable":true,"href":"https:\/\/www.huntersfriend.eu\/de\/wp-json\/wp\/v2\/comments?post=284513"}],"wp:featuredmedia":[{"embeddable":true,"href":"https:\/\/www.huntersfriend.eu\/de\/wp-json\/wp\/v2\/media\/284453"}],"wp:attachment":[{"href":"https:\/\/www.huntersfriend.eu\/de\/wp-json\/wp\/v2\/media?parent=284513"}],"wp:term":[{"taxonomy":"product_brand","embeddable":true,"href":"https:\/\/www.huntersfriend.eu\/de\/wp-json\/wp\/v2\/product_brand?post=284513"},{"taxonomy":"product_cat","embeddable":true,"href":"https:\/\/www.huntersfriend.eu\/de\/wp-json\/wp\/v2\/product_cat?post=284513"},{"taxonomy":"product_tag","embeddable":true,"href":"https:\/\/www.huntersfriend.eu\/de\/wp-json\/wp\/v2\/product_tag?post=284513"}],"curies":[{"name":"wp","href":"https:\/\/api.w.org\/{rel}","templated":true}]}}